{"id":9960,"date":"2023-04-29T09:30:19","date_gmt":"2023-04-29T06:30:19","guid":{"rendered":"https:\/\/www.valtekno.fi\/kauppa\/?post_type=product&#038;p=9960"},"modified":"2025-06-01T00:01:15","modified_gmt":"2025-05-31T21:01:15","slug":"invertteri-svt-2000-w-12-v-230-v-siniaalto-ups","status":"publish","type":"product","link":"https:\/\/www.valtekno.fi\/kauppa\/tuote\/invertteri-svt-2000-w-12-v-230-v-siniaalto-ups\/","title":{"rendered":"Invertteri  SVT 2000 W, 12 V -&gt; 230 V, siniaalto, UPS-toiminto"},"content":{"rendered":"<p>T\u00e4ss\u00e4 tuotteessa on oikeastaan samoissa kuorissa kaksi laitetta: laadukas 2000 W siniaaltoinvertteri ja priorioteettikytkin, jota my\u00f6s UPS-toiminnoksi voidaan kutsua. Invertteriin voidaan liitt\u00e4\u00e4 230 V -verkkos\u00e4hk\u00f6 ja prioriteettikytkimen avulla voidaan m\u00e4\u00e4r\u00e4t\u00e4, sy\u00f6tet\u00e4\u00e4nk\u00f6 pistorasioille invertterin tuottamaa s\u00e4hk\u00f6\u00e4 vai verkkos\u00e4hk\u00f6\u00e4.<\/p>\n<p>Laitteen virtakytkimess\u00e4 on kolme asentoa ja sill\u00e4 voidaan ohjata toimintaa seuraavasti:<\/p>\n<ul>\n<li><strong>OFF -asento:<\/strong> invertteri ei ole toiminnassa, mutta jos verkkos\u00e4hk\u00f6 on kytkettyn\u00e4, se sy\u00f6tet\u00e4\u00e4n pistorasioille<\/li>\n<li><strong>UPS -asento:<\/strong> invertteri on p\u00e4\u00e4ll\u00e4, mutta ensisijaisesti k\u00e4ytet\u00e4\u00e4n verkkos\u00e4hk\u00f6\u00e4. Mik\u00e4li verkkos\u00e4hk\u00f6 jostain syyst\u00e4 katkeaa, laite siirtyy v\u00e4litt\u00f6m\u00e4sti sy\u00f6tt\u00e4m\u00e4\u00e4n pistorasioihin invertterin tuottamaa s\u00e4hk\u00f6\u00e4. Tyypillinen k\u00e4ytt\u00f6tapa matkailuautoissa ja -vaunuissa, eli verkkos\u00e4hk\u00f6n ollessa saatavilla k\u00e4ytet\u00e4\u00e4n sit\u00e4 ja muuten ollaan invertterin ja akun varassa.<\/li>\n<li><strong>ECO -asento:<\/strong> invertteri on p\u00e4\u00e4ll\u00e4 ja sen tuottama s\u00e4hk\u00f6 sy\u00f6tet\u00e4\u00e4n pistorasioille. Mik\u00e4li invertterin akusto tyhjenee tai invertteri muuten lopettaa toimintansa, niin siirryt\u00e4\u00e4n k\u00e4ytt\u00e4m\u00e4\u00e4n verkkos\u00e4hk\u00f6\u00e4. T\u00e4t\u00e4 toimintoa k\u00e4ytet\u00e4\u00e4n kun halutaan kuluttaa ensisijaisesti esim. aurinkopaneelij\u00e4rjestelm\u00e4n ja akuston tuottamaa s\u00e4hk\u00f6\u00e4 ja v\u00e4ltt\u00e4\u00e4 verkkos\u00e4hk\u00f6n k\u00e4ytt\u00f6\u00e4.<\/li>\n<\/ul>\n<p>Prioriteettikytkin vaihtaa s\u00e4hk\u00f6l\u00e4hdett\u00e4 nopeasti ja kokeilujemme mukaan esim. tietokone ja televisio eiv\u00e4t h\u00e4iriinny vaihdoksesta mitenk\u00e4\u00e4n.<\/p>\n<p>Invertterin maksimiteho on 2000 W ja t\u00e4m\u00e4 on my\u00f6s verkkovirtak\u00e4yt\u00f6n maksimiteho (sulake 9 A).<\/p>\n<p>T\u00e4m\u00e4 invertteri tuottaa varsin hyv\u00e4laatuista ja puhdasta siniaalto-j\u00e4nnitett\u00e4. T\u00e4ll\u00e4 toimii kaikki alle 2000 W tehon vaativat laitteet.<\/p>\n<p>Usb-latausliit\u00e4nt\u00e4 esim. puhelimen lataukseen.<\/p>\n<p>Lis\u00e4varusteena saatavissa esim. matkailuauton ohjauspaneeliin upotettava kauko-ohjain n. 5 metrin v\u00e4lijohdolla.<\/p>\n<p>T\u00e4ss\u00e4 video tuotteesta:<\/p>\n<p><span class=\"embed-youtube\" style=\"text-align:center; display: block;\"><iframe loading=\"lazy\" class=\"youtube-player\" width=\"980\" height=\"552\" src=\"https:\/\/www.youtube.com\/embed\/K9fbHpbwUXs?version=3&#038;rel=1&#038;showsearch=0&#038;showinfo=1&#038;iv_load_policy=1&#038;fs=1&#038;hl=fi&#038;autohide=2&#038;wmode=transparent\" allowfullscreen=\"true\" style=\"border:0;\" sandbox=\"allow-scripts allow-same-origin allow-popups allow-presentation allow-popups-to-escape-sandbox\"><\/iframe><\/span><\/p>\n<p>Laitteen mukana toimitetaan n. 70 cm pituiset akkujohdot ilman sulaketta. N\u00e4m\u00e4 johdot t\u00e4ytt\u00e4v\u00e4t minimivaatimukset, mutta kiinteisiin asennuksiin suosittelemme mittatilauksena teht\u00e4vi\u00e4 johtoja (t\u00e4lle invertterille sulake 250 A, \u00f88 mm rengasliitin):<\/p>\n<blockquote class=\"wp-embedded-content\" data-secret=\"VAAWwhzvAz\"><p><a href=\"https:\/\/www.valtekno.fi\/kauppa\/tuote\/invertterin-johto-punainen-plus-johdin-2\/\">Invertterin johto 35 mm\u00b2, punainen (plus-johto)<\/a><\/p><\/blockquote>\n<p><iframe loading=\"lazy\" class=\"wp-embedded-content\" sandbox=\"allow-scripts\" security=\"restricted\" style=\"position: absolute; visibility: hidden;\" title=\"&#8221;Invertterin johto 35 mm\u00b2, punainen (plus-johto)&#8221; &#8212; Valtekno Oy - Verkkokauppa\" src=\"https:\/\/www.valtekno.fi\/kauppa\/tuote\/invertterin-johto-punainen-plus-johdin-2\/embed\/#?secret=TMkdYLwixJ#?secret=VAAWwhzvAz\" data-secret=\"VAAWwhzvAz\" width=\"600\" height=\"338\" frameborder=\"0\" marginwidth=\"0\" marginheight=\"0\" scrolling=\"no\"><\/iframe><\/p>\n<blockquote class=\"wp-embedded-content\" data-secret=\"cCN55wUHN1\"><p><a href=\"https:\/\/www.valtekno.fi\/kauppa\/tuote\/invertterin-johto-musta-miinus-johdin\/\">Invertterin johto 35 mm\u00b2, musta (miinus-johto)<\/a><\/p><\/blockquote>\n<p><iframe loading=\"lazy\" class=\"wp-embedded-content\" sandbox=\"allow-scripts\" security=\"restricted\" style=\"position: absolute; visibility: hidden;\" title=\"&#8221;Invertterin johto 35 mm\u00b2, musta (miinus-johto)&#8221; &#8212; Valtekno Oy - Verkkokauppa\" src=\"https:\/\/www.valtekno.fi\/kauppa\/tuote\/invertterin-johto-musta-miinus-johdin\/embed\/#?secret=fAmJqbIK9c#?secret=cCN55wUHN1\" data-secret=\"cCN55wUHN1\" width=\"600\" height=\"338\" frameborder=\"0\" marginwidth=\"0\" marginheight=\"0\" scrolling=\"no\"><\/iframe><\/p>\n","protected":false},"excerpt":{"rendered":"<p>T\u00e4ss\u00e4 tuotteessa on oikeastaan samoissa kuorissa kaksi laitetta: laadukas 2000 W siniaaltoinvertteri ja priorioteettikytkin, jota my\u00f6s UPS-toiminnoksi voidaan kutsua. Invertteriin voidaan liitt\u00e4\u00e4 230 V -verkkos\u00e4hk\u00f6 ja prioriteettikytkimen avulla voidaan m\u00e4\u00e4r\u00e4t\u00e4, sy\u00f6tet\u00e4\u00e4nk\u00f6 pistorasioille invertterin tuottamaa s\u00e4hk\u00f6\u00e4 vai verkkos\u00e4hk\u00f6\u00e4. Laitteen virtakytkimess\u00e4 on kolme asentoa ja sill\u00e4 voidaan ohjata toimintaa seuraavasti: OFF -asento: invertteri ei ole toiminnassa, mutta [&hellip;]<\/p>\n","protected":false},"featured_media":9956,"template":"","meta":{"jetpack_post_was_ever_published":false,"jetpack_publicize_message":"","jetpack_publicize_feature_enabled":true,"jetpack_social_post_already_shared":true,"jetpack_social_options":{"image_generator_settings":{"template":"highway","default_image_id":0,"font":"","enabled":false},"version":2}},"product_brand":[],"product_cat":[204],"product_tag":[65,102,103,61,100,101,69,62,92,304],"class_list":{"0":"post-9960","1":"product","2":"type-product","3":"status-publish","4":"has-post-thumbnail","6":"product_cat-invertterit-invertterit","7":"product_tag-2000-w","8":"product_tag-asuntoautoon","9":"product_tag-asuntovaunuun","10":"product_tag-invertteri","11":"product_tag-matkailuautoon","12":"product_tag-matkailuvaunuun","13":"product_tag-prioriteettikytkin","14":"product_tag-siniaalto","15":"product_tag-ups","16":"product_tag-verkonvaihto","18":"first","19":"outofstock","20":"taxable","21":"shipping-taxable","22":"purchasable","23":"product-type-simple"},"jetpack_publicize_connections":[],"jetpack_sharing_enabled":true,"_links":{"self":[{"href":"https:\/\/www.valtekno.fi\/kauppa\/wp-json\/wp\/v2\/product\/9960","targetHints":{"allow":["GET"]}}],"collection":[{"href":"https:\/\/www.valtekno.fi\/kauppa\/wp-json\/wp\/v2\/product"}],"about":[{"href":"https:\/\/www.valtekno.fi\/kauppa\/wp-json\/wp\/v2\/types\/product"}],"wp:featuredmedia":[{"embeddable":true,"href":"https:\/\/www.valtekno.fi\/kauppa\/wp-json\/wp\/v2\/media\/9956"}],"wp:attachment":[{"href":"https:\/\/www.valtekno.fi\/kauppa\/wp-json\/wp\/v2\/media?parent=9960"}],"wp:term":[{"taxonomy":"product_brand","embeddable":true,"href":"https:\/\/www.valtekno.fi\/kauppa\/wp-json\/wp\/v2\/product_brand?post=9960"},{"taxonomy":"product_cat","embeddable":true,"href":"https:\/\/www.valtekno.fi\/kauppa\/wp-json\/wp\/v2\/product_cat?post=9960"},{"taxonomy":"product_tag","embeddable":true,"href":"https:\/\/www.valtekno.fi\/kauppa\/wp-json\/wp\/v2\/product_tag?post=9960"}],"curies":[{"name":"wp","href":"https:\/\/api.w.org\/{rel}","templated":true}]}}