{"id":9631,"date":"2023-04-06T20:59:46","date_gmt":"2023-04-06T17:59:46","guid":{"rendered":"https:\/\/www.valtekno.fi\/kauppa\/?post_type=product&#038;p=9631"},"modified":"2025-05-06T10:43:11","modified_gmt":"2025-05-06T07:43:11","slug":"aurinkopaneelipaketti-320-w","status":"publish","type":"product","link":"https:\/\/www.valtekno.fi\/kauppa\/tuote\/aurinkopaneelipaketti-320-w\/","title":{"rendered":"Aurinko&shy;paneeli&shy;paketti 320 W"},"content":{"rendered":"<p>Suurempaankin tehontarpeeseen hyvin sopiva paketti, joka on sopii esim.m\u00f6kkik\u00e4ytt\u00f6\u00f6n tai asennettavaksi matkailuauton tai -vaunun katolle, mik\u00e4li paneeli sinne mahtuu. Riitt\u00e4\u00e4 kes\u00e4aikana hyvin normaalin k\u00e4yt\u00f6n lis\u00e4ksi esim. invertterin avulla kahvin keiton ja mikroaaltouunin k\u00e4ytt\u00f6\u00f6n. Latauss\u00e4\u00e4timen\u00e4 paketissa on Epever-merkkinen juuri matkailuautok\u00e4ytt\u00f6\u00f6n tarkoitettu MPPT-latauss\u00e4\u00e4din. Varma valinta: hyv\u00e4 hy\u00f6tysuhde, toisen akun latausmahdollisuus ja hyv\u00e4t lis\u00e4varusteet (esim. n\u00e4ytt\u00f6paneeli, Bluetooth\u2122\ufe0f-yhteys).<\/p>\n<p><strong>Paneelien kiinnitys:<\/strong> Paneeli kiinnitet\u00e4\u00e4n nurkka- ja sivukiinnikkeill\u00e4. Kiinnikkeet liimataan kattoon kiinni paketin mukana tulevalla liimalla ja ohjeiden mukaisesti. Hintaan sis\u00e4ltyy my\u00f6s kiinnitysruuvit, joilla paneeli kiinnitet\u00e4\u00e4n kiinnikkeisiin.<\/p>\n<p><strong>Aurinkopaneelin asennustarvikesarja:<\/strong> Yhdell\u00e4 liimapatruunalla pystyy liimaamaan 2-3 paneelia. Lis\u00e4ksi mukana liimauspintojen puhdistukseen ja hiontaan tarvittavat v\u00e4lineet. Saatavilla my\u00f6s pelkk\u00e4 liimapatruuna.<\/p>\n<p><strong>Aurinkopaneelijohdot:<\/strong> Pakettiin kuuluu 6 mm\u00b2 -aurinkopaneelijohdot, joiden pituuden voit valita. Johdoissa on valmiiksi kiinnitettyin\u00e4 MC4-liittimet.<\/p>\n<p><strong>Johdot latauss\u00e4\u00e4timelt\u00e4 akkuun:<\/strong> Latauss\u00e4\u00e4din voidaan kytket\u00e4\u00e4n akkuun johdoilla ja plus-johdossa on sulake (30 A)<\/p>\n","protected":false},"excerpt":{"rendered":"<p>Suurempaankin tehontarpeeseen hyvin sopiva paketti, joka on sopii esim.m\u00f6kkik\u00e4ytt\u00f6\u00f6n tai asennettavaksi matkailuauton tai -vaunun katolle, mik\u00e4li paneeli sinne mahtuu. Riitt\u00e4\u00e4 kes\u00e4aikana hyvin normaalin k\u00e4yt\u00f6n lis\u00e4ksi esim. invertterin avulla kahvin keiton ja mikroaaltouunin k\u00e4ytt\u00f6\u00f6n. Latauss\u00e4\u00e4timen\u00e4 paketissa on Epever-merkkinen juuri matkailuautok\u00e4ytt\u00f6\u00f6n tarkoitettu MPPT-latauss\u00e4\u00e4din. Varma valinta: hyv\u00e4 hy\u00f6tysuhde, toisen akun latausmahdollisuus ja hyv\u00e4t lis\u00e4varusteet (esim. n\u00e4ytt\u00f6paneeli, Bluetooth\u2122\ufe0f-yhteys). Paneelien [&hellip;]<\/p>\n","protected":false},"featured_media":9630,"template":"","meta":{"jetpack_post_was_ever_published":false,"jetpack_publicize_message":"","jetpack_publicize_feature_enabled":true,"jetpack_social_post_already_shared":true,"jetpack_social_options":{"image_generator_settings":{"template":"highway","default_image_id":0,"font":"","enabled":false},"version":2}},"product_brand":[],"product_cat":[203],"product_tag":[301,302,233,23,24,303,52],"class_list":{"0":"post-9631","1":"product","2":"type-product","3":"status-publish","4":"has-post-thumbnail","6":"product_cat-paneelipaketit","7":"product_tag-320-w","8":"product_tag-320w","9":"product_tag-duo","10":"product_tag-lataussaadin","11":"product_tag-mppt","12":"product_tag-paneelipaketti-epever","13":"product_tag-saadin","14":"product_shipping_class-matkahuolto-suuri","16":"first","17":"outofstock","18":"taxable","19":"shipping-taxable","20":"purchasable","21":"product-type-simple"},"bundled_by":[],"bundle_stock_status":"outofstock","bundle_stock_quantity":0,"bundle_virtual":false,"bundle_layout":"","bundle_add_to_cart_form_location":"","bundle_editable_in_cart":false,"bundle_sold_individually_context":"","bundle_item_grouping":"","bundle_min_size":"","bundle_max_size":"","bundle_price":[],"bundled_items":[],"bundle_sell_ids":[],"jetpack_publicize_connections":[],"jetpack_sharing_enabled":true,"_links":{"self":[{"href":"https:\/\/www.valtekno.fi\/kauppa\/wp-json\/wp\/v2\/product\/9631","targetHints":{"allow":["GET"]}}],"collection":[{"href":"https:\/\/www.valtekno.fi\/kauppa\/wp-json\/wp\/v2\/product"}],"about":[{"href":"https:\/\/www.valtekno.fi\/kauppa\/wp-json\/wp\/v2\/types\/product"}],"wp:featuredmedia":[{"embeddable":true,"href":"https:\/\/www.valtekno.fi\/kauppa\/wp-json\/wp\/v2\/media\/9630"}],"wp:attachment":[{"href":"https:\/\/www.valtekno.fi\/kauppa\/wp-json\/wp\/v2\/media?parent=9631"}],"wp:term":[{"taxonomy":"product_brand","embeddable":true,"href":"https:\/\/www.valtekno.fi\/kauppa\/wp-json\/wp\/v2\/product_brand?post=9631"},{"taxonomy":"product_cat","embeddable":true,"href":"https:\/\/www.valtekno.fi\/kauppa\/wp-json\/wp\/v2\/product_cat?post=9631"},{"taxonomy":"product_tag","embeddable":true,"href":"https:\/\/www.valtekno.fi\/kauppa\/wp-json\/wp\/v2\/product_tag?post=9631"}],"curies":[{"name":"wp","href":"https:\/\/api.w.org\/{rel}","templated":true}]}}