{"id":9574,"date":"2023-03-31T08:23:06","date_gmt":"2023-03-31T05:23:06","guid":{"rendered":"https:\/\/www.valtekno.fi\/kauppa\/?post_type=product&#038;p=9574"},"modified":"2025-05-06T10:43:11","modified_gmt":"2025-05-06T07:43:11","slug":"aurinkopaneelipaketti-100-w-2","status":"publish","type":"product","link":"https:\/\/www.valtekno.fi\/kauppa\/tuote\/aurinkopaneelipaketti-100-w-2\/","title":{"rendered":"Aurinko&shy;paneeli&shy;paketti 100 W"},"content":{"rendered":"<p>Pieneen tehontarpeeseen hyvin sopiva paketti, joka on tarkoitettu asennettavaksi matkailuauton tai -vaunun katolle. T\u00e4ll\u00e4 pienell\u00e4 paketilla p\u00e4rj\u00e4\u00e4 kes\u00e4aikana hyvin, kun kulutus on v\u00e4h\u00e4inen: valaistus, tv:n katselu ja laitteiden lataus jne. Latauss\u00e4\u00e4timen\u00e4 paketissa on Epever-merkkinen juuri matkailuautok\u00e4ytt\u00f6\u00f6n tarkoitettu MPPT-latauss\u00e4\u00e4din. Varma valinta: hyv\u00e4 hy\u00f6tysuhde, toisen akun latausmahdollisuus ja hyv\u00e4t lis\u00e4varusteet (esim. n\u00e4ytt\u00f6paneeli, Bluetooth\u2122\ufe0f-yhteys). Ja 30 A kapasiteetti antaa mahdollisuuden lis\u00e4t\u00e4 tarvittaessa paneeleita katolle ilman tarvetta p\u00e4ivitt\u00e4\u00e4 s\u00e4\u00e4dint\u00e4.<\/p>\n<p><strong>Paneelien kiinnitys:<\/strong> Paneeli voidaan kiinnitt\u00e4\u00e4 joko ns. spoilerikiinnikkeill\u00e4 tai nurkkakiinnikkeill\u00e4. Valitse kumman kiinniketyypin haluat. Molemmat kiinniketyypit liimataan kattoon kiinni paketin mukana tulevalla liimalla ja ohjeiden mukaisesti. Hintaan sis\u00e4ltyy my\u00f6s kiinnitysruuvit, joilla paneeli kiinnitet\u00e4\u00e4n kiinnikkeisiin.<\/p>\n<p><strong>Aurinkopaneelin asennustarvikesarja:<\/strong> Yhdell\u00e4 liimapatruunalla pystyy liimaamaan 2-3 paneelia. Lis\u00e4ksi mukana liimauspintojen puhdistukseen ja hiontaan tarvittavat v\u00e4lineet. Saatavilla my\u00f6s pelkk\u00e4 liimapatruuna.<\/p>\n<p><strong>Aurinkopaneelijohdot:<\/strong> Pakettiin kuuluu 4 mm\u00b2 -aurinkopaneelijohdot, joiden pituuden voit valita. Johdoissa on valmiiksi kiinnitettyin\u00e4 MC4-liittimet.<\/p>\n<p><strong>Johdot latauss\u00e4\u00e4timelt\u00e4 akkuun\/EBL-keskukseen:<\/strong> Latauss\u00e4\u00e4din voidaan kytke\u00e4 joko suoraan akkuun tai EBL-keskukseen. Yleisimmiss\u00e4 EBL-keskuksissa on 3-napainen &#8221;solar&#8221;-liitin. Yleens\u00e4 k\u00e4ytet\u00e4\u00e4n liittimen kahta napaa: maa(-) ja hupiakun lataus(+). Joissakin EBL-malleissa on mahdollisuus ladata lis\u00e4ksi starttiakkua kolmannen navan kautta. Ennen t\u00e4m\u00e4n kytkemist\u00e4 tulee tarkastaa, ett\u00e4 ko. EBL-laite tukee t\u00e4t\u00e4 toimintoa. On my\u00f6s huomioitava, ett\u00e4 EBL:n &#8221;solar&#8221;-piiriss\u00e4 on yleens\u00e4 15 tai 20 A sulake, joten max. latausvirta ei saa ylitt\u00e4\u00e4 sulakkeen kestoa (paneelin teho yli 180 W).<\/p>\n","protected":false},"excerpt":{"rendered":"<p>Pieneen tehontarpeeseen hyvin sopiva paketti, joka on tarkoitettu asennettavaksi matkailuauton tai -vaunun katolle. T\u00e4ll\u00e4 pienell\u00e4 paketilla p\u00e4rj\u00e4\u00e4 kes\u00e4aikana hyvin, kun kulutus on v\u00e4h\u00e4inen: valaistus, tv:n katselu ja laitteiden lataus jne. Latauss\u00e4\u00e4timen\u00e4 paketissa on Epever-merkkinen juuri matkailuautok\u00e4ytt\u00f6\u00f6n tarkoitettu MPPT-latauss\u00e4\u00e4din. Varma valinta: hyv\u00e4 hy\u00f6tysuhde, toisen akun latausmahdollisuus ja hyv\u00e4t lis\u00e4varusteet (esim. n\u00e4ytt\u00f6paneeli, Bluetooth\u2122\ufe0f-yhteys). Ja 30 A kapasiteetti [&hellip;]<\/p>\n","protected":false},"featured_media":9590,"template":"","meta":{"jetpack_post_was_ever_published":false,"jetpack_publicize_message":"","jetpack_publicize_feature_enabled":true,"jetpack_social_post_already_shared":true,"jetpack_social_options":{"image_generator_settings":{"template":"highway","default_image_id":0,"font":"","enabled":false},"version":2}},"product_brand":[],"product_cat":[203],"product_tag":[233,23,24,52],"class_list":{"0":"post-9574","1":"product","2":"type-product","3":"status-publish","4":"has-post-thumbnail","6":"product_cat-paneelipaketit","7":"product_tag-duo","8":"product_tag-lataussaadin","9":"product_tag-mppt","10":"product_tag-saadin","11":"product_shipping_class-matkahuolto-suuri","13":"first","14":"outofstock","15":"taxable","16":"shipping-taxable","17":"purchasable","18":"product-type-simple"},"bundled_by":[],"bundle_stock_status":"outofstock","bundle_stock_quantity":0,"bundle_virtual":false,"bundle_layout":"","bundle_add_to_cart_form_location":"","bundle_editable_in_cart":false,"bundle_sold_individually_context":"","bundle_item_grouping":"","bundle_min_size":"","bundle_max_size":"","bundle_price":[],"bundled_items":[],"bundle_sell_ids":[],"jetpack_publicize_connections":[],"jetpack_sharing_enabled":true,"_links":{"self":[{"href":"https:\/\/www.valtekno.fi\/kauppa\/wp-json\/wp\/v2\/product\/9574","targetHints":{"allow":["GET"]}}],"collection":[{"href":"https:\/\/www.valtekno.fi\/kauppa\/wp-json\/wp\/v2\/product"}],"about":[{"href":"https:\/\/www.valtekno.fi\/kauppa\/wp-json\/wp\/v2\/types\/product"}],"wp:featuredmedia":[{"embeddable":true,"href":"https:\/\/www.valtekno.fi\/kauppa\/wp-json\/wp\/v2\/media\/9590"}],"wp:attachment":[{"href":"https:\/\/www.valtekno.fi\/kauppa\/wp-json\/wp\/v2\/media?parent=9574"}],"wp:term":[{"taxonomy":"product_brand","embeddable":true,"href":"https:\/\/www.valtekno.fi\/kauppa\/wp-json\/wp\/v2\/product_brand?post=9574"},{"taxonomy":"product_cat","embeddable":true,"href":"https:\/\/www.valtekno.fi\/kauppa\/wp-json\/wp\/v2\/product_cat?post=9574"},{"taxonomy":"product_tag","embeddable":true,"href":"https:\/\/www.valtekno.fi\/kauppa\/wp-json\/wp\/v2\/product_tag?post=9574"}],"curies":[{"name":"wp","href":"https:\/\/api.w.org\/{rel}","templated":true}]}}