{"id":9530,"date":"2023-03-28T13:28:01","date_gmt":"2023-03-28T10:28:01","guid":{"rendered":"https:\/\/www.valtekno.fi\/kauppa\/?post_type=product&#038;p=9530"},"modified":"2025-06-26T17:10:29","modified_gmt":"2025-06-26T14:10:29","slug":"lampotila-duoracer","status":"publish","type":"product","link":"https:\/\/www.valtekno.fi\/kauppa\/tuote\/lampotila-duoracer\/","title":{"rendered":"L\u00e4mp\u00f6tila-anturi DuoRacer-latauss\u00e4\u00e4timiin"},"content":{"rendered":"<p>T\u00e4m\u00e4\u00a0 akun l\u00e4mp\u00f6tila-anturi soveltuu t\u00e4h\u00e4n esim. t\u00e4h\u00e4n Epever DuoRacer -latauss\u00e4\u00e4timeen:<\/p>\n<blockquote class=\"wp-embedded-content\" data-secret=\"yFCLsw8bp4\"><p><a href=\"https:\/\/www.valtekno.fi\/kauppa\/tuote\/lataussaadin-epever-duoracer-mppt-30-a-12-24-v-akuille\/\">Latauss\u00e4\u00e4din,  Epever DuoRacer MPPT, 30 A, 12\/24 V akuille<\/a><\/p><\/blockquote>\n<p><iframe loading=\"lazy\" class=\"wp-embedded-content\" sandbox=\"allow-scripts\" security=\"restricted\" style=\"position: absolute; clip: rect(1px, 1px, 1px, 1px);\" title=\"&#8221;Latauss\u00e4\u00e4din,  Epever DuoRacer MPPT, 30 A, 12\/24 V akuille&#8221; &#8212; Valtekno Oy - Verkkokauppa\" src=\"https:\/\/www.valtekno.fi\/kauppa\/tuote\/lataussaadin-epever-duoracer-mppt-30-a-12-24-v-akuille\/embed\/#?secret=8hItPnIiMb#?secret=yFCLsw8bp4\" data-secret=\"yFCLsw8bp4\" width=\"600\" height=\"338\" frameborder=\"0\" marginwidth=\"0\" marginheight=\"0\" scrolling=\"no\"><\/iframe><\/p>\n<p>K\u00e4ytet\u00e4\u00e4n silloin, kun latauss\u00e4\u00e4din ja ladattava akku ovat eri tilassa niin, ett\u00e4 niiden l\u00e4mp\u00f6tilat eiv\u00e4t vastaa toisiaan. Anturin avulla s\u00e4\u00e4din saa tarkan tiedon akun l\u00e4mp\u00f6tilasta ja osaa sen mukaisesti s\u00e4\u00e4t\u00e4\u00e4 latausprosessia. Johdon pituus n. 3 m.<\/p>\n","protected":false},"excerpt":{"rendered":"<p>T\u00e4m\u00e4\u00a0 akun l\u00e4mp\u00f6tila-anturi soveltuu t\u00e4h\u00e4n esim. t\u00e4h\u00e4n Epever DuoRacer -latauss\u00e4\u00e4timeen: Latauss\u00e4\u00e4din, Epever DuoRacer MPPT, 30 A, 12\/24 V akuille K\u00e4ytet\u00e4\u00e4n silloin, kun latauss\u00e4\u00e4din ja ladattava akku ovat eri tilassa niin, ett\u00e4 niiden l\u00e4mp\u00f6tilat eiv\u00e4t vastaa toisiaan. Anturin avulla s\u00e4\u00e4din saa tarkan tiedon akun l\u00e4mp\u00f6tilasta ja osaa sen mukaisesti s\u00e4\u00e4t\u00e4\u00e4 latausprosessia. Johdon pituus n. 3 m.<\/p>\n","protected":false},"featured_media":9532,"template":"","meta":{"jetpack_post_was_ever_published":false,"jetpack_publicize_message":"","jetpack_publicize_feature_enabled":true,"jetpack_social_post_already_shared":true,"jetpack_social_options":{"image_generator_settings":{"template":"highway","default_image_id":0,"font":"","enabled":false},"version":2}},"product_brand":[],"product_cat":[32],"product_tag":[299,300,298,102,103,42,293,292,236,100,101,24,297,104,105],"class_list":{"0":"post-9530","1":"product","2":"type-product","3":"status-publish","4":"has-post-thumbnail","6":"product_cat-lisavarusteet","7":"product_tag-akku","8":"product_tag-akun","9":"product_tag-anturi","10":"product_tag-asuntoautoon","11":"product_tag-asuntovaunuun","12":"product_tag-aurinkopaneeli","13":"product_tag-duoracer","14":"product_tag-epever","15":"product_tag-lampotila-anturi","16":"product_tag-matkailuautoon","17":"product_tag-matkailuvaunuun","18":"product_tag-mppt","19":"product_tag-mt11","20":"product_tag-mokille","21":"product_tag-veneeseen","23":"first","24":"instock","25":"taxable","26":"shipping-taxable","27":"purchasable","28":"product-type-simple"},"bundled_by":["10386"],"bundle_stock_status":"instock","bundle_stock_quantity":6,"bundle_virtual":false,"bundle_layout":"","bundle_add_to_cart_form_location":"","bundle_editable_in_cart":false,"bundle_sold_individually_context":"","bundle_item_grouping":"","bundle_min_size":"","bundle_max_size":"","bundle_price":[],"bundled_items":[],"bundle_sell_ids":[9265],"jetpack_publicize_connections":[],"jetpack_sharing_enabled":true,"_links":{"self":[{"href":"https:\/\/www.valtekno.fi\/kauppa\/wp-json\/wp\/v2\/product\/9530","targetHints":{"allow":["GET"]}}],"collection":[{"href":"https:\/\/www.valtekno.fi\/kauppa\/wp-json\/wp\/v2\/product"}],"about":[{"href":"https:\/\/www.valtekno.fi\/kauppa\/wp-json\/wp\/v2\/types\/product"}],"wp:featuredmedia":[{"embeddable":true,"href":"https:\/\/www.valtekno.fi\/kauppa\/wp-json\/wp\/v2\/media\/9532"}],"wp:attachment":[{"href":"https:\/\/www.valtekno.fi\/kauppa\/wp-json\/wp\/v2\/media?parent=9530"}],"wp:term":[{"taxonomy":"product_brand","embeddable":true,"href":"https:\/\/www.valtekno.fi\/kauppa\/wp-json\/wp\/v2\/product_brand?post=9530"},{"taxonomy":"product_cat","embeddable":true,"href":"https:\/\/www.valtekno.fi\/kauppa\/wp-json\/wp\/v2\/product_cat?post=9530"},{"taxonomy":"product_tag","embeddable":true,"href":"https:\/\/www.valtekno.fi\/kauppa\/wp-json\/wp\/v2\/product_tag?post=9530"}],"curies":[{"name":"wp","href":"https:\/\/api.w.org\/{rel}","templated":true}]}}