{"id":9439,"date":"2023-03-16T10:00:57","date_gmt":"2023-03-16T08:00:57","guid":{"rendered":"https:\/\/www.valtekno.fi\/kauppa\/?post_type=product&#038;p=9439"},"modified":"2025-10-03T09:00:50","modified_gmt":"2025-10-03T06:00:50","slug":"jatkojohto-salkku-4m","status":"publish","type":"product","link":"https:\/\/www.valtekno.fi\/kauppa\/tuote\/jatkojohto-salkku-4m\/","title":{"rendered":"Jatkojohto salkkupaneeliin, pituus 4 metri\u00e4"},"content":{"rendered":"<p>T\u00e4m\u00e4 nelj\u00e4 metri\u00e4 pitk\u00e4 jatkojohto soveltuu t\u00e4h\u00e4n taitettavaan salkkumalliseen aurinkopaneeliin:<\/p>\n<blockquote class=\"wp-embedded-content\" data-secret=\"upoZPug8FD\"><p><a href=\"https:\/\/www.valtekno.fi\/kauppa\/tuote\/taitettava-aurinkopaneeli-salkku-100-w\/\">Taitettava aurinko\u00adpaneeli, salkku, 100 W, MPPT-s\u00e4\u00e4din<\/a><\/p><\/blockquote>\n<p><iframe loading=\"lazy\" class=\"wp-embedded-content\" sandbox=\"allow-scripts\" security=\"restricted\" style=\"position: absolute; clip: rect(1px, 1px, 1px, 1px);\" title=\"&#8221;Taitettava aurinko\u00adpaneeli, salkku, 100 W, MPPT-s\u00e4\u00e4din&#8221; &#8212; Valtekno Oy - Verkkokauppa\" src=\"https:\/\/www.valtekno.fi\/kauppa\/tuote\/taitettava-aurinkopaneeli-salkku-100-w\/embed\/#?secret=SyA0tOkarc#?secret=upoZPug8FD\" data-secret=\"upoZPug8FD\" width=\"600\" height=\"338\" frameborder=\"0\" marginwidth=\"0\" marginheight=\"0\" scrolling=\"no\"><\/iframe><\/p>\n<p>K\u00e4ytet\u00e4\u00e4n kun halutaan sijoittaa aurinkopaneeli kauemmaksi, kuin vakiona toimituksessa mukana tuleva nelj\u00e4n metrin johto antaa mahdollisuuden.<\/p>\n","protected":false},"excerpt":{"rendered":"<p>T\u00e4m\u00e4 nelj\u00e4 metri\u00e4 pitk\u00e4 jatkojohto soveltuu t\u00e4h\u00e4n taitettavaan salkkumalliseen aurinkopaneeliin: Taitettava aurinko\u00adpaneeli, salkku, 100 W, MPPT-s\u00e4\u00e4din K\u00e4ytet\u00e4\u00e4n kun halutaan sijoittaa aurinkopaneeli kauemmaksi, kuin vakiona toimituksessa mukana tuleva nelj\u00e4n metrin johto antaa mahdollisuuden.<\/p>\n","protected":false},"featured_media":9438,"template":"","meta":{"jetpack_post_was_ever_published":false,"jetpack_publicize_message":"","jetpack_publicize_feature_enabled":true,"jetpack_social_post_already_shared":true,"jetpack_social_options":{"image_generator_settings":{"template":"highway","default_image_id":0,"font":"","enabled":false},"version":2}},"product_brand":[],"product_cat":[264],"product_tag":[115,102,103,42,292,295,107,100,101,24,104,43,294,41,106,105],"class_list":{"0":"post-9439","1":"product","2":"type-product","3":"status-publish","4":"has-post-thumbnail","6":"product_cat-johdot-ja-liittimet","7":"product_tag-100-w","8":"product_tag-asuntoautoon","9":"product_tag-asuntovaunuun","10":"product_tag-aurinkopaneeli","11":"product_tag-epever","12":"product_tag-jatkojohto","13":"product_tag-kompakti","14":"product_tag-matkailuautoon","15":"product_tag-matkailuvaunuun","16":"product_tag-mppt","17":"product_tag-mokille","18":"product_tag-salkku","19":"product_tag-salkkumalli","20":"product_tag-taitettava","21":"product_tag-taittuva","22":"product_tag-veneeseen","24":"first","25":"instock","26":"taxable","27":"shipping-taxable","28":"purchasable","29":"product-type-simple"},"bundled_by":[],"bundle_stock_status":"instock","bundle_stock_quantity":1,"bundle_virtual":false,"bundle_layout":"","bundle_add_to_cart_form_location":"","bundle_editable_in_cart":false,"bundle_sold_individually_context":"","bundle_item_grouping":"","bundle_min_size":"","bundle_max_size":"","bundle_price":[],"bundled_items":[],"bundle_sell_ids":[9405],"jetpack_publicize_connections":[],"jetpack_sharing_enabled":true,"_links":{"self":[{"href":"https:\/\/www.valtekno.fi\/kauppa\/wp-json\/wp\/v2\/product\/9439","targetHints":{"allow":["GET"]}}],"collection":[{"href":"https:\/\/www.valtekno.fi\/kauppa\/wp-json\/wp\/v2\/product"}],"about":[{"href":"https:\/\/www.valtekno.fi\/kauppa\/wp-json\/wp\/v2\/types\/product"}],"wp:featuredmedia":[{"embeddable":true,"href":"https:\/\/www.valtekno.fi\/kauppa\/wp-json\/wp\/v2\/media\/9438"}],"wp:attachment":[{"href":"https:\/\/www.valtekno.fi\/kauppa\/wp-json\/wp\/v2\/media?parent=9439"}],"wp:term":[{"taxonomy":"product_brand","embeddable":true,"href":"https:\/\/www.valtekno.fi\/kauppa\/wp-json\/wp\/v2\/product_brand?post=9439"},{"taxonomy":"product_cat","embeddable":true,"href":"https:\/\/www.valtekno.fi\/kauppa\/wp-json\/wp\/v2\/product_cat?post=9439"},{"taxonomy":"product_tag","embeddable":true,"href":"https:\/\/www.valtekno.fi\/kauppa\/wp-json\/wp\/v2\/product_tag?post=9439"}],"curies":[{"name":"wp","href":"https:\/\/api.w.org\/{rel}","templated":true}]}}