{"id":9405,"date":"2023-03-15T14:09:46","date_gmt":"2023-03-15T12:09:46","guid":{"rendered":"https:\/\/www.valtekno.fi\/kauppa\/?post_type=product&#038;p=9405"},"modified":"2025-07-01T06:57:34","modified_gmt":"2025-07-01T03:57:34","slug":"taitettava-aurinkopaneeli-salkku-100-w","status":"publish","type":"product","link":"https:\/\/www.valtekno.fi\/kauppa\/tuote\/taitettava-aurinkopaneeli-salkku-100-w\/","title":{"rendered":"Taitettava aurinko\u00adpaneeli, salkku, 100 W, MPPT-s\u00e4\u00e4din"},"content":{"rendered":"<p>Etk\u00f6 halua asentaa matkailuautoon kiinte\u00e4\u00e4 aurinkopaneelia? No ei tarvitse jos ei halua. T\u00e4ss\u00e4 on hyv\u00e4 vaihtoehto: kevyt salkkumallinen 100 W(p) tehon tuottava paneeli, joka on vartavasten suunniteltu asennettavaksi matkailuautoon tai -vaunuun. Toki muissakin kohteissa saa t\u00e4t\u00e4 k\u00e4ytt\u00e4\u00e4.<\/p>\n<p><span class=\"embed-youtube\" style=\"text-align:center; display: block;\"><iframe loading=\"lazy\" class=\"youtube-player\" width=\"980\" height=\"552\" src=\"https:\/\/www.youtube.com\/embed\/3LVRHv9RSAo?version=3&#038;rel=1&#038;showsearch=0&#038;showinfo=1&#038;iv_load_policy=1&#038;fs=1&#038;hl=fi&#038;autohide=2&#038;wmode=transparent\" allowfullscreen=\"true\" style=\"border:0;\" sandbox=\"allow-scripts allow-same-origin allow-popups allow-presentation allow-popups-to-escape-sandbox\"><\/iframe><\/span><\/p>\n<p>T\u00e4ss\u00e4 mallissa laadukas ja hyv\u00e4n hy\u00f6tysuhteen omaava MPPT-latauss\u00e4\u00e4din (Epever Tracer BP) on ajateltu asennettavaksi esim. auton sis\u00e4lle, l\u00e4helle sit\u00e4 akkua, jota sill\u00e4 ladataan. N\u00e4in se on s\u00e4\u00e4lt\u00e4 ja vaurioilta suojassa ja ei lis\u00e4\u00e4 itse paneelin painoa. Mukana tulee johdot s\u00e4\u00e4timen kytkemiseksi akkuun (pit. 1,5 m) ja liittimell\u00e4 varustettu johto (pit. 1,5 m), jolla aurinkopaneelin saa kytketty\u00e4 s\u00e4\u00e4timeen. Tuo liitin kannattaa asentaa esim. auton ulkopuolelle, jolloin on helppo kytke\u00e4 paneelista tuleva johto (pit. 4 m + lis\u00e4varusteena jatko 4 m) siihen ja akun lataus k\u00e4ynnistyy automaattisesti. Ulos tulevat liittimet ovat vedenpit\u00e4vi\u00e4 ja akkujohdossa on valmiina sulake.<\/p>\n<p>Paneelin pintamateriaali on perinteisen lasin sijasta ETFE-muovia, jolla saavutetaan kaksi t\u00e4rke\u00e4\u00e4 etua: paneeli on kevyt (4,6 kg) ja se kest\u00e4\u00e4 pient\u00e4 taivuttelua ja kolhuja paremmin kuin lasinen versio. Kantokahvoihin sijoitetut magneetit pit\u00e4v\u00e4t salkun napakasti kiinni kannettaessa.<\/p>\n<p>Lis\u00e4varusteena l\u00f6ytyy latauss\u00e4\u00e4timeen liitett\u00e4v\u00e4 ulkoinen n\u00e4ytt\u00f6, joka voidaan asentaa hyv\u00e4lle paikalle auton sis\u00e4\u00e4n ja n\u00e4in on helppo tarkkailla esim. akun j\u00e4nnitett\u00e4 ja paneelin tuottamaa tehoa. Ulkoinen n\u00e4ytt\u00f6 tarvitaan my\u00f6s, jos halutaan muuttaa laitteen asetuksia, esim. akun tyyppi\u00e4. Oletuksena akun tyyppi on normaali ns. vapaa-ajan lyijyakku. Ilmoittele meille tilauksen yhteydess\u00e4, jos et halua n\u00e4ytt\u00f6\u00e4, mutta k\u00e4yt\u00e4t jotain muuta akkua (geeli, litium, avoin lyijyakku). Voimme t\u00e4ll\u00f6in asettaa sopivat asetukset valmiiksi.<\/p>\n<p>Erinomainen valinta silloin, kun ei haluta tehd\u00e4 kiinteit\u00e4 asennuksia. Etuna on my\u00f6s helppo suunnattavuus kohti aurinkoa ja voit pys\u00e4k\u00f6id\u00e4 auton varjoon ja tuoda paneelin auringonpaisteeseen. Monissa vastaavissa laitteissa tulee mukana edullinen PWM-s\u00e4\u00e4din, mutta t\u00e4m\u00e4n laitteen MPPT-s\u00e4\u00e4din on hy\u00f6tysuhteeltaan huomattavasti parempi.<\/p>\n<p>Sis\u00e4lt\u00e4\u00e4 kassin kantamista ja s\u00e4ilytt\u00e4mist\u00e4 varten.<\/p>\n<p>Liittimen asentamiseksi esim. matkailuautoon tarvitaan ty\u00f6kalu n. \u220520 mm rei\u00e4n tekemiseksi.<\/p>\n<p>&nbsp;<\/p>\n","protected":false},"excerpt":{"rendered":"<p>Etk\u00f6 halua asentaa matkailuautoon kiinte\u00e4\u00e4 aurinkopaneelia? No ei tarvitse jos ei halua. T\u00e4ss\u00e4 on hyv\u00e4 vaihtoehto: kevyt salkkumallinen 100 W(p) tehon tuottava paneeli, joka on vartavasten suunniteltu asennettavaksi matkailuautoon tai -vaunuun. Toki muissakin kohteissa saa t\u00e4t\u00e4 k\u00e4ytt\u00e4\u00e4. T\u00e4ss\u00e4 mallissa laadukas ja hyv\u00e4n hy\u00f6tysuhteen omaava MPPT-latauss\u00e4\u00e4din (Epever Tracer BP) on ajateltu asennettavaksi esim. auton sis\u00e4lle, l\u00e4helle [&hellip;]<\/p>\n","protected":false},"featured_media":9410,"template":"","meta":{"jetpack_post_was_ever_published":false,"jetpack_publicize_message":"","jetpack_publicize_feature_enabled":true,"jetpack_social_post_already_shared":true,"jetpack_social_options":{"image_generator_settings":{"template":"highway","default_image_id":0,"font":"","enabled":false},"version":2}},"product_brand":[],"product_cat":[30],"product_tag":[115,102,103,42,292,107,100,101,24,104,43,294,41,106,105],"class_list":{"0":"post-9405","1":"product","2":"type-product","3":"status-publish","4":"has-post-thumbnail","6":"product_cat-aurinkopaneelit","7":"product_tag-100-w","8":"product_tag-asuntoautoon","9":"product_tag-asuntovaunuun","10":"product_tag-aurinkopaneeli","11":"product_tag-epever","12":"product_tag-kompakti","13":"product_tag-matkailuautoon","14":"product_tag-matkailuvaunuun","15":"product_tag-mppt","16":"product_tag-mokille","17":"product_tag-salkku","18":"product_tag-salkkumalli","19":"product_tag-taitettava","20":"product_tag-taittuva","21":"product_tag-veneeseen","23":"first","24":"outofstock","25":"taxable","26":"shipping-taxable","27":"purchasable","28":"product-type-simple"},"jetpack_publicize_connections":[],"jetpack_sharing_enabled":true,"_links":{"self":[{"href":"https:\/\/www.valtekno.fi\/kauppa\/wp-json\/wp\/v2\/product\/9405","targetHints":{"allow":["GET"]}}],"collection":[{"href":"https:\/\/www.valtekno.fi\/kauppa\/wp-json\/wp\/v2\/product"}],"about":[{"href":"https:\/\/www.valtekno.fi\/kauppa\/wp-json\/wp\/v2\/types\/product"}],"wp:featuredmedia":[{"embeddable":true,"href":"https:\/\/www.valtekno.fi\/kauppa\/wp-json\/wp\/v2\/media\/9410"}],"wp:attachment":[{"href":"https:\/\/www.valtekno.fi\/kauppa\/wp-json\/wp\/v2\/media?parent=9405"}],"wp:term":[{"taxonomy":"product_brand","embeddable":true,"href":"https:\/\/www.valtekno.fi\/kauppa\/wp-json\/wp\/v2\/product_brand?post=9405"},{"taxonomy":"product_cat","embeddable":true,"href":"https:\/\/www.valtekno.fi\/kauppa\/wp-json\/wp\/v2\/product_cat?post=9405"},{"taxonomy":"product_tag","embeddable":true,"href":"https:\/\/www.valtekno.fi\/kauppa\/wp-json\/wp\/v2\/product_tag?post=9405"}],"curies":[{"name":"wp","href":"https:\/\/api.w.org\/{rel}","templated":true}]}}