{"id":9265,"date":"2023-02-21T06:29:25","date_gmt":"2023-02-21T04:29:25","guid":{"rendered":"https:\/\/www.valtekno.fi\/kauppa\/?post_type=product&#038;p=9265"},"modified":"2026-03-29T09:43:13","modified_gmt":"2026-03-29T06:43:13","slug":"lataussaadin-epever-duoracer-mppt-30-a-12-24-v-akuille","status":"publish","type":"product","link":"https:\/\/www.valtekno.fi\/kauppa\/tuote\/lataussaadin-epever-duoracer-mppt-30-a-12-24-v-akuille\/","title":{"rendered":"Latauss\u00e4\u00e4din,  Epever DuoRacer MPPT, 30 A, 12\/24 V akuille"},"content":{"rendered":"<p>T\u00e4m\u00e4 laadukas MPPT-s\u00e4\u00e4din on suunniteltu erityisesti matkailuautoihin. Latausliit\u00e4nn\u00e4t kahdelle akulle, eli tarjoaa mahdollisuuden ladata ns. hupiakun lis\u00e4ksi my\u00f6s auton omaa starttiakkua.<\/p>\n<p>Hupiakun lataukseen on k\u00e4yt\u00f6ss\u00e4 t\u00e4ysi kapasiteetti (30 A) ja starttiakkua ladataan max. 1 A virralla. Eli tyhj\u00e4\u00e4 starttiakkua ei t\u00e4ll\u00e4 laitteella pysty lataamaan t\u00e4yteen, mutta latausteho riitt\u00e4\u00e4 kattamaan auton elektroniikkaj\u00e4rjestelmien kulutuksen. Osa elektroniikkaj\u00e4rjestelmist\u00e4 on toiminnassa, vaikka moottori on sammuksissa ja n\u00e4in akku saattaa tyhjenty\u00e4 pitk\u00e4ss\u00e4 seisonnassa. My\u00f6s esim. radiota voidaan kuunnella akun tyhjentym\u00e4tt\u00e4.<\/p>\n<p>Kapasiteetti riitt\u00e4\u00e4 jopa 580 W \/ 12 V tai 1170 W \/ 24 V paneeliteholle. Akkutyyppi valitaan laitteen asetuksissa, jolloin saavutetaan paras mahdollinen latausprosessi. Valittavat tyypit: normaali suljettu tai avoin lyijyakku, geeli, LiFePO4 ja Li-NiCoMn.<\/p>\n<p>Laite on ns. passiivisesti j\u00e4\u00e4hdytetty (alumiininen j\u00e4\u00e4hdytysripa laitteen takana), joten siin\u00e4 ei ole \u00e4\u00e4nt\u00e4 pit\u00e4vi\u00e4 puhaltimia.<\/p>\n<p>S\u00e4\u00e4timeen saatavilla lis\u00e4varusteina:<\/p>\n<ul>\n<li>N\u00e4ytt\u00f6paneeli sijoitettavaksi auton sis\u00e4lle (MT11).<\/li>\n<li>Akun l\u00e4mp\u00f6tila-anturi 3 metrin johdolla, jolla voidaan optimoida latausprosessia akun l\u00e4mp\u00f6tilan mukaan.<\/li>\n<\/ul>\n<p>Mik\u00e4li latauss\u00e4\u00e4din kytket\u00e4\u00e4n matkailuauton EBL-s\u00e4hk\u00f6keskukseen, voidaan kytkenn\u00e4ss\u00e4 k\u00e4ytt\u00e4\u00e4 valmista johtoa:<\/p>\n<ul>\n<li>2 johdolla, ei starttiakun latausta: <a href=\"https:\/\/www.valtekno.fi\/kauppa\/tuote\/ebl-johto\/\">https:\/\/www.valtekno.fi\/kauppa\/tuote\/ebl-johto\/<\/a><\/li>\n<li>3 johdolla, starttiakun lataus: <a href=\"https:\/\/www.valtekno.fi\/kauppa\/tuote\/ebl-johto-3johtoa\/\">https:\/\/www.valtekno.fi\/kauppa\/tuote\/ebl-johto-3johtoa\/<\/a><\/li>\n<\/ul>\n<p>Kaikki EBL-keskukset eiv\u00e4t tue starttiakun latausta.<\/p>\n<p>&nbsp;<\/p>\n","protected":false},"excerpt":{"rendered":"<p>T\u00e4m\u00e4 laadukas MPPT-s\u00e4\u00e4din on suunniteltu erityisesti matkailuautoihin. Latausliit\u00e4nn\u00e4t kahdelle akulle, eli tarjoaa mahdollisuuden ladata ns. hupiakun lis\u00e4ksi my\u00f6s auton omaa starttiakkua. Hupiakun lataukseen on k\u00e4yt\u00f6ss\u00e4 t\u00e4ysi kapasiteetti (30 A) ja starttiakkua ladataan max. 1 A virralla. Eli tyhj\u00e4\u00e4 starttiakkua ei t\u00e4ll\u00e4 laitteella pysty lataamaan t\u00e4yteen, mutta latausteho riitt\u00e4\u00e4 kattamaan auton elektroniikkaj\u00e4rjestelmien kulutuksen. Osa elektroniikkaj\u00e4rjestelmist\u00e4 on [&hellip;]<\/p>\n","protected":false},"featured_media":9320,"template":"","meta":{"jetpack_post_was_ever_published":false,"jetpack_publicize_message":"","jetpack_publicize_feature_enabled":true,"jetpack_social_post_already_shared":true,"jetpack_social_options":{"image_generator_settings":{"template":"highway","default_image_id":0,"font":"","enabled":false},"version":2}},"product_brand":[],"product_cat":[22],"product_tag":[233,293,292,23,160,100,24,52],"class_list":{"0":"post-9265","1":"product","2":"type-product","3":"status-publish","4":"has-post-thumbnail","6":"product_cat-lataussaatimet","7":"product_tag-duo","8":"product_tag-duoracer","9":"product_tag-epever","10":"product_tag-lataussaadin","11":"product_tag-matkailuauto","12":"product_tag-matkailuautoon","13":"product_tag-mppt","14":"product_tag-saadin","16":"first","17":"instock","18":"sale","19":"taxable","20":"shipping-taxable","21":"purchasable","22":"product-type-simple"},"bundled_by":["9510","9574","10386","11427"],"bundle_stock_status":"instock","bundle_stock_quantity":3,"bundle_virtual":false,"bundle_layout":"","bundle_add_to_cart_form_location":"","bundle_editable_in_cart":false,"bundle_sold_individually_context":"","bundle_item_grouping":"","bundle_min_size":"","bundle_max_size":"","bundle_price":[],"bundled_items":[],"bundle_sell_ids":[9524,11054,9530],"jetpack_publicize_connections":[],"jetpack_sharing_enabled":true,"_links":{"self":[{"href":"https:\/\/www.valtekno.fi\/kauppa\/wp-json\/wp\/v2\/product\/9265","targetHints":{"allow":["GET"]}}],"collection":[{"href":"https:\/\/www.valtekno.fi\/kauppa\/wp-json\/wp\/v2\/product"}],"about":[{"href":"https:\/\/www.valtekno.fi\/kauppa\/wp-json\/wp\/v2\/types\/product"}],"wp:featuredmedia":[{"embeddable":true,"href":"https:\/\/www.valtekno.fi\/kauppa\/wp-json\/wp\/v2\/media\/9320"}],"wp:attachment":[{"href":"https:\/\/www.valtekno.fi\/kauppa\/wp-json\/wp\/v2\/media?parent=9265"}],"wp:term":[{"taxonomy":"product_brand","embeddable":true,"href":"https:\/\/www.valtekno.fi\/kauppa\/wp-json\/wp\/v2\/product_brand?post=9265"},{"taxonomy":"product_cat","embeddable":true,"href":"https:\/\/www.valtekno.fi\/kauppa\/wp-json\/wp\/v2\/product_cat?post=9265"},{"taxonomy":"product_tag","embeddable":true,"href":"https:\/\/www.valtekno.fi\/kauppa\/wp-json\/wp\/v2\/product_tag?post=9265"}],"curies":[{"name":"wp","href":"https:\/\/api.w.org\/{rel}","templated":true}]}}