{"id":8891,"date":"2022-11-22T10:29:46","date_gmt":"2022-11-22T08:29:46","guid":{"rendered":"https:\/\/www.valtekno.fi\/kauppa\/?post_type=product&#038;p=8891"},"modified":"2025-04-09T15:44:15","modified_gmt":"2025-04-09T12:44:15","slug":"aurinkopaneelin-johtojen-kattolapivienti-suora","status":"publish","type":"product","link":"https:\/\/www.valtekno.fi\/kauppa\/tuote\/aurinkopaneelin-johtojen-kattolapivienti-suora\/","title":{"rendered":"Aurinkopaneelin johtojen kattol\u00e4pivienti, suora malli"},"content":{"rendered":"<p>Pienikokoinen l\u00e4pivientikappale, jolla saadaan viety\u00e4 aurinkopaneelin johdot siististi ja helposti katon l\u00e4pi auton sis\u00e4lle. Soveltuu 4 ja 6 mm\u00b2 johdoille, johdon halkaisija 3-6,5 mm.<\/p>\n<p>Sis\u00e4lt\u00e4\u00e4 butyylitiivisteen, joka takaa tiiviin asennuksen. Helppo asennus: kattoon porataan \u220526 &#8211; 28 mm reik\u00e4 ja l\u00e4pivienti kiristet\u00e4\u00e4n sis\u00e4puolelta kiristysmutterilla paikoilleen. Katon paksuus 5-55 mm.<\/p>\n<p>Valmistettu ASA-muovista, joka soveltuu erinomaisesti ulkok\u00e4ytt\u00f6\u00f6n. Hyv\u00e4 UV-kest\u00e4vyys ja\u00a0 kosteuden sieto ja laaja k\u00e4ytt\u00f6l\u00e4mp\u00f6tila-alue.<\/p>\n<p>L\u00e4pivienti voidaan tilata perusversiona ilman johtoja tai varustettuna valmiiksi asennetuilla johdoilla ja MC4 -liittimill\u00e4. Johtojen pituudet voidaan valita valikosta ja tarjolla on 4 ja 6 mm\u00b2 johdot.<\/p>\n<p>L\u00e4pivientiin on saatavilla sis\u00e4puolelle johtojen suojaletku, jonka avulla johdot saadaan siististi piiloon. Suojaletku voidaan kiinnitt\u00e4\u00e4 esim. sein\u00e4\u00e4n saatavilla olevilla kiinnikkeill\u00e4.<\/p>\n<p>L\u00e4piviennin asennusohje: <a href=\"https:\/\/www.valtekno.fi\/kauppa\/wp-content\/uploads\/Muut_tiedostot\/Kattolapivienti-netti.pdf\" target=\"_blank\" rel=\"noopener\">linkki<\/a> (avautuu uuteen ikkunaan)<\/p>\n","protected":false},"excerpt":{"rendered":"<p>Pienikokoinen l\u00e4pivientikappale, jolla saadaan viety\u00e4 aurinkopaneelin johdot siististi ja helposti katon l\u00e4pi auton sis\u00e4lle. Soveltuu 4 ja 6 mm\u00b2 johdoille, johdon halkaisija 3-6,5 mm. Sis\u00e4lt\u00e4\u00e4 butyylitiivisteen, joka takaa tiiviin asennuksen. Helppo asennus: kattoon porataan \u220526 &#8211; 28 mm reik\u00e4 ja l\u00e4pivienti kiristet\u00e4\u00e4n sis\u00e4puolelta kiristysmutterilla paikoilleen. Katon paksuus 5-55 mm. Valmistettu ASA-muovista, joka soveltuu erinomaisesti ulkok\u00e4ytt\u00f6\u00f6n. [&hellip;]<\/p>\n","protected":false},"featured_media":8896,"template":"","meta":{"jetpack_post_was_ever_published":false,"jetpack_publicize_message":"","jetpack_publicize_feature_enabled":true,"jetpack_social_post_already_shared":true,"jetpack_social_options":{"image_generator_settings":{"template":"highway","default_image_id":0,"font":"","enabled":false},"version":2}},"product_brand":[],"product_cat":[263],"product_tag":[42,254,150,250,253,252,260,81,251,56,257,258,259,255,256],"class_list":{"0":"post-8891","1":"product","2":"type-product","3":"status-publish","4":"has-post-thumbnail","6":"product_cat-johtojen-lapivienti","7":"product_tag-aurinkopaneeli","8":"product_tag-dachdurchfuhrung","9":"product_tag-johtojen","10":"product_tag-kaapelien","11":"product_tag-kabeldurchfuhrung","12":"product_tag-kattolapivienti","13":"product_tag-letkumutteri","14":"product_tag-lapivienti","15":"product_tag-lapivientikappale","16":"product_tag-mc4","17":"product_tag-solar","18":"product_tag-solaranlage","19":"product_tag-suojaletku","20":"product_tag-wohnmobil","21":"product_tag-wohnwagen","23":"first","24":"instock","25":"taxable","26":"shipping-taxable","27":"purchasable","28":"product-type-simple"},"bundled_by":[],"bundle_stock_status":"instock","bundle_stock_quantity":2,"bundle_virtual":false,"bundle_layout":"","bundle_add_to_cart_form_location":"","bundle_editable_in_cart":false,"bundle_sold_individually_context":"","bundle_item_grouping":"","bundle_min_size":"","bundle_max_size":"","bundle_price":[],"bundled_items":[],"bundle_sell_ids":[],"jetpack_publicize_connections":[],"jetpack_sharing_enabled":true,"_links":{"self":[{"href":"https:\/\/www.valtekno.fi\/kauppa\/wp-json\/wp\/v2\/product\/8891","targetHints":{"allow":["GET"]}}],"collection":[{"href":"https:\/\/www.valtekno.fi\/kauppa\/wp-json\/wp\/v2\/product"}],"about":[{"href":"https:\/\/www.valtekno.fi\/kauppa\/wp-json\/wp\/v2\/types\/product"}],"wp:featuredmedia":[{"embeddable":true,"href":"https:\/\/www.valtekno.fi\/kauppa\/wp-json\/wp\/v2\/media\/8896"}],"wp:attachment":[{"href":"https:\/\/www.valtekno.fi\/kauppa\/wp-json\/wp\/v2\/media?parent=8891"}],"wp:term":[{"taxonomy":"product_brand","embeddable":true,"href":"https:\/\/www.valtekno.fi\/kauppa\/wp-json\/wp\/v2\/product_brand?post=8891"},{"taxonomy":"product_cat","embeddable":true,"href":"https:\/\/www.valtekno.fi\/kauppa\/wp-json\/wp\/v2\/product_cat?post=8891"},{"taxonomy":"product_tag","embeddable":true,"href":"https:\/\/www.valtekno.fi\/kauppa\/wp-json\/wp\/v2\/product_tag?post=8891"}],"curies":[{"name":"wp","href":"https:\/\/api.w.org\/{rel}","templated":true}]}}