{"id":6398,"date":"2022-03-29T09:16:46","date_gmt":"2022-03-29T06:16:46","guid":{"rendered":"https:\/\/www.valtekno.fi\/kauppa\/?post_type=product&#038;p=6398"},"modified":"2026-05-11T08:19:53","modified_gmt":"2026-05-11T05:19:53","slug":"usb-latauspistorasia-usb-a-ja-usb-c-2","status":"publish","type":"product","link":"https:\/\/www.valtekno.fi\/kauppa\/tuote\/usb-latauspistorasia-usb-a-ja-usb-c-2\/","title":{"rendered":"USB-latauspistorasia, USB-A ja USB-C, 12\/24 V"},"content":{"rendered":"<p>T\u00e4ss\u00e4 paneeliin tai levyyn asennettavassa latauspistorasiassa on yksi USB-A -liitin ja yksi USB-C -liitin, joka on yleinen uusissa laitteissa. Sopii hyvin matkailuautoihin, matkailuvaunuihin, veneisiin ja esim. kes\u00e4m\u00f6kkien aurinkos\u00e4hk\u00f6j\u00e4rjestelmien yhteyteen.<\/p>\n<p>Virtakytkin ja vihre\u00e4 taustavalo.<\/p>\n<p>Asennetaan \u00d829-32 mm reik\u00e4\u00e4n, levyn paksuus max. 20 mm. Suojal\u00e4pp\u00e4, jonka voi tarvittaessa poistaa.<\/p>\n","protected":false},"excerpt":{"rendered":"<p>USB Latauspistorasia, USB-A, USB-C<\/p>\n","protected":false},"featured_media":6392,"template":"","meta":{"jetpack_publicize_message":"","jetpack_publicize_feature_enabled":true,"jetpack_social_post_already_shared":true,"jetpack_social_options":{"image_generator_settings":{"template":"highway","default_image_id":0,"font":"","enabled":false},"version":2}},"product_brand":[],"product_cat":[131],"product_tag":[49,133,135,134,132,136,137,50,105],"class_list":{"0":"post-6398","1":"product","2":"type-product","3":"status-publish","4":"has-post-thumbnail","6":"product_cat-varustelu","7":"product_tag-autoon","8":"product_tag-lataus","9":"product_tag-laturi","10":"product_tag-pistorasia","11":"product_tag-usb","12":"product_tag-usb-a","13":"product_tag-usb-c","14":"product_tag-vaunuun","15":"product_tag-veneeseen","17":"first","18":"instock","19":"taxable","20":"shipping-taxable","21":"purchasable","22":"product-type-simple"},"jetpack_publicize_connections":[],"jetpack_sharing_enabled":true,"_links":{"self":[{"href":"https:\/\/www.valtekno.fi\/kauppa\/wp-json\/wp\/v2\/product\/6398","targetHints":{"allow":["GET"]}}],"collection":[{"href":"https:\/\/www.valtekno.fi\/kauppa\/wp-json\/wp\/v2\/product"}],"about":[{"href":"https:\/\/www.valtekno.fi\/kauppa\/wp-json\/wp\/v2\/types\/product"}],"wp:featuredmedia":[{"embeddable":true,"href":"https:\/\/www.valtekno.fi\/kauppa\/wp-json\/wp\/v2\/media\/6392"}],"wp:attachment":[{"href":"https:\/\/www.valtekno.fi\/kauppa\/wp-json\/wp\/v2\/media?parent=6398"}],"wp:term":[{"taxonomy":"product_brand","embeddable":true,"href":"https:\/\/www.valtekno.fi\/kauppa\/wp-json\/wp\/v2\/product_brand?post=6398"},{"taxonomy":"product_cat","embeddable":true,"href":"https:\/\/www.valtekno.fi\/kauppa\/wp-json\/wp\/v2\/product_cat?post=6398"},{"taxonomy":"product_tag","embeddable":true,"href":"https:\/\/www.valtekno.fi\/kauppa\/wp-json\/wp\/v2\/product_tag?post=6398"}],"curies":[{"name":"wp","href":"https:\/\/api.w.org\/{rel}","templated":true}]}}