{"id":4984,"date":"2021-08-24T09:30:49","date_gmt":"2021-08-24T06:30:49","guid":{"rendered":"https:\/\/www.valtekno.fi\/kauppa\/?post_type=product&#038;p=4984"},"modified":"2024-08-18T22:05:32","modified_gmt":"2024-08-18T19:05:32","slug":"lampotila-anturi-votronic-mpp","status":"publish","type":"product","link":"https:\/\/www.valtekno.fi\/kauppa\/tuote\/lampotila-anturi-votronic-mpp\/","title":{"rendered":"L\u00e4mp\u00f6tila-anturi latauss\u00e4\u00e4timeen Votronic MPP"},"content":{"rendered":"<p>T\u00e4m\u00e4 l\u00e4mp\u00f6tila-anturi soveltuu k\u00e4ytett\u00e4v\u00e4ksi t\u00e4m\u00e4n latauss\u00e4\u00e4timen kanssa: <a href=\"https:\/\/www.valtekno.fi\/kauppa\/tuote\/lataussaadin-votronic-15a\/\" target=\"_blank\" rel=\"noopener\">https:\/\/www.valtekno.fi\/kauppa\/tuote\/lataussaadin-votronic-15a\/<\/a><\/p>\n<p>T\u00e4m\u00e4n akun l\u00e4mp\u00f6tilaa mittaavan anturin avulla latauss\u00e4\u00e4din osaa optimoida latausprosessin ja my\u00f6s suojella akkua ylilataukselta.<\/p>\n<p>Anturin mittausp\u00e4\u00e4 kiinnitet\u00e4\u00e4n joko akun napaan (M8 rengasliitin) tai se voidaan my\u00f6s kiinnitt\u00e4\u00e4 akun kylkeen esim. liimaamalla. Anturin johdot kytket\u00e4\u00e4n s\u00e4\u00e4timess\u00e4 oleviin liittimiin. Johdon pituus on n. 3 metri\u00e4.<\/p>\n<p>Latauss\u00e4\u00e4din toimii hyvin my\u00f6s ilman t\u00e4t\u00e4 anturia, mutta paras mahdollinen hy\u00f6tysuhde etenkin kylmiss\u00e4 olosuhteissa saavutetaan k\u00e4ytt\u00e4m\u00e4ll\u00e4 anturia.<\/p>\n","protected":false},"excerpt":{"rendered":"<p>T\u00e4m\u00e4 l\u00e4mp\u00f6tila-anturi soveltuu k\u00e4ytett\u00e4v\u00e4ksi t\u00e4m\u00e4n latauss\u00e4\u00e4timen kanssa: https:\/\/www.valtekno.fi\/kauppa\/tuote\/lataussaadin-votronic-15a\/ T\u00e4m\u00e4n akun l\u00e4mp\u00f6tilaa mittaavan anturin avulla latauss\u00e4\u00e4din osaa optimoida latausprosessin ja my\u00f6s suojella akkua ylilataukselta. Anturin mittausp\u00e4\u00e4 kiinnitet\u00e4\u00e4n joko akun napaan (M8 rengasliitin) tai se voidaan my\u00f6s kiinnitt\u00e4\u00e4 akun kylkeen esim. liimaamalla. Anturin johdot kytket\u00e4\u00e4n s\u00e4\u00e4timess\u00e4 oleviin liittimiin. Johdon pituus on n. 3 metri\u00e4. Latauss\u00e4\u00e4din toimii hyvin [&hellip;]<\/p>\n","protected":false},"featured_media":4986,"template":"","meta":{"jetpack_post_was_ever_published":false,"jetpack_publicize_message":"","jetpack_publicize_feature_enabled":true,"jetpack_social_post_already_shared":true,"jetpack_social_options":{"image_generator_settings":{"template":"highway","default_image_id":0,"font":"","enabled":false},"version":2}},"product_brand":[],"product_cat":[22],"product_tag":[237,139,233,23,236,24,52],"class_list":{"0":"post-4984","1":"product","2":"type-product","3":"status-publish","4":"has-post-thumbnail","6":"product_cat-lataussaatimet","7":"product_tag-anturijohto","8":"product_tag-bluetooth","9":"product_tag-duo","10":"product_tag-lataussaadin","11":"product_tag-lampotila-anturi","12":"product_tag-mppt","13":"product_tag-saadin","15":"first","16":"instock","17":"taxable","18":"shipping-taxable","19":"purchasable","20":"product-type-simple"},"bundled_by":[],"bundle_stock_status":"instock","bundle_stock_quantity":3,"bundle_virtual":false,"bundle_layout":"","bundle_add_to_cart_form_location":"","bundle_editable_in_cart":false,"bundle_sold_individually_context":"","bundle_item_grouping":"","bundle_min_size":"","bundle_max_size":"","bundle_price":[],"bundled_items":[],"bundle_sell_ids":[4946],"jetpack_publicize_connections":[],"jetpack_sharing_enabled":true,"_links":{"self":[{"href":"https:\/\/www.valtekno.fi\/kauppa\/wp-json\/wp\/v2\/product\/4984","targetHints":{"allow":["GET"]}}],"collection":[{"href":"https:\/\/www.valtekno.fi\/kauppa\/wp-json\/wp\/v2\/product"}],"about":[{"href":"https:\/\/www.valtekno.fi\/kauppa\/wp-json\/wp\/v2\/types\/product"}],"wp:featuredmedia":[{"embeddable":true,"href":"https:\/\/www.valtekno.fi\/kauppa\/wp-json\/wp\/v2\/media\/4986"}],"wp:attachment":[{"href":"https:\/\/www.valtekno.fi\/kauppa\/wp-json\/wp\/v2\/media?parent=4984"}],"wp:term":[{"taxonomy":"product_brand","embeddable":true,"href":"https:\/\/www.valtekno.fi\/kauppa\/wp-json\/wp\/v2\/product_brand?post=4984"},{"taxonomy":"product_cat","embeddable":true,"href":"https:\/\/www.valtekno.fi\/kauppa\/wp-json\/wp\/v2\/product_cat?post=4984"},{"taxonomy":"product_tag","embeddable":true,"href":"https:\/\/www.valtekno.fi\/kauppa\/wp-json\/wp\/v2\/product_tag?post=4984"}],"curies":[{"name":"wp","href":"https:\/\/api.w.org\/{rel}","templated":true}]}}