{"id":4979,"date":"2021-08-24T08:26:54","date_gmt":"2021-08-24T05:26:54","guid":{"rendered":"https:\/\/www.valtekno.fi\/kauppa\/?post_type=product&#038;p=4979"},"modified":"2024-05-12T15:17:50","modified_gmt":"2024-05-12T12:17:50","slug":"nayttopaneeli-lataussaatimeen-votronic-mpp","status":"publish","type":"product","link":"https:\/\/www.valtekno.fi\/kauppa\/tuote\/nayttopaneeli-lataussaatimeen-votronic-mpp\/","title":{"rendered":"N\u00e4ytt\u00f6paneeli latauss\u00e4\u00e4timeen Votronic MPP"},"content":{"rendered":"<p>T\u00e4m\u00e4 n\u00e4ytt\u00f6paneeli soveltuu k\u00e4ytett\u00e4v\u00e4ksi t\u00e4m\u00e4n latauss\u00e4\u00e4timen kanssa: <a href=\"https:\/\/www.valtekno.fi\/kauppa\/tuote\/lataussaadin-votronic-15a\/\" target=\"_blank\" rel=\"noopener\">https:\/\/www.valtekno.fi\/kauppa\/tuote\/lataussaadin-votronic-15a\/<\/a><\/p>\n<p>N\u00e4ytt\u00f6paneeli voidaan sijoittaa esim. matkailuauton sis\u00e4tiloihin ja n\u00e4in voidaan helposti tarkkailla latauss\u00e4\u00e4timen toimintaa. Paneelista voidaan n\u00e4hd\u00e4 seuraavat tiedot:<\/p>\n<ul>\n<li>Akun j\u00e4nnite (V)<\/li>\n<li>Akun latausvirta (A)<\/li>\n<li>Akkuun sy\u00f6tetty kapasiteetti (Ah)<\/li>\n<li>Akkuun sy\u00f6tetty kapasiteetti (Wh)<\/li>\n<li>Aurinkopaneelilta saatava teho<\/li>\n<li>Aurinkosymboli osoittaa aurinkopaneelien toimintatilan (ei tuottoa, on tuottoa, akku t\u00e4ynn\u00e4)<\/li>\n<li>Varoitusteksti &#8221;Charge&#8221;, kun akku on tyhjentynyt ja vaatii latausta<\/li>\n<\/ul>\n<p>N\u00e4ytt\u00f6 voidaan kytke\u00e4 p\u00e4\u00e4lle ja pois siin\u00e4 olevalla kytkimell\u00e4. Paneeli upotetaan esim. kaapin sein\u00e4\u00e4n, asennusaukon koko n. 65&#215;72 mm, asennussyvyys 27 mm. Kiinnitysruuvit sis\u00e4ltyv\u00e4t hintaan. N\u00e4ytt\u00f6paneeli kytket\u00e4\u00e4n latauss\u00e4\u00e4timeen n. 5 metri\u00e4 pitk\u00e4ll\u00e4 johdolla (kuuluu toimitukseen).<\/p>\n","protected":false},"excerpt":{"rendered":"<p>T\u00e4m\u00e4 n\u00e4ytt\u00f6paneeli soveltuu k\u00e4ytett\u00e4v\u00e4ksi t\u00e4m\u00e4n latauss\u00e4\u00e4timen kanssa: https:\/\/www.valtekno.fi\/kauppa\/tuote\/lataussaadin-votronic-15a\/ N\u00e4ytt\u00f6paneeli voidaan sijoittaa esim. matkailuauton sis\u00e4tiloihin ja n\u00e4in voidaan helposti tarkkailla latauss\u00e4\u00e4timen toimintaa. Paneelista voidaan n\u00e4hd\u00e4 seuraavat tiedot: Akun j\u00e4nnite (V) Akun latausvirta (A) Akkuun sy\u00f6tetty kapasiteetti (Ah) Akkuun sy\u00f6tetty kapasiteetti (Wh) Aurinkopaneelilta saatava teho Aurinkosymboli osoittaa aurinkopaneelien toimintatilan (ei tuottoa, on tuottoa, akku t\u00e4ynn\u00e4) Varoitusteksti &#8221;Charge&#8221;, [&hellip;]<\/p>\n","protected":false},"featured_media":4981,"template":"","meta":{"jetpack_post_was_ever_published":false,"jetpack_publicize_message":"","jetpack_publicize_feature_enabled":true,"jetpack_social_post_already_shared":true,"jetpack_social_options":{"image_generator_settings":{"template":"highway","default_image_id":0,"font":"","enabled":false},"version":2}},"product_brand":[],"product_cat":[22],"product_tag":[233,23,24,98,234,48,235,52],"class_list":{"0":"post-4979","1":"product","2":"type-product","3":"status-publish","4":"has-post-thumbnail","6":"product_cat-lataussaatimet","7":"product_tag-duo","8":"product_tag-lataussaadin","9":"product_tag-mppt","10":"product_tag-naytto","11":"product_tag-nayttopaneeli","12":"product_tag-paneeli","13":"product_tag-sisanaytto","14":"product_tag-saadin","16":"first","17":"instock","18":"taxable","19":"shipping-taxable","20":"purchasable","21":"product-type-simple"},"bundled_by":[],"bundle_stock_status":"instock","bundle_stock_quantity":5,"bundle_virtual":false,"bundle_layout":"","bundle_add_to_cart_form_location":"","bundle_editable_in_cart":false,"bundle_sold_individually_context":"","bundle_item_grouping":"","bundle_min_size":"","bundle_max_size":"","bundle_price":[],"bundled_items":[],"bundle_sell_ids":[4946],"jetpack_publicize_connections":[],"jetpack_sharing_enabled":true,"_links":{"self":[{"href":"https:\/\/www.valtekno.fi\/kauppa\/wp-json\/wp\/v2\/product\/4979","targetHints":{"allow":["GET"]}}],"collection":[{"href":"https:\/\/www.valtekno.fi\/kauppa\/wp-json\/wp\/v2\/product"}],"about":[{"href":"https:\/\/www.valtekno.fi\/kauppa\/wp-json\/wp\/v2\/types\/product"}],"wp:featuredmedia":[{"embeddable":true,"href":"https:\/\/www.valtekno.fi\/kauppa\/wp-json\/wp\/v2\/media\/4981"}],"wp:attachment":[{"href":"https:\/\/www.valtekno.fi\/kauppa\/wp-json\/wp\/v2\/media?parent=4979"}],"wp:term":[{"taxonomy":"product_brand","embeddable":true,"href":"https:\/\/www.valtekno.fi\/kauppa\/wp-json\/wp\/v2\/product_brand?post=4979"},{"taxonomy":"product_cat","embeddable":true,"href":"https:\/\/www.valtekno.fi\/kauppa\/wp-json\/wp\/v2\/product_cat?post=4979"},{"taxonomy":"product_tag","embeddable":true,"href":"https:\/\/www.valtekno.fi\/kauppa\/wp-json\/wp\/v2\/product_tag?post=4979"}],"curies":[{"name":"wp","href":"https:\/\/api.w.org\/{rel}","templated":true}]}}