{"id":4946,"date":"2021-08-20T21:24:22","date_gmt":"2021-08-20T18:24:22","guid":{"rendered":"https:\/\/www.valtekno.fi\/kauppa\/?post_type=product&#038;p=4946"},"modified":"2025-05-06T10:43:12","modified_gmt":"2025-05-06T07:43:12","slug":"lataussaadin-votronic-15a","status":"publish","type":"product","link":"https:\/\/www.valtekno.fi\/kauppa\/tuote\/lataussaadin-votronic-15a\/","title":{"rendered":"Latauss\u00e4\u00e4din,  Votronic 250 Duo Digital MPPT, 15 A, 12 V akuille"},"content":{"rendered":"<p>T\u00e4m\u00e4 Saksassa valmistettu MPPT-s\u00e4\u00e4din on suunniteltu erityisesti matkailuautoihin. Latausliit\u00e4nn\u00e4t kahdelle akulle, eli tarjoaa mahdollisuuden ladata ns. hupiakun lis\u00e4ksi my\u00f6s auton omaa starttiakkua.<\/p>\n<p>Hupiakun lataukseen on k\u00e4yt\u00f6ss\u00e4 t\u00e4ysi kapasiteetti (15 A) ja starttiakkua ladataan max. 1 A virralla. Eli tyhj\u00e4\u00e4 starttiakkua ei t\u00e4ll\u00e4 laitteella pysty lataamaan t\u00e4yteen, mutta latausteho riitt\u00e4\u00e4 kattamaan auton elektroniikkaj\u00e4rjestelmien kulutuksen. Osa elektroniikkaj\u00e4rjestelmist\u00e4 on toiminnassa, vaikka moottori on sammuksissa ja n\u00e4in akku saattaa tyhjenty\u00e4 pitk\u00e4ss\u00e4 seisonnassa. My\u00f6s esim. radiota voidaan kuunnella akun tyhjentym\u00e4tt\u00e4.<\/p>\n<p>Kapasiteetti riitt\u00e4\u00e4 jopa 250 W paneeliteholle. Akkutyyppi voidaan valita laitteessa olevilla kytkimill\u00e4, jolloin saavutetaan paras mahdollinen latausprosessi. Valittavat tyypit: normaali lyijyakku, AGM, geeli ja LiFePO4.<\/p>\n<p>Laite on eritt\u00e4in pienikokoinen, jolloin se ei vaadi suurta asennustilaa. Laitteessa on pieni ja hiljainen j\u00e4\u00e4hdytyspuhallin, joka k\u00e4ynnistyy laitteen l\u00e4mmetess\u00e4 silloin, kun laite toimii suurella kapasiteetilla.<\/p>\n<p>S\u00e4\u00e4timeen saatavilla lis\u00e4varusteina:<\/p>\n<ul>\n<li>N\u00e4ytt\u00f6paneeli sijoitettavaksi auton sis\u00e4lle.<\/li>\n<li>Akun l\u00e4mp\u00f6tila-anturi, jolla voidaan optimoida latausprosessia akun l\u00e4mp\u00f6tilan mukaan.<\/li>\n<\/ul>\n<p>Mik\u00e4li latauss\u00e4\u00e4din kytket\u00e4\u00e4n matkailuauton EBL-s\u00e4hk\u00f6keskukseen, voidaan kytkenn\u00e4ss\u00e4 k\u00e4ytt\u00e4\u00e4 valmista johtoa:<\/p>\n<ul>\n<li>2 johdolla, ei starttiakun latausta: <a href=\"https:\/\/www.valtekno.fi\/kauppa\/tuote\/ebl-johto\/\">https:\/\/www.valtekno.fi\/kauppa\/tuote\/ebl-johto\/<\/a><\/li>\n<li>3 johdolla, starttiakun lataus: <a href=\"https:\/\/www.valtekno.fi\/kauppa\/tuote\/ebl-johto-3johtoa\/\">https:\/\/www.valtekno.fi\/kauppa\/tuote\/ebl-johto-3johtoa\/<\/a><\/li>\n<\/ul>\n<p>Kaikki EBL-keskukset eiv\u00e4t tue starttiakun latausta.<\/p>\n<p>T\u00e4ss\u00e4 latauss\u00e4\u00e4timen esittelyvideo:<\/p>\n<p><span class=\"embed-youtube\" style=\"text-align:center; display: block;\"><iframe loading=\"lazy\" class=\"youtube-player\" width=\"980\" height=\"552\" src=\"https:\/\/www.youtube.com\/embed\/APIONxpo6cg?version=3&#038;rel=1&#038;showsearch=0&#038;showinfo=1&#038;iv_load_policy=1&#038;fs=1&#038;hl=fi&#038;autohide=2&#038;wmode=transparent\" allowfullscreen=\"true\" style=\"border:0;\" sandbox=\"allow-scripts allow-same-origin allow-popups allow-presentation allow-popups-to-escape-sandbox\"><\/iframe><\/span><\/p>\n","protected":false},"excerpt":{"rendered":"<p>T\u00e4m\u00e4 Saksassa valmistettu MPPT-s\u00e4\u00e4din on suunniteltu erityisesti matkailuautoihin. Latausliit\u00e4nn\u00e4t kahdelle akulle, eli tarjoaa mahdollisuuden ladata ns. hupiakun lis\u00e4ksi my\u00f6s auton omaa starttiakkua. Hupiakun lataukseen on k\u00e4yt\u00f6ss\u00e4 t\u00e4ysi kapasiteetti (15 A) ja starttiakkua ladataan max. 1 A virralla. Eli tyhj\u00e4\u00e4 starttiakkua ei t\u00e4ll\u00e4 laitteella pysty lataamaan t\u00e4yteen, mutta latausteho riitt\u00e4\u00e4 kattamaan auton elektroniikkaj\u00e4rjestelmien kulutuksen. Osa elektroniikkaj\u00e4rjestelmist\u00e4 [&hellip;]<\/p>\n","protected":false},"featured_media":4949,"template":"","meta":{"jetpack_post_was_ever_published":false,"jetpack_publicize_message":"","jetpack_publicize_feature_enabled":true,"jetpack_social_post_already_shared":true,"jetpack_social_options":{"image_generator_settings":{"template":"highway","default_image_id":0,"font":"","enabled":false},"version":2}},"product_brand":[],"product_cat":[22],"product_tag":[233,23,160,100,24,52,249],"class_list":{"0":"post-4946","1":"product","2":"type-product","3":"status-publish","4":"has-post-thumbnail","6":"product_cat-lataussaatimet","7":"product_tag-duo","8":"product_tag-lataussaadin","9":"product_tag-matkailuauto","10":"product_tag-matkailuautoon","11":"product_tag-mppt","12":"product_tag-saadin","13":"product_tag-votronic","15":"first","16":"outofstock","17":"taxable","18":"shipping-taxable","19":"purchasable","20":"product-type-simple"},"bundled_by":[],"bundle_stock_status":"outofstock","bundle_stock_quantity":0,"bundle_virtual":false,"bundle_layout":"","bundle_add_to_cart_form_location":"","bundle_editable_in_cart":false,"bundle_sold_individually_context":"","bundle_item_grouping":"","bundle_min_size":"","bundle_max_size":"","bundle_price":[],"bundled_items":[],"bundle_sell_ids":[4979,4984],"jetpack_publicize_connections":[],"jetpack_sharing_enabled":true,"_links":{"self":[{"href":"https:\/\/www.valtekno.fi\/kauppa\/wp-json\/wp\/v2\/product\/4946","targetHints":{"allow":["GET"]}}],"collection":[{"href":"https:\/\/www.valtekno.fi\/kauppa\/wp-json\/wp\/v2\/product"}],"about":[{"href":"https:\/\/www.valtekno.fi\/kauppa\/wp-json\/wp\/v2\/types\/product"}],"wp:featuredmedia":[{"embeddable":true,"href":"https:\/\/www.valtekno.fi\/kauppa\/wp-json\/wp\/v2\/media\/4949"}],"wp:attachment":[{"href":"https:\/\/www.valtekno.fi\/kauppa\/wp-json\/wp\/v2\/media?parent=4946"}],"wp:term":[{"taxonomy":"product_brand","embeddable":true,"href":"https:\/\/www.valtekno.fi\/kauppa\/wp-json\/wp\/v2\/product_brand?post=4946"},{"taxonomy":"product_cat","embeddable":true,"href":"https:\/\/www.valtekno.fi\/kauppa\/wp-json\/wp\/v2\/product_cat?post=4946"},{"taxonomy":"product_tag","embeddable":true,"href":"https:\/\/www.valtekno.fi\/kauppa\/wp-json\/wp\/v2\/product_tag?post=4946"}],"curies":[{"name":"wp","href":"https:\/\/api.w.org\/{rel}","templated":true}]}}