{"id":3569,"date":"2021-05-11T10:45:31","date_gmt":"2021-05-11T07:45:31","guid":{"rendered":"https:\/\/www.valtekno.fi\/kauppa\/?post_type=product&#038;p=3569"},"modified":"2026-04-08T13:20:59","modified_gmt":"2026-04-08T10:20:59","slug":"liitantajohdot-lataussaatimesta-akkuun-30-a-sulakkeella","status":"publish","type":"product","link":"https:\/\/www.valtekno.fi\/kauppa\/tuote\/liitantajohdot-lataussaatimesta-akkuun-30-a-sulakkeella\/","title":{"rendered":"Liit\u00e4nt\u00e4johdot latauss\u00e4\u00e4timest\u00e4 akkuun, 30 A sulakkeella"},"content":{"rendered":"<p>N\u00e4ill\u00e4 johdoilla voidaan kytke\u00e4 latauss\u00e4\u00e4din akkuun. Sis\u00e4lt\u00e4\u00e4 kaksi johtoa: punainen ja musta. Punaisessa johdossa akun p\u00e4\u00e4h\u00e4n asennettu 30 A -lattasulake.<\/p>\n<p>Akkuun kiinnitt\u00e4mist\u00e4 varten johtojen p\u00e4iss\u00e4 on rengasliittimet (\u22058 mm reik\u00e4).<\/p>\n<p>Johdot: 6 mm\u00b2 hienos\u00e4ikeinen kuparijohto. Ulkohalkaisija 4,5 mm. K\u00e4ytt\u00f6l\u00e4mp\u00f6tila: -40 \u2013 +80 \u00baC.<\/p>\n<p>Valitse johtojen pituus oheisesta valikosta. Ota yhteytt\u00e4, mik\u00e4li tarvitset esim. pidemm\u00e4t johdot: <a href=\"mailto:t.valtonen@valtekno.fi\">t.valtonen@valtekno.fi<\/a><\/p>\n","protected":false},"excerpt":{"rendered":"<p>N\u00e4ill\u00e4 johdoilla voidaan kytke\u00e4 latauss\u00e4\u00e4din akkuun. Sis\u00e4lt\u00e4\u00e4 kaksi johtoa: punainen ja musta. Punaisessa johdossa akun p\u00e4\u00e4h\u00e4n asennettu 30 A -lattasulake. Akkuun kiinnitt\u00e4mist\u00e4 varten johtojen p\u00e4iss\u00e4 on rengasliittimet (\u22058 mm reik\u00e4). Johdot: 6 mm\u00b2 hienos\u00e4ikeinen kuparijohto. Ulkohalkaisija 4,5 mm. K\u00e4ytt\u00f6l\u00e4mp\u00f6tila: -40 \u2013 +80 \u00baC. Valitse johtojen pituus oheisesta valikosta. Ota yhteytt\u00e4, mik\u00e4li tarvitset esim. pidemm\u00e4t johdot: [&hellip;]<\/p>\n","protected":false},"featured_media":6320,"template":"","meta":{"jetpack_post_was_ever_published":false,"jetpack_publicize_message":"","jetpack_publicize_feature_enabled":true,"jetpack_social_post_already_shared":true,"jetpack_social_options":{"image_generator_settings":{"template":"highway","default_image_id":0,"font":"","enabled":false},"version":2}},"product_brand":[],"product_cat":[264],"product_tag":[42,159,157,158,90,67,59,160,48],"class_list":{"0":"post-3569","1":"product","2":"type-product","3":"status-publish","4":"has-post-thumbnail","6":"product_cat-johdot-ja-liittimet","7":"product_tag-aurinkopaneeli","8":"product_tag-aurinkopaneelin","9":"product_tag-ebl","10":"product_tag-elektroblock","11":"product_tag-johto","12":"product_tag-kaapeli","13":"product_tag-liitin","14":"product_tag-matkailuauto","15":"product_tag-paneeli","17":"first","18":"instock","19":"taxable","20":"shipping-taxable","21":"purchasable","22":"product-type-variable"},"bundled_by":["3326","4016","4059","4088","4114","1215","4299","4914","5249","5985","6641","6891","7021","9510","9574","10386"],"bundle_stock_status":"instock","bundle_stock_quantity":5,"bundle_virtual":false,"bundle_layout":"","bundle_add_to_cart_form_location":"","bundle_editable_in_cart":false,"bundle_sold_individually_context":"","bundle_item_grouping":"","bundle_min_size":"","bundle_max_size":"","bundle_price":[],"bundled_items":[],"bundle_sell_ids":[],"jetpack_publicize_connections":[],"jetpack_sharing_enabled":true,"_links":{"self":[{"href":"https:\/\/www.valtekno.fi\/kauppa\/wp-json\/wp\/v2\/product\/3569","targetHints":{"allow":["GET"]}}],"collection":[{"href":"https:\/\/www.valtekno.fi\/kauppa\/wp-json\/wp\/v2\/product"}],"about":[{"href":"https:\/\/www.valtekno.fi\/kauppa\/wp-json\/wp\/v2\/types\/product"}],"wp:featuredmedia":[{"embeddable":true,"href":"https:\/\/www.valtekno.fi\/kauppa\/wp-json\/wp\/v2\/media\/6320"}],"wp:attachment":[{"href":"https:\/\/www.valtekno.fi\/kauppa\/wp-json\/wp\/v2\/media?parent=3569"}],"wp:term":[{"taxonomy":"product_brand","embeddable":true,"href":"https:\/\/www.valtekno.fi\/kauppa\/wp-json\/wp\/v2\/product_brand?post=3569"},{"taxonomy":"product_cat","embeddable":true,"href":"https:\/\/www.valtekno.fi\/kauppa\/wp-json\/wp\/v2\/product_cat?post=3569"},{"taxonomy":"product_tag","embeddable":true,"href":"https:\/\/www.valtekno.fi\/kauppa\/wp-json\/wp\/v2\/product_tag?post=3569"}],"curies":[{"name":"wp","href":"https:\/\/api.w.org\/{rel}","templated":true}]}}