{"id":3297,"date":"2021-04-22T10:28:34","date_gmt":"2021-04-22T07:28:34","guid":{"rendered":"https:\/\/www.valtekno.fi\/kauppa\/?post_type=product&#038;p=3297"},"modified":"2025-05-06T10:43:11","modified_gmt":"2025-05-06T07:43:11","slug":"bluetooth-lataussaatimeen-mppt-duo","status":"publish","type":"product","link":"https:\/\/www.valtekno.fi\/kauppa\/tuote\/bluetooth-lataussaatimeen-mppt-duo\/","title":{"rendered":"Bluetooth\u2122\ufe0f-moduuli latauss\u00e4\u00e4timeen (MPPT-Duo, 25 A, 12 V akuille)"},"content":{"rendered":"<p>T\u00e4m\u00e4 Bluetooth-moduuli soveltuu k\u00e4ytett\u00e4v\u00e4ksi t\u00e4m\u00e4n latauss\u00e4\u00e4timen kanssa: <a href=\"https:\/\/www.valtekno.fi\/kauppa\/tuote\/lataussaadin-mppt-duo\/\">https:\/\/www.valtekno.fi\/kauppa\/tuote\/lataussaadin-mppt-duo\/<\/a><\/p>\n<p>T\u00e4m\u00e4n Bluetooth-moduulin avulla latauss\u00e4\u00e4timen tiedot voidaan lukea matkapuhelimen (Android\/iPhone) n\u00e4yt\u00f6lt\u00e4. Puhelimeen ladataan sovellus ja sen avulla n\u00e4hd\u00e4\u00e4n seuraavat s\u00e4\u00e4timen tiedot:<\/p>\n<ul>\n<li>S\u00e4\u00e4timen tila: lataa akkua, akku t\u00e4ynn\u00e4, ei lataa<\/li>\n<li>Akun latausvirta (A)<\/li>\n<li>Akun j\u00e4nnite (V)<\/li>\n<li>Akkuun sy\u00f6tetty kapasiteetti (Ah)<\/li>\n<li>Akkuun sy\u00f6tetty kapasiteetti (Wh)<\/li>\n<li>Aurinkopaneelilta tuleva j\u00e4nnite<\/li>\n<li>Aurinkopaneelilta saatava teho<\/li>\n<li>Historiatiedot edellisilt\u00e4 12 p\u00e4iv\u00e4lt\u00e4<\/li>\n<li>Mahdolliset virheilmoitukset<\/li>\n<\/ul>\n<p>Moduulissa on n. 3 metri\u00e4 pitk\u00e4 v\u00e4lijohto, jonka avulla moduuli voidaan asentaa Bluetooth-yhteyden kannalta sopivaan paikkaan. Bluetooth-yhteyden kantama esteett\u00f6m\u00e4ss\u00e4 tilassa on yleens\u00e4 n. 10 m.<\/p>\n","protected":false},"excerpt":{"rendered":"<p>T\u00e4m\u00e4 Bluetooth-moduuli soveltuu k\u00e4ytett\u00e4v\u00e4ksi t\u00e4m\u00e4n latauss\u00e4\u00e4timen kanssa: https:\/\/www.valtekno.fi\/kauppa\/tuote\/lataussaadin-mppt-duo\/ T\u00e4m\u00e4n Bluetooth-moduulin avulla latauss\u00e4\u00e4timen tiedot voidaan lukea matkapuhelimen (Android\/iPhone) n\u00e4yt\u00f6lt\u00e4. Puhelimeen ladataan sovellus ja sen avulla n\u00e4hd\u00e4\u00e4n seuraavat s\u00e4\u00e4timen tiedot: S\u00e4\u00e4timen tila: lataa akkua, akku t\u00e4ynn\u00e4, ei lataa Akun latausvirta (A) Akun j\u00e4nnite (V) Akkuun sy\u00f6tetty kapasiteetti (Ah) Akkuun sy\u00f6tetty kapasiteetti (Wh) Aurinkopaneelilta tuleva j\u00e4nnite Aurinkopaneelilta saatava [&hellip;]<\/p>\n","protected":false},"featured_media":3289,"template":"","meta":{"jetpack_post_was_ever_published":false,"jetpack_publicize_message":"","jetpack_publicize_feature_enabled":true,"jetpack_social_post_already_shared":true,"jetpack_social_options":{"image_generator_settings":{"template":"highway","default_image_id":0,"font":"","enabled":false},"version":2}},"product_brand":[],"product_cat":[22],"product_tag":[139,233,23,24,52],"class_list":{"0":"post-3297","1":"product","2":"type-product","3":"status-publish","4":"has-post-thumbnail","6":"product_cat-lataussaatimet","7":"product_tag-bluetooth","8":"product_tag-duo","9":"product_tag-lataussaadin","10":"product_tag-mppt","11":"product_tag-saadin","13":"first","14":"instock","15":"taxable","16":"shipping-taxable","17":"purchasable","18":"product-type-simple"},"bundled_by":["3326","3388","3568","3736","6641"],"bundle_stock_status":"instock","bundle_stock_quantity":10,"bundle_virtual":false,"bundle_layout":"","bundle_add_to_cart_form_location":"","bundle_editable_in_cart":false,"bundle_sold_individually_context":"","bundle_item_grouping":"","bundle_min_size":"","bundle_max_size":"","bundle_price":[],"bundled_items":[],"bundle_sell_ids":[3292],"jetpack_publicize_connections":[],"jetpack_sharing_enabled":true,"_links":{"self":[{"href":"https:\/\/www.valtekno.fi\/kauppa\/wp-json\/wp\/v2\/product\/3297","targetHints":{"allow":["GET"]}}],"collection":[{"href":"https:\/\/www.valtekno.fi\/kauppa\/wp-json\/wp\/v2\/product"}],"about":[{"href":"https:\/\/www.valtekno.fi\/kauppa\/wp-json\/wp\/v2\/types\/product"}],"wp:featuredmedia":[{"embeddable":true,"href":"https:\/\/www.valtekno.fi\/kauppa\/wp-json\/wp\/v2\/media\/3289"}],"wp:attachment":[{"href":"https:\/\/www.valtekno.fi\/kauppa\/wp-json\/wp\/v2\/media?parent=3297"}],"wp:term":[{"taxonomy":"product_brand","embeddable":true,"href":"https:\/\/www.valtekno.fi\/kauppa\/wp-json\/wp\/v2\/product_brand?post=3297"},{"taxonomy":"product_cat","embeddable":true,"href":"https:\/\/www.valtekno.fi\/kauppa\/wp-json\/wp\/v2\/product_cat?post=3297"},{"taxonomy":"product_tag","embeddable":true,"href":"https:\/\/www.valtekno.fi\/kauppa\/wp-json\/wp\/v2\/product_tag?post=3297"}],"curies":[{"name":"wp","href":"https:\/\/api.w.org\/{rel}","templated":true}]}}