{"id":3296,"date":"2021-04-22T09:49:21","date_gmt":"2021-04-22T06:49:21","guid":{"rendered":"https:\/\/www.valtekno.fi\/kauppa\/?post_type=product&#038;p=3296"},"modified":"2025-05-06T10:43:12","modified_gmt":"2025-05-06T07:43:12","slug":"nayttopaneeli-lataussaatimeen-mppt-duo-25","status":"publish","type":"product","link":"https:\/\/www.valtekno.fi\/kauppa\/tuote\/nayttopaneeli-lataussaatimeen-mppt-duo-25\/","title":{"rendered":"N\u00e4ytt\u00f6paneeli latauss\u00e4\u00e4timeen (MPPT-Duo, 25 A, 12 V akuille)"},"content":{"rendered":"<p>T\u00e4m\u00e4 n\u00e4ytt\u00f6paneeli soveltuu k\u00e4ytett\u00e4v\u00e4ksi t\u00e4m\u00e4n latauss\u00e4\u00e4timen kanssa: <a href=\"https:\/\/www.valtekno.fi\/kauppa\/tuote\/lataussaadin-mppt-duo\/\">https:\/\/www.valtekno.fi\/kauppa\/tuote\/lataussaadin-mppt-duo\/<\/a><\/p>\n<p>N\u00e4ytt\u00f6paneeli voidaan sijoittaa esim. matkailuauton sis\u00e4tiloihin ja n\u00e4in voidaan helposti tarkkailla latauss\u00e4\u00e4timen toimintaa. Paneelista voidaan n\u00e4hd\u00e4 seuraavat arvot:<\/p>\n<ul>\n<li>Akun j\u00e4nnite (V)<\/li>\n<li>Akun latausvirta (A)<\/li>\n<li>Akkuun sy\u00f6tetty kapasiteetti (Ah)<\/li>\n<li>Akkuun sy\u00f6tetty kapasiteetti (Wh)<\/li>\n<li>Aurinkopaneelilta tuleva j\u00e4nnite<\/li>\n<li>Aurinkopaneelilta saatava teho<\/li>\n<\/ul>\n<p>N\u00e4ytt\u00f6 voidaan kytke\u00e4 p\u00e4\u00e4lle ja pois siin\u00e4 olevalla kytkimell\u00e4. Paneeli voidaan asentaa joko pinta-asennuksena mukana tulevalla asennuskehyksell\u00e4 tai upottaa esim. kaapin sein\u00e4\u00e4n. N\u00e4ytt\u00f6paneeli kytket\u00e4\u00e4n latauss\u00e4\u00e4timeen n. 5 metri\u00e4 pitk\u00e4ll\u00e4 johdolla (kuuluu toimitukseen).<\/p>\n","protected":false},"excerpt":{"rendered":"<p>T\u00e4m\u00e4 n\u00e4ytt\u00f6paneeli soveltuu k\u00e4ytett\u00e4v\u00e4ksi t\u00e4m\u00e4n latauss\u00e4\u00e4timen kanssa: https:\/\/www.valtekno.fi\/kauppa\/tuote\/lataussaadin-mppt-duo\/ N\u00e4ytt\u00f6paneeli voidaan sijoittaa esim. matkailuauton sis\u00e4tiloihin ja n\u00e4in voidaan helposti tarkkailla latauss\u00e4\u00e4timen toimintaa. Paneelista voidaan n\u00e4hd\u00e4 seuraavat arvot: Akun j\u00e4nnite (V) Akun latausvirta (A) Akkuun sy\u00f6tetty kapasiteetti (Ah) Akkuun sy\u00f6tetty kapasiteetti (Wh) Aurinkopaneelilta tuleva j\u00e4nnite Aurinkopaneelilta saatava teho N\u00e4ytt\u00f6 voidaan kytke\u00e4 p\u00e4\u00e4lle ja pois siin\u00e4 olevalla kytkimell\u00e4. [&hellip;]<\/p>\n","protected":false},"featured_media":3288,"template":"","meta":{"jetpack_post_was_ever_published":false,"jetpack_publicize_message":"","jetpack_publicize_feature_enabled":true,"jetpack_social_post_already_shared":true,"jetpack_social_options":{"image_generator_settings":{"template":"highway","default_image_id":0,"font":"","enabled":false},"version":2}},"product_brand":[],"product_cat":[22],"product_tag":[233,23,24,98,234,48,235,52],"class_list":{"0":"post-3296","1":"product","2":"type-product","3":"status-publish","4":"has-post-thumbnail","6":"product_cat-lataussaatimet","7":"product_tag-duo","8":"product_tag-lataussaadin","9":"product_tag-mppt","10":"product_tag-naytto","11":"product_tag-nayttopaneeli","12":"product_tag-paneeli","13":"product_tag-sisanaytto","14":"product_tag-saadin","16":"first","17":"instock","18":"taxable","19":"shipping-taxable","20":"purchasable","21":"product-type-simple"},"jetpack_publicize_connections":[],"jetpack_sharing_enabled":true,"_links":{"self":[{"href":"https:\/\/www.valtekno.fi\/kauppa\/wp-json\/wp\/v2\/product\/3296","targetHints":{"allow":["GET"]}}],"collection":[{"href":"https:\/\/www.valtekno.fi\/kauppa\/wp-json\/wp\/v2\/product"}],"about":[{"href":"https:\/\/www.valtekno.fi\/kauppa\/wp-json\/wp\/v2\/types\/product"}],"wp:featuredmedia":[{"embeddable":true,"href":"https:\/\/www.valtekno.fi\/kauppa\/wp-json\/wp\/v2\/media\/3288"}],"wp:attachment":[{"href":"https:\/\/www.valtekno.fi\/kauppa\/wp-json\/wp\/v2\/media?parent=3296"}],"wp:term":[{"taxonomy":"product_brand","embeddable":true,"href":"https:\/\/www.valtekno.fi\/kauppa\/wp-json\/wp\/v2\/product_brand?post=3296"},{"taxonomy":"product_cat","embeddable":true,"href":"https:\/\/www.valtekno.fi\/kauppa\/wp-json\/wp\/v2\/product_cat?post=3296"},{"taxonomy":"product_tag","embeddable":true,"href":"https:\/\/www.valtekno.fi\/kauppa\/wp-json\/wp\/v2\/product_tag?post=3296"}],"curies":[{"name":"wp","href":"https:\/\/api.w.org\/{rel}","templated":true}]}}