{"id":2837,"date":"2021-03-21T08:44:07","date_gmt":"2021-03-21T06:44:07","guid":{"rendered":"https:\/\/www.valtekno.fi\/kauppa\/?post_type=product&#038;p=2837"},"modified":"2025-07-04T08:47:20","modified_gmt":"2025-07-04T05:47:20","slug":"liitin-taitettavaan-aurinkopaneeliin-uros","status":"publish","type":"product","link":"https:\/\/www.valtekno.fi\/kauppa\/tuote\/liitin-taitettavaan-aurinkopaneeliin-uros\/","title":{"rendered":"Liitin taitettavaan aurinko&shy;paneeliin, uros"},"content":{"rendered":"<p>Liitinpistoke, jota voidaan k\u00e4ytt\u00e4\u00e4 esim. taitettavan aurinkopaneelin liitosjohdossa.<\/p>\n<p>12 V, 16 A, 2-napainen, IP34 (roiskeveden kest\u00e4v\u00e4).<\/p>\n<p>&nbsp;<\/p>\n<p>&nbsp;<\/p>\n","protected":false},"excerpt":{"rendered":"<p>Liitinpistoke, jota voidaan k\u00e4ytt\u00e4\u00e4 esim. taitettavan aurinkopaneelin liitosjohdossa. 12 V, 16 A, 2-napainen, IP34 (roiskeveden kest\u00e4v\u00e4). &nbsp; &nbsp;<\/p>\n","protected":false},"featured_media":2834,"template":"","meta":{"jetpack_post_was_ever_published":false,"jetpack_publicize_message":"","jetpack_publicize_feature_enabled":true,"jetpack_social_post_already_shared":true,"jetpack_social_options":{"image_generator_settings":{"template":"highway","default_image_id":0,"font":"","enabled":false},"version":2}},"product_brand":[],"product_cat":[264],"product_tag":[42,107,59,165,224,166,100,101,104,43,41,106,105],"class_list":{"0":"post-2837","1":"product","2":"type-product","3":"status-publish","4":"has-post-thumbnail","6":"product_cat-johdot-ja-liittimet","7":"product_tag-aurinkopaneeli","8":"product_tag-kompakti","9":"product_tag-liitin","10":"product_tag-liitinjohto","11":"product_tag-liitanta","12":"product_tag-liitantajohto","13":"product_tag-matkailuautoon","14":"product_tag-matkailuvaunuun","15":"product_tag-mokille","16":"product_tag-salkku","17":"product_tag-taitettava","18":"product_tag-taittuva","19":"product_tag-veneeseen","21":"first","22":"instock","23":"taxable","24":"shipping-taxable","25":"purchasable","26":"product-type-simple"},"bundled_by":[],"bundle_stock_status":"instock","bundle_stock_quantity":5,"bundle_virtual":false,"bundle_layout":"","bundle_add_to_cart_form_location":"","bundle_editable_in_cart":false,"bundle_sold_individually_context":"","bundle_item_grouping":"","bundle_min_size":"","bundle_max_size":"","bundle_price":[],"bundled_items":[],"bundle_sell_ids":[2836,1758],"jetpack_publicize_connections":[],"jetpack_sharing_enabled":true,"_links":{"self":[{"href":"https:\/\/www.valtekno.fi\/kauppa\/wp-json\/wp\/v2\/product\/2837","targetHints":{"allow":["GET"]}}],"collection":[{"href":"https:\/\/www.valtekno.fi\/kauppa\/wp-json\/wp\/v2\/product"}],"about":[{"href":"https:\/\/www.valtekno.fi\/kauppa\/wp-json\/wp\/v2\/types\/product"}],"wp:featuredmedia":[{"embeddable":true,"href":"https:\/\/www.valtekno.fi\/kauppa\/wp-json\/wp\/v2\/media\/2834"}],"wp:attachment":[{"href":"https:\/\/www.valtekno.fi\/kauppa\/wp-json\/wp\/v2\/media?parent=2837"}],"wp:term":[{"taxonomy":"product_brand","embeddable":true,"href":"https:\/\/www.valtekno.fi\/kauppa\/wp-json\/wp\/v2\/product_brand?post=2837"},{"taxonomy":"product_cat","embeddable":true,"href":"https:\/\/www.valtekno.fi\/kauppa\/wp-json\/wp\/v2\/product_cat?post=2837"},{"taxonomy":"product_tag","embeddable":true,"href":"https:\/\/www.valtekno.fi\/kauppa\/wp-json\/wp\/v2\/product_tag?post=2837"}],"curies":[{"name":"wp","href":"https:\/\/api.w.org\/{rel}","templated":true}]}}