{"id":2015,"date":"2020-07-25T23:25:00","date_gmt":"2020-07-25T20:25:00","guid":{"rendered":"https:\/\/www.valtekno.fi\/kauppa\/?post_type=product&#038;p=2015"},"modified":"2025-08-09T13:39:56","modified_gmt":"2025-08-09T10:39:56","slug":"invertteri-svt-1500-w-12-v-230-v-siniaalto","status":"publish","type":"product","link":"https:\/\/www.valtekno.fi\/kauppa\/tuote\/invertteri-svt-1500-w-12-v-230-v-siniaalto\/","title":{"rendered":"Invertteri  SVT 1500 W, 12 V -&gt; 230 V, siniaalto"},"content":{"rendered":"<p>T\u00e4h\u00e4n laitteeseen kannattaa tutustua, jos olet etsim\u00e4ss\u00e4 edullista, mutta laadultaan korkeatasoista perusinvertteri\u00e4. T\u00e4m\u00e4 invertteri tuottaa varsin hyv\u00e4laatuista ja puhdasta siniaalto-j\u00e4nnitett\u00e4. T\u00e4ll\u00e4 toimii kaikki alle 1500 W tehon vaativat laitteet.<\/p>\n<p>Usb-latausliit\u00e4nt\u00e4 esim. puhelimen lataukseen.<\/p>\n<p>Lis\u00e4varusteena saatavissa esim. matkailuauton ohjauspaneeliin upotettava kauko-ohjain n. 5 metrin v\u00e4lijohdolla.<\/p>\n<p><span class=\"embed-youtube\" style=\"text-align:center; display: block;\"><iframe loading=\"lazy\" class=\"youtube-player\" width=\"980\" height=\"552\" src=\"https:\/\/www.youtube.com\/embed\/NqqoejvsUX4?version=3&#038;rel=1&#038;showsearch=0&#038;showinfo=1&#038;iv_load_policy=1&#038;fs=1&#038;hl=fi&#038;autohide=2&#038;wmode=transparent\" allowfullscreen=\"true\" style=\"border:0;\" sandbox=\"allow-scripts allow-same-origin allow-popups allow-presentation allow-popups-to-escape-sandbox\"><\/iframe><\/span><\/p>\n","protected":false},"excerpt":{"rendered":"<p>T\u00e4h\u00e4n laitteeseen kannattaa tutustua, jos olet etsim\u00e4ss\u00e4 edullista, mutta laadultaan korkeatasoista perusinvertteri\u00e4. T\u00e4m\u00e4 invertteri tuottaa varsin hyv\u00e4laatuista ja puhdasta siniaalto-j\u00e4nnitett\u00e4. T\u00e4ll\u00e4 toimii kaikki alle 1500 W tehon vaativat laitteet. Usb-latausliit\u00e4nt\u00e4 esim. puhelimen lataukseen. Lis\u00e4varusteena saatavissa esim. matkailuauton ohjauspaneeliin upotettava kauko-ohjain n. 5 metrin v\u00e4lijohdolla.<\/p>\n","protected":false},"featured_media":2786,"template":"","meta":{"jetpack_post_was_ever_published":false,"jetpack_publicize_message":"","jetpack_publicize_feature_enabled":true,"jetpack_social_post_already_shared":true,"jetpack_social_options":{"image_generator_settings":{"template":"highway","default_image_id":0,"font":"","enabled":false},"version":2}},"product_brand":[],"product_cat":[204],"product_tag":[93,102,103,61,100,101,62],"class_list":{"0":"post-2015","1":"product","2":"type-product","3":"status-publish","4":"has-post-thumbnail","6":"product_cat-invertterit-invertterit","7":"product_tag-1500-w","8":"product_tag-asuntoautoon","9":"product_tag-asuntovaunuun","10":"product_tag-invertteri","11":"product_tag-matkailuautoon","12":"product_tag-matkailuvaunuun","13":"product_tag-siniaalto","15":"first","16":"outofstock","17":"taxable","18":"shipping-taxable","19":"purchasable","20":"product-type-simple"},"jetpack_publicize_connections":[],"jetpack_sharing_enabled":true,"_links":{"self":[{"href":"https:\/\/www.valtekno.fi\/kauppa\/wp-json\/wp\/v2\/product\/2015","targetHints":{"allow":["GET"]}}],"collection":[{"href":"https:\/\/www.valtekno.fi\/kauppa\/wp-json\/wp\/v2\/product"}],"about":[{"href":"https:\/\/www.valtekno.fi\/kauppa\/wp-json\/wp\/v2\/types\/product"}],"wp:featuredmedia":[{"embeddable":true,"href":"https:\/\/www.valtekno.fi\/kauppa\/wp-json\/wp\/v2\/media\/2786"}],"wp:attachment":[{"href":"https:\/\/www.valtekno.fi\/kauppa\/wp-json\/wp\/v2\/media?parent=2015"}],"wp:term":[{"taxonomy":"product_brand","embeddable":true,"href":"https:\/\/www.valtekno.fi\/kauppa\/wp-json\/wp\/v2\/product_brand?post=2015"},{"taxonomy":"product_cat","embeddable":true,"href":"https:\/\/www.valtekno.fi\/kauppa\/wp-json\/wp\/v2\/product_cat?post=2015"},{"taxonomy":"product_tag","embeddable":true,"href":"https:\/\/www.valtekno.fi\/kauppa\/wp-json\/wp\/v2\/product_tag?post=2015"}],"curies":[{"name":"wp","href":"https:\/\/api.w.org\/{rel}","templated":true}]}}