{"id":1743,"date":"2020-03-12T07:42:33","date_gmt":"2020-03-12T05:42:33","guid":{"rendered":"https:\/\/www.valtekno.fi\/kauppa\/?post_type=product&#038;p=1743"},"modified":"2025-05-07T10:14:09","modified_gmt":"2025-05-07T07:14:09","slug":"viikkoajastin-12vdc","status":"publish","type":"product","link":"https:\/\/www.valtekno.fi\/kauppa\/tuote\/viikkoajastin-12vdc\/","title":{"rendered":"Viikkoajastin 12 V"},"content":{"rendered":"<p>12 V -tasavirtaj\u00e4rjestelmiin soveltuva monipuolinen viikkoajastin. 16 ajastusvalintaa (ON\/OFF), jotka voidaan asettaa minuutin tarkkuudella ja viikonp\u00e4iv\u00e4n mukaan (ma-ti-ke-to-pe-la-su). Voidaan ohjata my\u00f6s manuaalisesti painikkeella ON\/OFF. Paristovarmennus pit\u00e4\u00e4 kellon ajassa ja ajastukset muistissa n. 90 p\u00e4iv\u00e4n ajan s\u00e4hk\u00f6n katkettua. Max. virta 20 A. Kytkent\u00e4kaavio n\u00e4kyy tuotekuvassa.<\/p>\n<p>Mukana asennuskotelo kiinnitysruuveineen, joilla kotelo voidaan kiinnitt\u00e4\u00e4 esim. kalustelevyyn pinta-asennuksena. Voidaan my\u00f6s upottaa max. 4 mm paksuiseen paneeliin.<\/p>\n<p>Soveltuu esim. aurinkos\u00e4hk\u00f6j\u00e4rjestelmiin, matkailuautoihin, -vaunuihin ja veneisiin valaistuksen tai muiden laitteiden ajastettuun k\u00e4ytt\u00f6\u00f6n. Normaalin ajastintoiminnon lis\u00e4ksi laitteessa on ns. countdown-toiminto, jolla saa esim. valot j\u00e4\u00e4m\u00e4\u00e4n p\u00e4\u00e4lle halutuksi ajaksi.<\/p>\n","protected":false},"excerpt":{"rendered":"<p>12 V -tasavirtaj\u00e4rjestelmiin soveltuva monipuolinen viikkoajastin. 16 ajastusvalintaa (ON\/OFF), jotka voidaan asettaa minuutin tarkkuudella ja viikonp\u00e4iv\u00e4n mukaan (ma-ti-ke-to-pe-la-su). Voidaan ohjata my\u00f6s manuaalisesti painikkeella ON\/OFF. Paristovarmennus pit\u00e4\u00e4 kellon ajassa ja ajastukset muistissa n. 90 p\u00e4iv\u00e4n ajan s\u00e4hk\u00f6n katkettua. Max. virta 20 A. Kytkent\u00e4kaavio n\u00e4kyy tuotekuvassa. Mukana asennuskotelo kiinnitysruuveineen, joilla kotelo voidaan kiinnitt\u00e4\u00e4 esim. kalustelevyyn pinta-asennuksena. Voidaan [&hellip;]<\/p>\n","protected":false},"featured_media":1747,"template":"","meta":{"jetpack_post_was_ever_published":false,"jetpack_publicize_message":"","jetpack_publicize_feature_enabled":true,"jetpack_social_post_already_shared":true,"jetpack_social_options":{"image_generator_settings":{"template":"highway","default_image_id":0,"font":"","enabled":false},"version":2}},"product_brand":[],"product_cat":[32,131],"product_tag":[161,163,162,147,49,144,146,145,50,105,164],"class_list":{"0":"post-1743","1":"product","2":"type-product","3":"status-publish","4":"has-post-thumbnail","6":"product_cat-lisavarusteet","7":"product_cat-varustelu","8":"product_tag-ajastin","9":"product_tag-ajastinkello","10":"product_tag-ajastus","11":"product_tag-aurinkosahko","12":"product_tag-autoon","13":"product_tag-dc","14":"product_tag-jannite","15":"product_tag-tasavirta","16":"product_tag-vaunuun","17":"product_tag-veneeseen","18":"product_tag-viikkoajastin","20":"first","21":"outofstock","22":"taxable","23":"shipping-taxable","24":"purchasable","25":"product-type-simple"},"bundled_by":[],"bundle_stock_status":"outofstock","bundle_stock_quantity":0,"bundle_virtual":false,"bundle_layout":"","bundle_add_to_cart_form_location":"","bundle_editable_in_cart":false,"bundle_sold_individually_context":"","bundle_item_grouping":"","bundle_min_size":"","bundle_max_size":"","bundle_price":[],"bundled_items":[],"bundle_sell_ids":[],"jetpack_publicize_connections":[],"jetpack_sharing_enabled":true,"_links":{"self":[{"href":"https:\/\/www.valtekno.fi\/kauppa\/wp-json\/wp\/v2\/product\/1743","targetHints":{"allow":["GET"]}}],"collection":[{"href":"https:\/\/www.valtekno.fi\/kauppa\/wp-json\/wp\/v2\/product"}],"about":[{"href":"https:\/\/www.valtekno.fi\/kauppa\/wp-json\/wp\/v2\/types\/product"}],"wp:featuredmedia":[{"embeddable":true,"href":"https:\/\/www.valtekno.fi\/kauppa\/wp-json\/wp\/v2\/media\/1747"}],"wp:attachment":[{"href":"https:\/\/www.valtekno.fi\/kauppa\/wp-json\/wp\/v2\/media?parent=1743"}],"wp:term":[{"taxonomy":"product_brand","embeddable":true,"href":"https:\/\/www.valtekno.fi\/kauppa\/wp-json\/wp\/v2\/product_brand?post=1743"},{"taxonomy":"product_cat","embeddable":true,"href":"https:\/\/www.valtekno.fi\/kauppa\/wp-json\/wp\/v2\/product_cat?post=1743"},{"taxonomy":"product_tag","embeddable":true,"href":"https:\/\/www.valtekno.fi\/kauppa\/wp-json\/wp\/v2\/product_tag?post=1743"}],"curies":[{"name":"wp","href":"https:\/\/api.w.org\/{rel}","templated":true}]}}