{"id":1682,"date":"2020-02-04T09:44:34","date_gmt":"2020-02-04T07:44:34","guid":{"rendered":"https:\/\/www.valtekno.fi\/kauppa\/?post_type=product&#038;p=1682"},"modified":"2026-03-18T09:24:31","modified_gmt":"2026-03-18T07:24:31","slug":"ebl-johto","status":"publish","type":"product","link":"https:\/\/www.valtekno.fi\/kauppa\/tuote\/ebl-johto\/","title":{"rendered":"Liit\u00e4nt\u00e4johto latauss\u00e4\u00e4timest\u00e4 EBL-s\u00e4hk\u00f6keskukseen, 2 johtoa"},"content":{"rendered":"<p>T\u00e4ll\u00e4 liit\u00e4nt\u00e4johdolla voidaan kytke\u00e4 aurinkopaneelien latauss\u00e4\u00e4timelt\u00e4 l\u00e4htev\u00e4t latausjohdot suoraan EBL-s\u00e4hk\u00f6keskuksessa olevaan &#8221;Solar Regler&#8221; -liittimeen. T\u00e4ll\u00f6in ei tarvitse tehd\u00e4 kytkent\u00f6j\u00e4 ladattavaan akkuun.<\/p>\n<p>EBL-s\u00e4hk\u00f6keskukset (Schaudt Elektroblock) ovat yleisesti k\u00e4yt\u00f6ss\u00e4 matkailuautoissa ja -vaunuissa ja niit\u00e4 on hyvin useita tyyppej\u00e4. Tarkasta ennen ostoa, ett\u00e4 ko. keskuksesta l\u00f6ytyy kyseinen &#8221;Solar Regler&#8221; -liitin ja ett\u00e4 se on vastaava kuin tuotekuvissamme. Huomioi my\u00f6s, ett\u00e4 s\u00e4hk\u00f6keskuksessa t\u00e4m\u00e4 piiri on yleens\u00e4 suojattu 15\/20 A -sulakkeella, eli aurinkopaneeleilta tulevan max. latausvirran tulee olla alle sulakkeen virta-arvon.<\/p>\n<p>Vakiojohdolla, jossa on kaksi johdinta, voidaan ladata ns. &#8221;hupiakkua&#8221;. Myymme my\u00f6s <a href=\"https:\/\/www.valtekno.fi\/kauppa\/tuote\/ebl-johto-3johtoa\/\">versiota<\/a>, jossa on kolmas johdin &#8221;starttiakun&#8221; lataamista varten, mik\u00e4li k\u00e4ytett\u00e4v\u00e4 EBL-malli sit\u00e4 tukee. T\u00e4ll\u00f6in suosittelemme k\u00e4ytt\u00e4m\u00e4\u00e4n latauss\u00e4\u00e4dint\u00e4, jossa on kaksi erillist\u00e4 latausl\u00e4ht\u00f6\u00e4 akuille, esim.: <a href=\"https:\/\/www.valtekno.fi\/kauppa\/tuote\/lataussaadin-mppt-duo\/\">linkki.<\/a><\/p>\n<p>Valitse johtojen pituus oheisesta valikosta. Ota yhteytt\u00e4, mik\u00e4li tarvitset esim. pidemm\u00e4t johdot: <a href=\"mailto:t.valtonen@valtekno.fi\">t.valtonen@valtekno.fi<\/a><\/p>\n","protected":false},"excerpt":{"rendered":"<p>T\u00e4ll\u00e4 liit\u00e4nt\u00e4johdolla voidaan kytke\u00e4 aurinkopaneelien latauss\u00e4\u00e4timelt\u00e4 l\u00e4htev\u00e4t latausjohdot suoraan EBL-s\u00e4hk\u00f6keskuksessa olevaan &#8221;Solar Regler&#8221; -liittimeen. T\u00e4ll\u00f6in ei tarvitse tehd\u00e4 kytkent\u00f6j\u00e4 ladattavaan akkuun. EBL-s\u00e4hk\u00f6keskukset (Schaudt Elektroblock) ovat yleisesti k\u00e4yt\u00f6ss\u00e4 matkailuautoissa ja -vaunuissa ja niit\u00e4 on hyvin useita tyyppej\u00e4. Tarkasta ennen ostoa, ett\u00e4 ko. keskuksesta l\u00f6ytyy kyseinen &#8221;Solar Regler&#8221; -liitin ja ett\u00e4 se on vastaava kuin tuotekuvissamme. Huomioi [&hellip;]<\/p>\n","protected":false},"featured_media":1678,"template":"","meta":{"jetpack_post_was_ever_published":false,"jetpack_publicize_message":"","jetpack_publicize_feature_enabled":true,"jetpack_social_post_already_shared":true,"jetpack_social_options":{"image_generator_settings":{"template":"highway","default_image_id":0,"font":"","enabled":false},"version":2}},"product_brand":[],"product_cat":[264],"product_tag":[42,159,157,158,90,67,59,160,48],"class_list":{"0":"post-1682","1":"product","2":"type-product","3":"status-publish","4":"has-post-thumbnail","6":"product_cat-johdot-ja-liittimet","7":"product_tag-aurinkopaneeli","8":"product_tag-aurinkopaneelin","9":"product_tag-ebl","10":"product_tag-elektroblock","11":"product_tag-johto","12":"product_tag-kaapeli","13":"product_tag-liitin","14":"product_tag-matkailuauto","15":"product_tag-paneeli","17":"first","18":"instock","19":"taxable","20":"shipping-taxable","21":"purchasable","22":"product-type-variable"},"jetpack_publicize_connections":[],"jetpack_sharing_enabled":true,"_links":{"self":[{"href":"https:\/\/www.valtekno.fi\/kauppa\/wp-json\/wp\/v2\/product\/1682","targetHints":{"allow":["GET"]}}],"collection":[{"href":"https:\/\/www.valtekno.fi\/kauppa\/wp-json\/wp\/v2\/product"}],"about":[{"href":"https:\/\/www.valtekno.fi\/kauppa\/wp-json\/wp\/v2\/types\/product"}],"wp:featuredmedia":[{"embeddable":true,"href":"https:\/\/www.valtekno.fi\/kauppa\/wp-json\/wp\/v2\/media\/1678"}],"wp:attachment":[{"href":"https:\/\/www.valtekno.fi\/kauppa\/wp-json\/wp\/v2\/media?parent=1682"}],"wp:term":[{"taxonomy":"product_brand","embeddable":true,"href":"https:\/\/www.valtekno.fi\/kauppa\/wp-json\/wp\/v2\/product_brand?post=1682"},{"taxonomy":"product_cat","embeddable":true,"href":"https:\/\/www.valtekno.fi\/kauppa\/wp-json\/wp\/v2\/product_cat?post=1682"},{"taxonomy":"product_tag","embeddable":true,"href":"https:\/\/www.valtekno.fi\/kauppa\/wp-json\/wp\/v2\/product_tag?post=1682"}],"curies":[{"name":"wp","href":"https:\/\/api.w.org\/{rel}","templated":true}]}}