{"id":1667,"date":"2020-01-31T09:11:33","date_gmt":"2020-01-31T07:11:33","guid":{"rendered":"https:\/\/www.valtekno.fi\/kauppa\/?post_type=product&#038;p=1667"},"modified":"2025-05-06T10:43:11","modified_gmt":"2025-05-06T07:43:11","slug":"erotusrele","status":"publish","type":"product","link":"https:\/\/www.valtekno.fi\/kauppa\/tuote\/erotusrele\/","title":{"rendered":"Erotusrele 2-akkuj\u00e4rjestelm\u00e4\u00e4n"},"content":{"rendered":"<p>T\u00e4m\u00e4 erotusrele on poistunut valikoimistamme ja korvattu mallilla, jossa mahdollista muuttaa kytkenn\u00e4n ja erotuksen j\u00e4nniterajoja sek\u00e4 asettaa viive. T\u00e4ss\u00e4 linkki uuteen malliin:<\/p>\n<p><a href=\"https:\/\/www.valtekno.fi\/kauppa\/tuote\/erotusrele-2-akkujarjestelmaan-as\/\">Erotusrele 2-akkuj\u00e4rjestelm\u00e4\u00e4n, 120 A<\/a><\/p>\n<p>&nbsp;<\/p>\n<p>K\u00e4ytet\u00e4\u00e4n esim. matkailuautoissa, -vaunuissa, veneiss\u00e4 ja aurinkos\u00e4hk\u00f6j\u00e4rjestelmiss\u00e4, kun halutaan ladata samalla laturilla kahta akkua ja erottaa ne toisistaan latauksen loppuessa.<\/p>\n<p>Yleisin k\u00e4ytt\u00f6esimerkki on matkailuauton ns. hupiakun, eli asunto-osan akun lataus ajon aikana auton moottorin laturilla. Kun auton starttiakku on ladattu t\u00e4yteen, erotusrele yhdist\u00e4\u00e4 hupiakun lataukseen. Akut erotetaan toisistaan kun auto sammutetaan ja n\u00e4in estet\u00e4\u00e4n se, ettei starttiakku tyhjene asunto-osan kulutuksen vuoksi. Voidaan k\u00e4ytt\u00e4\u00e4 my\u00f6s muissa sovelluksissa, esim. jos invertterille asennetaan oma akku, voidaan erotusrele asentaa hupiakun ja invertterin akun v\u00e4liin est\u00e4m\u00e4\u00e4n hupiakun tyhjent\u00e4minen invertterin k\u00e4yt\u00f6ll\u00e4.<\/p>\n<p>Laturina voi toimia auton moottorin laturin lis\u00e4ksi esim. aurinkos\u00e4hk\u00f6j\u00e4rjestelm\u00e4n latauss\u00e4\u00e4din tai muu, esim. verkkovirralla toimiva laturi.<\/p>\n<p>Laitteeseen tarvitsee kytke\u00e4 vain kolme johtoa:<\/p>\n<ul>\n<li>1. akun positiivinen johdin (esim. starttiakku)<\/li>\n<li>2. akun positiivinen johdin (esim. hupiakku)<\/li>\n<li>maajohto esim. 1. akun negatiivisesta navasta<\/li>\n<\/ul>\n<p>Huom! Uudemmissa autoissa, joissa EURO 6 -p\u00e4\u00e4st\u00f6luokitettu moottori t\u00e4m\u00e4 rele ei v\u00e4ltt\u00e4m\u00e4tt\u00e4 toimi hyvin, koska auton laturi on p\u00e4\u00e4st\u00f6jen v\u00e4hent\u00e4miseksi ns. \u00e4lyk\u00e4s. N\u00e4iss\u00e4 autoissa suosittelemme k\u00e4ytt\u00e4m\u00e4\u00e4n latausboosteria: <a href=\"https:\/\/www.valtekno.fi\/kauppa\/tuote\/latausboosteri-akkujarjestelmaan\/\">https:\/\/www.valtekno.fi\/kauppa\/tuote\/latausboosteri-akkujarjestelmaan\/<\/a><\/p>\n<p>T\u00e4ss\u00e4 tekem\u00e4mme video erotusreleest\u00e4 ja latausboosterista:<\/p>\n<p><span class=\"embed-youtube\" style=\"text-align:center; display: block;\"><iframe loading=\"lazy\" class=\"youtube-player\" width=\"980\" height=\"552\" src=\"https:\/\/www.youtube.com\/embed\/Ivkjm6i1Y8E?version=3&#038;rel=1&#038;showsearch=0&#038;showinfo=1&#038;iv_load_policy=1&#038;fs=1&#038;hl=fi&#038;autohide=2&#038;wmode=transparent\" allowfullscreen=\"true\" style=\"border:0;\" sandbox=\"allow-scripts allow-same-origin allow-popups allow-presentation allow-popups-to-escape-sandbox\"><\/iframe><\/span><\/p>\n<p>&nbsp;<\/p>\n","protected":false},"excerpt":{"rendered":"<p>T\u00e4m\u00e4 erotusrele on poistunut valikoimistamme ja korvattu mallilla, jossa mahdollista muuttaa kytkenn\u00e4n ja erotuksen j\u00e4nniterajoja sek\u00e4 asettaa viive. T\u00e4ss\u00e4 linkki uuteen malliin: Erotusrele 2-akkuj\u00e4rjestelm\u00e4\u00e4n, 120 A &nbsp; K\u00e4ytet\u00e4\u00e4n esim. matkailuautoissa, -vaunuissa, veneiss\u00e4 ja aurinkos\u00e4hk\u00f6j\u00e4rjestelmiss\u00e4, kun halutaan ladata samalla laturilla kahta akkua ja erottaa ne toisistaan latauksen loppuessa. Yleisin k\u00e4ytt\u00f6esimerkki on matkailuauton ns. hupiakun, eli asunto-osan [&hellip;]<\/p>\n","protected":false},"featured_media":1671,"template":"","meta":{"jetpack_post_was_ever_published":false,"jetpack_publicize_message":"","jetpack_publicize_feature_enabled":true,"jetpack_social_post_already_shared":true,"jetpack_social_options":{"image_generator_settings":{"template":"highway","default_image_id":0,"font":"","enabled":false},"version":2}},"product_brand":[],"product_cat":[32,34,131],"product_tag":[154,152,102,103,40,151,61,39,100,101,153,156,105,155],"class_list":{"0":"post-1667","1":"product","2":"type-product","3":"status-publish","4":"has-post-thumbnail","6":"product_cat-lisavarusteet","7":"product_cat-lisavarusteet-invertterit","8":"product_cat-varustelu","9":"product_tag-akkujen","10":"product_tag-akkukytkin","11":"product_tag-asuntoautoon","12":"product_tag-asuntovaunuun","13":"product_tag-erotus","14":"product_tag-erotusrele","15":"product_tag-invertteri","16":"product_tag-kytkin","17":"product_tag-matkailuautoon","18":"product_tag-matkailuvaunuun","19":"product_tag-rele","20":"product_tag-rinnankytkenta","21":"product_tag-veneeseen","22":"product_tag-valiin","24":"first","25":"outofstock","26":"taxable","27":"shipping-taxable","28":"purchasable","29":"product-type-simple"},"bundled_by":[],"bundle_stock_status":"outofstock","bundle_stock_quantity":0,"bundle_virtual":false,"bundle_layout":"","bundle_add_to_cart_form_location":"","bundle_editable_in_cart":false,"bundle_sold_individually_context":"","bundle_item_grouping":"","bundle_min_size":"","bundle_max_size":"","bundle_price":[],"bundled_items":[],"bundle_sell_ids":[],"jetpack_publicize_connections":[],"jetpack_sharing_enabled":true,"_links":{"self":[{"href":"https:\/\/www.valtekno.fi\/kauppa\/wp-json\/wp\/v2\/product\/1667","targetHints":{"allow":["GET"]}}],"collection":[{"href":"https:\/\/www.valtekno.fi\/kauppa\/wp-json\/wp\/v2\/product"}],"about":[{"href":"https:\/\/www.valtekno.fi\/kauppa\/wp-json\/wp\/v2\/types\/product"}],"wp:featuredmedia":[{"embeddable":true,"href":"https:\/\/www.valtekno.fi\/kauppa\/wp-json\/wp\/v2\/media\/1671"}],"wp:attachment":[{"href":"https:\/\/www.valtekno.fi\/kauppa\/wp-json\/wp\/v2\/media?parent=1667"}],"wp:term":[{"taxonomy":"product_brand","embeddable":true,"href":"https:\/\/www.valtekno.fi\/kauppa\/wp-json\/wp\/v2\/product_brand?post=1667"},{"taxonomy":"product_cat","embeddable":true,"href":"https:\/\/www.valtekno.fi\/kauppa\/wp-json\/wp\/v2\/product_cat?post=1667"},{"taxonomy":"product_tag","embeddable":true,"href":"https:\/\/www.valtekno.fi\/kauppa\/wp-json\/wp\/v2\/product_tag?post=1667"}],"curies":[{"name":"wp","href":"https:\/\/api.w.org\/{rel}","templated":true}]}}