{"id":1609,"date":"2020-01-11T13:53:49","date_gmt":"2020-01-11T11:53:49","guid":{"rendered":"https:\/\/www.valtekno.fi\/kauppa\/?post_type=product&#038;p=1609"},"modified":"2026-05-08T10:24:59","modified_gmt":"2026-05-08T07:24:59","slug":"usb-laturi-tupakansytyttimeen","status":"publish","type":"product","link":"https:\/\/www.valtekno.fi\/kauppa\/tuote\/usb-laturi-tupakansytyttimeen\/","title":{"rendered":"USB-laturi tupakansytyttimeen"},"content":{"rendered":"<p>Kolmella USB-portilla varustettu laturi esim. auton tupakansytyttimeen. Yksi normaali USB-A -liitin max. 3.1 A latausvirralla, yksi USB-A -pikalatausliitin (QC 3.0) ja yksi USB-C liitin max. 3.5 A latausvirralla. Sy\u00f6tt\u00f6j\u00e4nnite: 12-32 V.<\/p>\n","protected":false},"excerpt":{"rendered":"<p>USB-laturi tupakansytyttimeen, USB-A, USB-C<\/p>\n","protected":false},"featured_media":1608,"template":"","meta":{"jetpack_publicize_message":"","jetpack_publicize_feature_enabled":true,"jetpack_social_post_already_shared":true,"jetpack_social_options":{"image_generator_settings":{"template":"highway","default_image_id":0,"font":"","enabled":false},"version":2}},"product_brand":[],"product_cat":[205,131],"product_tag":[49,133,135,134,138,132,136,137,50,105],"class_list":{"0":"post-1609","1":"product","2":"type-product","3":"status-publish","4":"has-post-thumbnail","6":"product_cat-poistot","7":"product_cat-varustelu","8":"product_tag-autoon","9":"product_tag-lataus","10":"product_tag-laturi","11":"product_tag-pistorasia","12":"product_tag-tupakansytytin","13":"product_tag-usb","14":"product_tag-usb-a","15":"product_tag-usb-c","16":"product_tag-vaunuun","17":"product_tag-veneeseen","19":"first","20":"instock","21":"sale","22":"taxable","23":"shipping-taxable","24":"purchasable","25":"product-type-simple"},"jetpack_publicize_connections":[],"jetpack_sharing_enabled":true,"_links":{"self":[{"href":"https:\/\/www.valtekno.fi\/kauppa\/wp-json\/wp\/v2\/product\/1609","targetHints":{"allow":["GET"]}}],"collection":[{"href":"https:\/\/www.valtekno.fi\/kauppa\/wp-json\/wp\/v2\/product"}],"about":[{"href":"https:\/\/www.valtekno.fi\/kauppa\/wp-json\/wp\/v2\/types\/product"}],"wp:featuredmedia":[{"embeddable":true,"href":"https:\/\/www.valtekno.fi\/kauppa\/wp-json\/wp\/v2\/media\/1608"}],"wp:attachment":[{"href":"https:\/\/www.valtekno.fi\/kauppa\/wp-json\/wp\/v2\/media?parent=1609"}],"wp:term":[{"taxonomy":"product_brand","embeddable":true,"href":"https:\/\/www.valtekno.fi\/kauppa\/wp-json\/wp\/v2\/product_brand?post=1609"},{"taxonomy":"product_cat","embeddable":true,"href":"https:\/\/www.valtekno.fi\/kauppa\/wp-json\/wp\/v2\/product_cat?post=1609"},{"taxonomy":"product_tag","embeddable":true,"href":"https:\/\/www.valtekno.fi\/kauppa\/wp-json\/wp\/v2\/product_tag?post=1609"}],"curies":[{"name":"wp","href":"https:\/\/api.w.org\/{rel}","templated":true}]}}