{"id":12595,"date":"2026-03-01T09:22:03","date_gmt":"2026-03-01T07:22:03","guid":{"rendered":"https:\/\/www.valtekno.fi\/kauppa\/?post_type=product&#038;p=12595"},"modified":"2026-03-01T10:19:29","modified_gmt":"2026-03-01T08:19:29","slug":"aurinkopaneelipaketit","status":"publish","type":"product","link":"https:\/\/www.valtekno.fi\/kauppa\/tuote\/aurinkopaneelipaketit\/","title":{"rendered":"Aurinkopaneelipaketit matkailuautoihin ja -vaunuihin"},"content":{"rendered":"<p>T\u00e4ll\u00e4 hetkell\u00e4 emme varastoi aurinkopaneeleja, mutta saamme niit\u00e4 hankittua joustavasti tukkuriemme kautta. Voit ilmoittaa meille k\u00e4ytt\u00f6\u00f6si sopivan paneelin mitat ja me etsimme sopivan ja teemme tarjouksen sopivasta paketista.<\/p>\n<p>Voit l\u00e4hett\u00e4\u00e4 tarjouspyynn\u00f6n s\u00e4hk\u00f6postiin <a href=\"mailto:t.valtonen@valtekno.fi\">t.valtonen@valtekno.fi<\/a><\/p>\n<p>Kerro mahdollisuuksien mukaan seuraavanlaiset asiat:<\/p>\n<ul>\n<li>Kuinka suuri paneeli katolle mahtuu (esim. 70&#215;150 cm). Ilmoita kokonaismitta, me huomioimme kiinnikkeiden vaatiman tilan.<\/li>\n<li>Kuinka tehokasta paneelia olet ajatellut (esim. 200 W)<\/li>\n<li>Mink\u00e4lainen akku on kyseess\u00e4 (esim. AGM, 100 Ah)<\/li>\n<li>Mink\u00e4lainen auto on kyseess\u00e4 (esim. normaali matkailuauto tai pakettiautosta rakennettu retkeilyauto)<\/li>\n<li>Haluatko joitain lis\u00e4varusteita (esim. Bluetooth -yhteensopiva latauss\u00e4\u00e4din tai kauko-ohjauspaneeli)<\/li>\n<\/ul>\n","protected":false},"excerpt":{"rendered":"<p>T\u00e4ll\u00e4 hetkell\u00e4 emme varastoi aurinkopaneeleja, mutta saamme niit\u00e4 hankittua joustavasti tukkuriemme kautta. Voit ilmoittaa meille k\u00e4ytt\u00f6\u00f6si sopivan paneelin mitat ja me etsimme sopivan ja teemme tarjouksen sopivasta paketista. Voit l\u00e4hett\u00e4\u00e4 tarjouspyynn\u00f6n s\u00e4hk\u00f6postiin t.valtonen@valtekno.fi Kerro mahdollisuuksien mukaan seuraavanlaiset asiat: Kuinka suuri paneeli katolle mahtuu (esim. 70&#215;150 cm). Ilmoita kokonaismitta, me huomioimme kiinnikkeiden vaatiman tilan. Kuinka tehokasta [&hellip;]<\/p>\n","protected":false},"featured_media":11013,"template":"","meta":{"jetpack_post_was_ever_published":false,"jetpack_publicize_message":"","jetpack_publicize_feature_enabled":true,"jetpack_social_post_already_shared":true,"jetpack_social_options":{"image_generator_settings":{"template":"highway","default_image_id":0,"font":"","enabled":false},"version":2}},"product_brand":[],"product_cat":[203],"product_tag":[],"class_list":{"0":"post-12595","1":"product","2":"type-product","3":"status-publish","4":"has-post-thumbnail","6":"product_cat-paneelipaketit","8":"first","9":"instock","10":"virtual","11":"taxable","12":"purchasable","13":"product-type-simple"},"bundled_by":[],"bundle_stock_status":"instock","bundle_stock_quantity":null,"bundle_virtual":false,"bundle_layout":"","bundle_add_to_cart_form_location":"","bundle_editable_in_cart":false,"bundle_sold_individually_context":"","bundle_item_grouping":"","bundle_min_size":"","bundle_max_size":"","bundle_price":[],"bundled_items":[],"bundle_sell_ids":[],"jetpack_publicize_connections":[],"jetpack_sharing_enabled":true,"_links":{"self":[{"href":"https:\/\/www.valtekno.fi\/kauppa\/wp-json\/wp\/v2\/product\/12595","targetHints":{"allow":["GET"]}}],"collection":[{"href":"https:\/\/www.valtekno.fi\/kauppa\/wp-json\/wp\/v2\/product"}],"about":[{"href":"https:\/\/www.valtekno.fi\/kauppa\/wp-json\/wp\/v2\/types\/product"}],"wp:featuredmedia":[{"embeddable":true,"href":"https:\/\/www.valtekno.fi\/kauppa\/wp-json\/wp\/v2\/media\/11013"}],"wp:attachment":[{"href":"https:\/\/www.valtekno.fi\/kauppa\/wp-json\/wp\/v2\/media?parent=12595"}],"wp:term":[{"taxonomy":"product_brand","embeddable":true,"href":"https:\/\/www.valtekno.fi\/kauppa\/wp-json\/wp\/v2\/product_brand?post=12595"},{"taxonomy":"product_cat","embeddable":true,"href":"https:\/\/www.valtekno.fi\/kauppa\/wp-json\/wp\/v2\/product_cat?post=12595"},{"taxonomy":"product_tag","embeddable":true,"href":"https:\/\/www.valtekno.fi\/kauppa\/wp-json\/wp\/v2\/product_tag?post=12595"}],"curies":[{"name":"wp","href":"https:\/\/api.w.org\/{rel}","templated":true}]}}