{"id":1171,"date":"2019-03-05T09:15:15","date_gmt":"2019-03-05T07:15:15","guid":{"rendered":"https:\/\/www.valtekno.fi\/kauppa\/?post_type=product&#038;p=1171"},"modified":"2025-05-06T10:43:12","modified_gmt":"2025-05-06T07:43:12","slug":"ivt-etaohjauspaneeli-mppt-saatimille","status":"publish","type":"product","link":"https:\/\/www.valtekno.fi\/kauppa\/tuote\/ivt-etaohjauspaneeli-mppt-saatimille\/","title":{"rendered":"IVT Et\u00e4ohjauspaneeli MPPT-s\u00e4\u00e4timille"},"content":{"rendered":"<p>T\u00e4m\u00e4 et\u00e4ohjauspaneeli on yhteensopiva IVT:n <a href=\"https:\/\/www.valtekno.fi\/kauppa\/tuote\/lataussaadin-ivt-mppt-30-a\/\">MPPT-latauss\u00e4\u00e4timen<\/a> kanssa. Ei sovi IVT MPPTplus -s\u00e4\u00e4timen yhteyteen.<\/p>\n<p>T\u00e4m\u00e4n avulla voidaan tarkkailla latauss\u00e4\u00e4timen arvoja: paneeleilta tulevaa j\u00e4nnitett\u00e4 ja virtaa, akkujen j\u00e4nnitett\u00e4 yms. Lis\u00e4ksi tiedot voidaan tallentaa SD-kortille (max. 2 GB, ei sis\u00e4lly toimitukseen). Noin 3 metri\u00e4 pitk\u00e4 liit\u00e4nt\u00e4johto.<\/p>\n<p>&nbsp;<\/p>\n","protected":false},"excerpt":{"rendered":"<p>T\u00e4m\u00e4 et\u00e4ohjauspaneeli on yhteensopiva IVT:n MPPT-latauss\u00e4\u00e4timen kanssa. Ei sovi IVT MPPTplus -s\u00e4\u00e4timen yhteyteen. T\u00e4m\u00e4n avulla voidaan tarkkailla latauss\u00e4\u00e4timen arvoja: paneeleilta tulevaa j\u00e4nnitett\u00e4 ja virtaa, akkujen j\u00e4nnitett\u00e4 yms. Lis\u00e4ksi tiedot voidaan tallentaa SD-kortille (max. 2 GB, ei sis\u00e4lly toimitukseen). Noin 3 metri\u00e4 pitk\u00e4 liit\u00e4nt\u00e4johto. &nbsp;<\/p>\n","protected":false},"featured_media":1158,"template":"","meta":{"jetpack_post_was_ever_published":false,"jetpack_publicize_message":"","jetpack_publicize_feature_enabled":true,"jetpack_social_post_already_shared":true,"jetpack_social_options":{"image_generator_settings":{"template":"highway","default_image_id":0,"font":"","enabled":false},"version":2}},"product_brand":[],"product_cat":[22],"product_tag":[63,24,98,97,48],"class_list":{"0":"post-1171","1":"product","2":"type-product","3":"status-publish","4":"has-post-thumbnail","6":"product_cat-lataussaatimet","7":"product_tag-ivt","8":"product_tag-mppt","9":"product_tag-naytto","10":"product_tag-ohjaus","11":"product_tag-paneeli","13":"first","14":"instock","15":"taxable","16":"shipping-taxable","17":"purchasable","18":"product-type-simple"},"bundled_by":[],"bundle_stock_status":"instock","bundle_stock_quantity":1,"bundle_virtual":false,"bundle_layout":"","bundle_add_to_cart_form_location":"","bundle_editable_in_cart":false,"bundle_sold_individually_context":"","bundle_item_grouping":"","bundle_min_size":"","bundle_max_size":"","bundle_price":[],"bundled_items":[],"bundle_sell_ids":[],"jetpack_publicize_connections":[],"jetpack_sharing_enabled":true,"_links":{"self":[{"href":"https:\/\/www.valtekno.fi\/kauppa\/wp-json\/wp\/v2\/product\/1171","targetHints":{"allow":["GET"]}}],"collection":[{"href":"https:\/\/www.valtekno.fi\/kauppa\/wp-json\/wp\/v2\/product"}],"about":[{"href":"https:\/\/www.valtekno.fi\/kauppa\/wp-json\/wp\/v2\/types\/product"}],"wp:featuredmedia":[{"embeddable":true,"href":"https:\/\/www.valtekno.fi\/kauppa\/wp-json\/wp\/v2\/media\/1158"}],"wp:attachment":[{"href":"https:\/\/www.valtekno.fi\/kauppa\/wp-json\/wp\/v2\/media?parent=1171"}],"wp:term":[{"taxonomy":"product_brand","embeddable":true,"href":"https:\/\/www.valtekno.fi\/kauppa\/wp-json\/wp\/v2\/product_brand?post=1171"},{"taxonomy":"product_cat","embeddable":true,"href":"https:\/\/www.valtekno.fi\/kauppa\/wp-json\/wp\/v2\/product_cat?post=1171"},{"taxonomy":"product_tag","embeddable":true,"href":"https:\/\/www.valtekno.fi\/kauppa\/wp-json\/wp\/v2\/product_tag?post=1171"}],"curies":[{"name":"wp","href":"https:\/\/api.w.org\/{rel}","templated":true}]}}