{"id":1167,"date":"2019-03-04T10:00:58","date_gmt":"2019-03-04T08:00:58","guid":{"rendered":"https:\/\/www.valtekno.fi\/kauppa\/?post_type=product&#038;p=1167"},"modified":"2025-05-06T10:43:12","modified_gmt":"2025-05-06T07:43:12","slug":"lataussaadin-ivt-mpptplus-20a","status":"publish","type":"product","link":"https:\/\/www.valtekno.fi\/kauppa\/tuote\/lataussaadin-ivt-mpptplus-20a\/","title":{"rendered":"Latauss\u00e4\u00e4din,  IVT MPPTplus, 20 A"},"content":{"rendered":"<p>Eritt\u00e4in laadukas MPPT-s\u00e4\u00e4din n\u00e4yt\u00f6ll\u00e4 ja muilla herkuilla. Kapasiteetti riitt\u00e4\u00e4 jopa 240 W paneeleille (12 V akkuj\u00e4rjestelm\u00e4) tai 480 W (24 V akkuj\u00e4rjestelm\u00e4).<\/p>\n<p>IVT:n tyyliin eritt\u00e4in j\u00e4m\u00e4kk\u00e4, ter\u00e4srunkoinen laite. Ei ehk\u00e4 kaikista kaunein, mutta muut ominaisuudet ovat olleet suunnittelussa etusijalla.<\/p>\n<p>Sis\u00e4lt\u00e4\u00e4 l\u00e4mp\u00f6tila-anturin, jolla mitataan akun l\u00e4mp\u00f6\u00e4.<\/p>\n","protected":false},"excerpt":{"rendered":"<p>Eritt\u00e4in laadukas MPPT-s\u00e4\u00e4din n\u00e4yt\u00f6ll\u00e4 ja muilla herkuilla. Kapasiteetti riitt\u00e4\u00e4 jopa 240 W paneeleille (12 V akkuj\u00e4rjestelm\u00e4) tai 480 W (24 V akkuj\u00e4rjestelm\u00e4). IVT:n tyyliin eritt\u00e4in j\u00e4m\u00e4kk\u00e4, ter\u00e4srunkoinen laite. Ei ehk\u00e4 kaikista kaunein, mutta muut ominaisuudet ovat olleet suunnittelussa etusijalla. Sis\u00e4lt\u00e4\u00e4 l\u00e4mp\u00f6tila-anturin, jolla mitataan akun l\u00e4mp\u00f6\u00e4.<\/p>\n","protected":false},"featured_media":1168,"template":"","meta":{"jetpack_post_was_ever_published":false,"jetpack_publicize_message":"","jetpack_publicize_feature_enabled":true,"jetpack_social_post_already_shared":true,"jetpack_social_options":{"image_generator_settings":{"template":"highway","default_image_id":0,"font":"","enabled":false},"version":2}},"product_brand":[],"product_cat":[22],"product_tag":[84,63,23,24,95,52],"class_list":{"0":"post-1167","1":"product","2":"type-product","3":"status-publish","4":"has-post-thumbnail","6":"product_cat-lataussaatimet","7":"product_tag-20-a","8":"product_tag-ivt","9":"product_tag-lataussaadin","10":"product_tag-mppt","11":"product_tag-mpptplus","12":"product_tag-saadin","14":"first","15":"instock","16":"taxable","17":"shipping-taxable","18":"purchasable","19":"product-type-simple"},"bundled_by":["2706"],"bundle_stock_status":"instock","bundle_stock_quantity":3,"bundle_virtual":false,"bundle_layout":"","bundle_add_to_cart_form_location":"","bundle_editable_in_cart":false,"bundle_sold_individually_context":"","bundle_item_grouping":"","bundle_min_size":"","bundle_max_size":"","bundle_price":[],"bundled_items":[],"bundle_sell_ids":[],"jetpack_publicize_connections":[],"jetpack_sharing_enabled":true,"_links":{"self":[{"href":"https:\/\/www.valtekno.fi\/kauppa\/wp-json\/wp\/v2\/product\/1167","targetHints":{"allow":["GET"]}}],"collection":[{"href":"https:\/\/www.valtekno.fi\/kauppa\/wp-json\/wp\/v2\/product"}],"about":[{"href":"https:\/\/www.valtekno.fi\/kauppa\/wp-json\/wp\/v2\/types\/product"}],"wp:featuredmedia":[{"embeddable":true,"href":"https:\/\/www.valtekno.fi\/kauppa\/wp-json\/wp\/v2\/media\/1168"}],"wp:attachment":[{"href":"https:\/\/www.valtekno.fi\/kauppa\/wp-json\/wp\/v2\/media?parent=1167"}],"wp:term":[{"taxonomy":"product_brand","embeddable":true,"href":"https:\/\/www.valtekno.fi\/kauppa\/wp-json\/wp\/v2\/product_brand?post=1167"},{"taxonomy":"product_cat","embeddable":true,"href":"https:\/\/www.valtekno.fi\/kauppa\/wp-json\/wp\/v2\/product_cat?post=1167"},{"taxonomy":"product_tag","embeddable":true,"href":"https:\/\/www.valtekno.fi\/kauppa\/wp-json\/wp\/v2\/product_tag?post=1167"}],"curies":[{"name":"wp","href":"https:\/\/api.w.org\/{rel}","templated":true}]}}