{"id":11523,"date":"2024-10-11T07:15:12","date_gmt":"2024-10-11T04:15:12","guid":{"rendered":"https:\/\/www.valtekno.fi\/kauppa\/?post_type=product&#038;p=11523"},"modified":"2025-07-04T08:33:06","modified_gmt":"2025-07-04T05:33:06","slug":"taitettava-aurinkopaneeli-salkku-100-w-mppt-saadin-perusversio-poisto","status":"publish","type":"product","link":"https:\/\/www.valtekno.fi\/kauppa\/tuote\/taitettava-aurinkopaneeli-salkku-100-w-mppt-saadin-perusversio-poisto\/","title":{"rendered":"Poistotuote: Taitettava aurinko\u00adpaneeli, salkku, 100 W, MPPT-s\u00e4\u00e4din, perusversio"},"content":{"rendered":"<p>Esittelyk\u00e4yt\u00f6ss\u00e4 olleita, t\u00e4ysin k\u00e4ytt\u00f6kelpoisia ja normaalilla takuulla olevia tuotteita.<\/p>\n<p>Kevyt salkkumallinen 100 W(p) tehon tuottava paneeli, jossa kytkent\u00e4 akkuun tapahtuu ns. hauenleukaliittimill\u00e4.<\/p>\n<p>T\u00e4ss\u00e4 mallissa on laadukas ja hyv\u00e4n hy\u00f6tysuhteen omaava MPPT-latauss\u00e4\u00e4din (Epever Tracer BP, 10 A, roiskevesitiivis).<\/p>\n<p>Paneelin pintamateriaali on perinteisen lasin sijasta ETFE-muovia, jolla saavutetaan kaksi t\u00e4rke\u00e4\u00e4 etua: paneeli on kevyt (4,6 kg) ja se kest\u00e4\u00e4 pient\u00e4 taivuttelua ja kolhuja paremmin kuin lasinen versio. Kantokahvoihin sijoitetut magneetit pit\u00e4v\u00e4t salkun napakasti kiinni kannettaessa.<\/p>\n<p>Lis\u00e4varusteena l\u00f6ytyy latauss\u00e4\u00e4timeen liitett\u00e4v\u00e4 ulkoinen n\u00e4ytt\u00f6, joka voidaan asentaa hyv\u00e4lle paikalle ja n\u00e4in on helppo tarkkailla esim. akun j\u00e4nnitett\u00e4 ja paneelin tuottamaa tehoa. Ulkoinen n\u00e4ytt\u00f6 tarvitaan my\u00f6s, jos halutaan muuttaa laitteen asetuksia, esim. akun tyyppi\u00e4. Oletuksena akun tyyppi on normaali ns. vapaa-ajan lyijyakku. Ilmoittele meille tilauksen yhteydess\u00e4, jos et halua n\u00e4ytt\u00f6\u00e4, mutta k\u00e4yt\u00e4t jotain muuta akkua (geeli, litium, avoin lyijyakku). Voimme t\u00e4ll\u00f6in asettaa sopivat asetukset valmiiksi.<\/p>\n<p>Erinomainen valinta silloin, kun ei haluta tehd\u00e4 kiinteit\u00e4 asennuksia. Etuna on my\u00f6s helppo suunnattavuus kohti aurinkoa. Monissa vastaavissa laitteissa tulee mukana edullinen PWM-s\u00e4\u00e4din, mutta t\u00e4m\u00e4n laitteen MPPT-s\u00e4\u00e4din on hy\u00f6tysuhteeltaan huomattavasti parempi.<\/p>\n<p>Sis\u00e4lt\u00e4\u00e4 kassin kantamista ja s\u00e4ilytt\u00e4mist\u00e4 varten.<\/p>\n<p>T\u00e4m\u00e4 on perusversio ja meill\u00e4 on myynniss\u00e4 my\u00f6s matkailuauto- ja -vaunuk\u00e4ytt\u00f6\u00f6n suunniteltu versio, jossa liit\u00e4nt\u00e4 akkuun tapahtuu kiinte\u00e4sti:<\/p>\n<blockquote class=\"wp-embedded-content\" data-secret=\"WBjEmZ4k9U\"><p><a href=\"https:\/\/www.valtekno.fi\/kauppa\/tuote\/taitettava-aurinkopaneeli-salkku-100-w\/\">Taitettava aurinko\u00adpaneeli, salkku, 100 W, MPPT-s\u00e4\u00e4din<\/a><\/p><\/blockquote>\n<p><iframe loading=\"lazy\" class=\"wp-embedded-content\" sandbox=\"allow-scripts\" security=\"restricted\" style=\"position: absolute; visibility: hidden;\" title=\"&#8221;Taitettava aurinko\u00adpaneeli, salkku, 100 W, MPPT-s\u00e4\u00e4din&#8221; &#8212; Valtekno Oy - Verkkokauppa\" src=\"https:\/\/www.valtekno.fi\/kauppa\/tuote\/taitettava-aurinkopaneeli-salkku-100-w\/embed\/#?secret=ZTZhBS5Rur#?secret=WBjEmZ4k9U\" data-secret=\"WBjEmZ4k9U\" width=\"600\" height=\"338\" frameborder=\"0\" marginwidth=\"0\" marginheight=\"0\" scrolling=\"no\"><\/iframe><\/p>\n<p>&nbsp;<\/p>\n","protected":false},"excerpt":{"rendered":"<p>Esittelyk\u00e4yt\u00f6ss\u00e4 olleita, t\u00e4ysin k\u00e4ytt\u00f6kelpoisia ja normaalilla takuulla olevia tuotteita. Kevyt salkkumallinen 100 W(p) tehon tuottava paneeli, jossa kytkent\u00e4 akkuun tapahtuu ns. hauenleukaliittimill\u00e4. T\u00e4ss\u00e4 mallissa on laadukas ja hyv\u00e4n hy\u00f6tysuhteen omaava MPPT-latauss\u00e4\u00e4din (Epever Tracer BP, 10 A, roiskevesitiivis). Paneelin pintamateriaali on perinteisen lasin sijasta ETFE-muovia, jolla saavutetaan kaksi t\u00e4rke\u00e4\u00e4 etua: paneeli on kevyt (4,6 kg) ja [&hellip;]<\/p>\n","protected":false},"featured_media":10574,"template":"","meta":{"jetpack_post_was_ever_published":false,"jetpack_publicize_message":"","jetpack_publicize_feature_enabled":true,"jetpack_social_post_already_shared":true,"jetpack_social_options":{"image_generator_settings":{"template":"highway","default_image_id":0,"font":"","enabled":false},"version":2}},"product_brand":[],"product_cat":[30,205],"product_tag":[115,102,103,42,292,107,100,101,24,104,43,294,41,106,105],"class_list":{"0":"post-11523","1":"product","2":"type-product","3":"status-publish","4":"has-post-thumbnail","6":"product_cat-aurinkopaneelit","7":"product_cat-poistot","8":"product_tag-100-w","9":"product_tag-asuntoautoon","10":"product_tag-asuntovaunuun","11":"product_tag-aurinkopaneeli","12":"product_tag-epever","13":"product_tag-kompakti","14":"product_tag-matkailuautoon","15":"product_tag-matkailuvaunuun","16":"product_tag-mppt","17":"product_tag-mokille","18":"product_tag-salkku","19":"product_tag-salkkumalli","20":"product_tag-taitettava","21":"product_tag-taittuva","22":"product_tag-veneeseen","24":"first","25":"outofstock","26":"taxable","27":"shipping-taxable","28":"purchasable","29":"product-type-simple"},"jetpack_publicize_connections":[],"jetpack_sharing_enabled":true,"_links":{"self":[{"href":"https:\/\/www.valtekno.fi\/kauppa\/wp-json\/wp\/v2\/product\/11523","targetHints":{"allow":["GET"]}}],"collection":[{"href":"https:\/\/www.valtekno.fi\/kauppa\/wp-json\/wp\/v2\/product"}],"about":[{"href":"https:\/\/www.valtekno.fi\/kauppa\/wp-json\/wp\/v2\/types\/product"}],"wp:featuredmedia":[{"embeddable":true,"href":"https:\/\/www.valtekno.fi\/kauppa\/wp-json\/wp\/v2\/media\/10574"}],"wp:attachment":[{"href":"https:\/\/www.valtekno.fi\/kauppa\/wp-json\/wp\/v2\/media?parent=11523"}],"wp:term":[{"taxonomy":"product_brand","embeddable":true,"href":"https:\/\/www.valtekno.fi\/kauppa\/wp-json\/wp\/v2\/product_brand?post=11523"},{"taxonomy":"product_cat","embeddable":true,"href":"https:\/\/www.valtekno.fi\/kauppa\/wp-json\/wp\/v2\/product_cat?post=11523"},{"taxonomy":"product_tag","embeddable":true,"href":"https:\/\/www.valtekno.fi\/kauppa\/wp-json\/wp\/v2\/product_tag?post=11523"}],"curies":[{"name":"wp","href":"https:\/\/api.w.org\/{rel}","templated":true}]}}