{"id":11489,"date":"2024-09-23T06:27:10","date_gmt":"2024-09-23T03:27:10","guid":{"rendered":"https:\/\/www.valtekno.fi\/kauppa\/?post_type=product&#038;p=11489"},"modified":"2025-11-30T13:16:27","modified_gmt":"2025-11-30T11:16:27","slug":"epever-rs485-1m2s","status":"publish","type":"product","link":"https:\/\/www.valtekno.fi\/kauppa\/tuote\/epever-rs485-1m2s\/","title":{"rendered":"RS485-jakaja, Epever RS485-1M2S"},"content":{"rendered":"<p>T\u00e4m\u00e4n RS485-jakajan avulla voidaan esim. k\u00e4ytt\u00e4\u00e4 samaa Bluetooth-sovitinta invertterin ja aurinkopaneelin latauss\u00e4\u00e4timen hallitsemiseen. Samoin voidaan k\u00e4ytt\u00e4\u00e4 samanaikaisesti kahta n\u00e4ytt\u00f6laitetta: esim. ulkoinen n\u00e4ytt\u00f6 ja Bluetooth-sovitin.<\/p>\n<p>Laitteessa on seuraavat liit\u00e4nn\u00e4t:<\/p>\n<ul>\n<li>2 kpl master-laite (esim. invertteri ja latauss\u00e4\u00e4din)<\/li>\n<li>2 kpl slave-laite (esim. ulkoinen n\u00e4ytt\u00f6 ja Bluetooth-sovitin)<\/li>\n<li>1 kpl virtaliitin 8-70 VDC. Ei ole pakollinen, jos master-laitteena on jatkuvan virran antava laite, esim. latauss\u00e4\u00e4din<\/li>\n<\/ul>\n<p>Soveltuu useimmille Epever -merkkisille laitteille, tarkista soveltuvuus tarvittaessa myyj\u00e4lt\u00e4.<\/p>\n","protected":false},"excerpt":{"rendered":"<p>T\u00e4m\u00e4n RS485-jakajan avulla voidaan esim. k\u00e4ytt\u00e4\u00e4 samaa Bluetooth-sovitinta invertterin ja aurinkopaneelin latauss\u00e4\u00e4timen hallitsemiseen. Samoin voidaan k\u00e4ytt\u00e4\u00e4 samanaikaisesti kahta n\u00e4ytt\u00f6laitetta: esim. ulkoinen n\u00e4ytt\u00f6 ja Bluetooth-sovitin. Laitteessa on seuraavat liit\u00e4nn\u00e4t: 2 kpl master-laite (esim. invertteri ja latauss\u00e4\u00e4din) 2 kpl slave-laite (esim. ulkoinen n\u00e4ytt\u00f6 ja Bluetooth-sovitin) 1 kpl virtaliitin 8-70 VDC. Ei ole pakollinen, jos master-laitteena on jatkuvan [&hellip;]<\/p>\n","protected":false},"featured_media":11504,"template":"","meta":{"jetpack_post_was_ever_published":false,"jetpack_publicize_message":"","jetpack_publicize_feature_enabled":true,"jetpack_social_post_already_shared":true,"jetpack_social_options":{"image_generator_settings":{"template":"highway","default_image_id":0,"font":"","enabled":false},"version":2}},"product_brand":[],"product_cat":[340,32],"product_tag":[102,103,42,332,334,139,293,292,343,100,101,24,104,98,234,335,333,105],"class_list":{"0":"post-11489","1":"product","2":"type-product","3":"status-publish","4":"has-post-thumbnail","6":"product_cat-epever-lisavarusteet","7":"product_cat-lisavarusteet","8":"product_tag-asuntoautoon","9":"product_tag-asuntovaunuun","10":"product_tag-aurinkopaneeli","11":"product_tag-bl","12":"product_tag-ble","13":"product_tag-bluetooth","14":"product_tag-duoracer","15":"product_tag-epever","16":"product_tag-jakaja","17":"product_tag-matkailuautoon","18":"product_tag-matkailuvaunuun","19":"product_tag-mppt","20":"product_tag-mokille","21":"product_tag-naytto","22":"product_tag-nayttopaneeli","23":"product_tag-rj45","24":"product_tag-sovitin","25":"product_tag-veneeseen","27":"first","28":"instock","29":"taxable","30":"shipping-taxable","31":"purchasable","32":"product-type-simple"},"bundled_by":[],"bundle_stock_status":"instock","bundle_stock_quantity":1,"bundle_virtual":false,"bundle_layout":"","bundle_add_to_cart_form_location":"","bundle_editable_in_cart":false,"bundle_sold_individually_context":"","bundle_item_grouping":"","bundle_min_size":"","bundle_max_size":"","bundle_price":[],"bundled_items":[],"bundle_sell_ids":[11054],"jetpack_publicize_connections":[],"jetpack_sharing_enabled":true,"_links":{"self":[{"href":"https:\/\/www.valtekno.fi\/kauppa\/wp-json\/wp\/v2\/product\/11489","targetHints":{"allow":["GET"]}}],"collection":[{"href":"https:\/\/www.valtekno.fi\/kauppa\/wp-json\/wp\/v2\/product"}],"about":[{"href":"https:\/\/www.valtekno.fi\/kauppa\/wp-json\/wp\/v2\/types\/product"}],"wp:featuredmedia":[{"embeddable":true,"href":"https:\/\/www.valtekno.fi\/kauppa\/wp-json\/wp\/v2\/media\/11504"}],"wp:attachment":[{"href":"https:\/\/www.valtekno.fi\/kauppa\/wp-json\/wp\/v2\/media?parent=11489"}],"wp:term":[{"taxonomy":"product_brand","embeddable":true,"href":"https:\/\/www.valtekno.fi\/kauppa\/wp-json\/wp\/v2\/product_brand?post=11489"},{"taxonomy":"product_cat","embeddable":true,"href":"https:\/\/www.valtekno.fi\/kauppa\/wp-json\/wp\/v2\/product_cat?post=11489"},{"taxonomy":"product_tag","embeddable":true,"href":"https:\/\/www.valtekno.fi\/kauppa\/wp-json\/wp\/v2\/product_tag?post=11489"}],"curies":[{"name":"wp","href":"https:\/\/api.w.org\/{rel}","templated":true}]}}