{"id":11329,"date":"2024-07-26T11:30:17","date_gmt":"2024-07-26T08:30:17","guid":{"rendered":"https:\/\/www.valtekno.fi\/kauppa\/?post_type=product&#038;p=11329"},"modified":"2026-04-20T14:58:36","modified_gmt":"2026-04-20T11:58:36","slug":"kauko-ohjain-invertteriin-epever","status":"publish","type":"product","link":"https:\/\/www.valtekno.fi\/kauppa\/tuote\/kauko-ohjain-invertteriin-epever\/","title":{"rendered":"Kauko-ohjain invertteriin, Epever MT91"},"content":{"rendered":"<p>HUOM! T\u00e4m\u00e4 laite on yhteensopiva vain seuraavien inverttereiden kanssa: Epever IP- ja IPB -sarja sek\u00e4 muut Epeverin yhteensopivat invertterit<\/p>\n<p>Kauko-ohjain n. 1 metrin v\u00e4lijohdolla (voidaan jatkaa CAT5 -verkkokaapelilla ja jatkoliittimell\u00e4). Samat toiminnot kuin invertterin kiinte\u00e4ss\u00e4 ohjauspaneelissa (n\u00e4ytt\u00f6, n\u00e4pp\u00e4imet, merkkivalot).<\/p>\n<p>Laitteessa on my\u00f6s liit\u00e4nt\u00e4 esim. t\u00e4lle Bluetooth\u00ae -sovittimelle: <a href=\"https:\/\/www.valtekno.fi\/kauppa\/tuote\/bt-sovitin-epever-blerj45d\/\">linkki<\/a>.<\/p>\n<p>Upotetaan esim. kaapin levyyn, upotusaukon koko: n. 78 x 53 mm. Upotussyvyytt\u00e4 tarvitaan levyn ulkopinnasta n. 40 mm. N\u00e4kyville j\u00e4\u00e4v\u00e4n osan halkaisija 100 mm.<\/p>\n","protected":false},"excerpt":{"rendered":"<p>HUOM! T\u00e4m\u00e4 laite on yhteensopiva vain seuraavien inverttereiden kanssa: Epever IP- ja IPB -sarja sek\u00e4 muut Epeverin yhteensopivat invertterit Kauko-ohjain n. 1 metrin v\u00e4lijohdolla (voidaan jatkaa CAT5 -verkkokaapelilla ja jatkoliittimell\u00e4). Samat toiminnot kuin invertterin kiinte\u00e4ss\u00e4 ohjauspaneelissa (n\u00e4ytt\u00f6, n\u00e4pp\u00e4imet, merkkivalot). Laitteessa on my\u00f6s liit\u00e4nt\u00e4 esim. t\u00e4lle Bluetooth\u00ae -sovittimelle: linkki. Upotetaan esim. kaapin levyyn, upotusaukon koko: n. [&hellip;]<\/p>\n","protected":false},"featured_media":11332,"template":"","meta":{"jetpack_post_was_ever_published":false,"jetpack_publicize_message":"","jetpack_publicize_feature_enabled":true,"jetpack_social_post_already_shared":true,"jetpack_social_options":{"image_generator_settings":{"template":"highway","default_image_id":0,"font":"","enabled":false},"version":2}},"product_brand":[],"product_cat":[340],"product_tag":[102,103,292,176,61,175,100,101,339,48],"class_list":{"0":"post-11329","1":"product","2":"type-product","3":"status-publish","4":"has-post-thumbnail","6":"product_cat-epever-lisavarusteet","7":"product_tag-asuntoautoon","8":"product_tag-asuntovaunuun","9":"product_tag-epever","10":"product_tag-etaohjaus","11":"product_tag-invertteri","12":"product_tag-kauko-ohjain","13":"product_tag-matkailuautoon","14":"product_tag-matkailuvaunuun","15":"product_tag-mt91","16":"product_tag-paneeli","18":"first","19":"instock","20":"taxable","21":"shipping-taxable","22":"purchasable","23":"product-type-simple"},"bundled_by":[],"bundle_stock_status":"instock","bundle_stock_quantity":10,"bundle_virtual":false,"bundle_layout":"","bundle_add_to_cart_form_location":"","bundle_editable_in_cart":false,"bundle_sold_individually_context":"","bundle_item_grouping":"","bundle_min_size":"","bundle_max_size":"","bundle_price":[],"bundled_items":[],"bundle_sell_ids":[11310,11347,11380,11394],"jetpack_publicize_connections":[],"jetpack_sharing_enabled":true,"_links":{"self":[{"href":"https:\/\/www.valtekno.fi\/kauppa\/wp-json\/wp\/v2\/product\/11329","targetHints":{"allow":["GET"]}}],"collection":[{"href":"https:\/\/www.valtekno.fi\/kauppa\/wp-json\/wp\/v2\/product"}],"about":[{"href":"https:\/\/www.valtekno.fi\/kauppa\/wp-json\/wp\/v2\/types\/product"}],"wp:featuredmedia":[{"embeddable":true,"href":"https:\/\/www.valtekno.fi\/kauppa\/wp-json\/wp\/v2\/media\/11332"}],"wp:attachment":[{"href":"https:\/\/www.valtekno.fi\/kauppa\/wp-json\/wp\/v2\/media?parent=11329"}],"wp:term":[{"taxonomy":"product_brand","embeddable":true,"href":"https:\/\/www.valtekno.fi\/kauppa\/wp-json\/wp\/v2\/product_brand?post=11329"},{"taxonomy":"product_cat","embeddable":true,"href":"https:\/\/www.valtekno.fi\/kauppa\/wp-json\/wp\/v2\/product_cat?post=11329"},{"taxonomy":"product_tag","embeddable":true,"href":"https:\/\/www.valtekno.fi\/kauppa\/wp-json\/wp\/v2\/product_tag?post=11329"}],"curies":[{"name":"wp","href":"https:\/\/api.w.org\/{rel}","templated":true}]}}