{"id":11078,"date":"2024-05-20T15:55:57","date_gmt":"2024-05-20T12:55:57","guid":{"rendered":"https:\/\/www.valtekno.fi\/kauppa\/?post_type=product&#038;p=11078"},"modified":"2026-03-03T08:38:41","modified_gmt":"2026-03-03T06:38:41","slug":"salkkumallisen-aurinkopaneelin-liittimet","status":"publish","type":"product","link":"https:\/\/www.valtekno.fi\/kauppa\/tuote\/salkkumallisen-aurinkopaneelin-liittimet\/","title":{"rendered":"Salkkumallisen aurinkopaneelin liittimet"},"content":{"rendered":"<p>Liittimet erikseen myytyin\u00e4, kolme vaihtoehtoa:<\/p>\n<ol>\n<li>Sein\u00e4\u00e4n kiinnitett\u00e4v\u00e4 naarasliitin<\/li>\n<li>Johtoon kiinnitett\u00e4v\u00e4 naarasliitin<\/li>\n<li>Johtoon kiinnitett\u00e4v\u00e4 urosliitin<\/li>\n<\/ol>\n<p>IP68 -suojausluokka. Yhden johdon max. poikkipinta-ala 4 mm\u00b2. Kaapelin halkaisija 6-12 mm. Max. virta 25 A.<\/p>\n","protected":false},"excerpt":{"rendered":"<p>Liittimet erikseen myytyin\u00e4, kolme vaihtoehtoa: Sein\u00e4\u00e4n kiinnitett\u00e4v\u00e4 naarasliitin Johtoon kiinnitett\u00e4v\u00e4 naarasliitin Johtoon kiinnitett\u00e4v\u00e4 urosliitin IP68 -suojausluokka. Yhden johdon max. poikkipinta-ala 4 mm\u00b2. Kaapelin halkaisija 6-12 mm. Max. virta 25 A.<\/p>\n","protected":false},"featured_media":11082,"template":"","meta":{"jetpack_post_was_ever_published":false,"jetpack_publicize_message":"","jetpack_publicize_feature_enabled":true,"jetpack_social_post_already_shared":true,"jetpack_social_options":{"image_generator_settings":{"template":"highway","default_image_id":0,"font":"","enabled":false},"version":2}},"product_brand":[],"product_cat":[264],"product_tag":[],"class_list":{"0":"post-11078","1":"product","2":"type-product","3":"status-publish","4":"has-post-thumbnail","6":"product_cat-johdot-ja-liittimet","8":"first","9":"instock","10":"taxable","11":"shipping-taxable","12":"purchasable","13":"product-type-variable"},"bundled_by":[],"bundle_stock_status":"instock","bundle_stock_quantity":4,"bundle_virtual":false,"bundle_layout":"","bundle_add_to_cart_form_location":"","bundle_editable_in_cart":false,"bundle_sold_individually_context":"","bundle_item_grouping":"","bundle_min_size":"","bundle_max_size":"","bundle_price":[],"bundled_items":[],"bundle_sell_ids":[],"jetpack_publicize_connections":[],"jetpack_sharing_enabled":true,"_links":{"self":[{"href":"https:\/\/www.valtekno.fi\/kauppa\/wp-json\/wp\/v2\/product\/11078","targetHints":{"allow":["GET"]}}],"collection":[{"href":"https:\/\/www.valtekno.fi\/kauppa\/wp-json\/wp\/v2\/product"}],"about":[{"href":"https:\/\/www.valtekno.fi\/kauppa\/wp-json\/wp\/v2\/types\/product"}],"wp:featuredmedia":[{"embeddable":true,"href":"https:\/\/www.valtekno.fi\/kauppa\/wp-json\/wp\/v2\/media\/11082"}],"wp:attachment":[{"href":"https:\/\/www.valtekno.fi\/kauppa\/wp-json\/wp\/v2\/media?parent=11078"}],"wp:term":[{"taxonomy":"product_brand","embeddable":true,"href":"https:\/\/www.valtekno.fi\/kauppa\/wp-json\/wp\/v2\/product_brand?post=11078"},{"taxonomy":"product_cat","embeddable":true,"href":"https:\/\/www.valtekno.fi\/kauppa\/wp-json\/wp\/v2\/product_cat?post=11078"},{"taxonomy":"product_tag","embeddable":true,"href":"https:\/\/www.valtekno.fi\/kauppa\/wp-json\/wp\/v2\/product_tag?post=11078"}],"curies":[{"name":"wp","href":"https:\/\/api.w.org\/{rel}","templated":true}]}}