{"id":11054,"date":"2024-05-16T12:56:41","date_gmt":"2024-05-16T09:56:41","guid":{"rendered":"https:\/\/www.valtekno.fi\/kauppa\/?post_type=product&#038;p=11054"},"modified":"2026-04-19T14:58:19","modified_gmt":"2026-04-19T11:58:19","slug":"bt-sovitin-epever-blerj45d","status":"publish","type":"product","link":"https:\/\/www.valtekno.fi\/kauppa\/tuote\/bt-sovitin-epever-blerj45d\/","title":{"rendered":"Bluetooth\u00ae -sovitin Epever BLE RJ45 D, DuoRacer-v\u00e4lijohdolla"},"content":{"rendered":"<p>T\u00e4m\u00e4n \u00a0Bluetooth\u00ae -sovittimen avulla voidaan saada Epever-merkkisen latauss\u00e4\u00e4timen tai muun soveltuvan laitteen tiedot \u00e4lypuhelimeen tai tablettiin. T\u00e4h\u00e4n k\u00e4ytet\u00e4\u00e4n Solar Guardian -nimist\u00e4 sovellusta, joka l\u00f6ytyy sek\u00e4 Android- ett\u00e4 Apple -sovelluskaupoista. Sovelluksella pystyy my\u00f6s muuttamaan laitteen asetuksia. Alla on lyhyt video sovelluksen k\u00e4yt\u00f6st\u00e4 (Android -versio).<\/p>\n<p>Yhteyden kantama on n. 10 m avoimessa ymp\u00e4rist\u00f6ss\u00e4 ja esteet, kuten sein\u00e4t toki lyhent\u00e4v\u00e4t t\u00e4t\u00e4.<\/p>\n<p>Mukana tulevan v\u00e4lijohdon avulla soveltuu esim. t\u00e4h\u00e4n Epever DuoRacer -latauss\u00e4\u00e4timeen:<\/p>\n<blockquote class=\"wp-embedded-content\" data-secret=\"4dhkdte7FQ\"><p><a href=\"https:\/\/www.valtekno.fi\/kauppa\/tuote\/lataussaadin-epever-duoracer-mppt-30-a-12-24-v-akuille\/\">Latauss\u00e4\u00e4din,  Epever DuoRacer MPPT, 30 A, 12\/24 V akuille<\/a><\/p><\/blockquote>\n<p><iframe loading=\"lazy\" class=\"wp-embedded-content\" sandbox=\"allow-scripts\" security=\"restricted\" style=\"position: absolute; visibility: hidden;\" title=\"&#8221;Latauss\u00e4\u00e4din,  Epever DuoRacer MPPT, 30 A, 12\/24 V akuille&#8221; &#8212; Valtekno Oy - Verkkokauppa\" src=\"https:\/\/www.valtekno.fi\/kauppa\/tuote\/lataussaadin-epever-duoracer-mppt-30-a-12-24-v-akuille\/embed\/#?secret=TrFApAJG2D#?secret=4dhkdte7FQ\" data-secret=\"4dhkdte7FQ\" width=\"600\" height=\"338\" frameborder=\"0\" marginwidth=\"0\" marginheight=\"0\" scrolling=\"no\"><\/iframe><\/p>\n<p>Huom. t\u00e4t\u00e4 sovitinta k\u00e4ytett\u00e4ess\u00e4 ei voida samanaikaisesta k\u00e4ytt\u00e4\u00e4 ulkoista n\u00e4ytt\u00f6paneelia DuoRacer -s\u00e4\u00e4timiss\u00e4 ja vastaavissa ilman lis\u00e4laitetta.<\/p>\n<p><span class=\"embed-youtube\" style=\"text-align:center; display: block;\"><iframe loading=\"lazy\" class=\"youtube-player\" width=\"980\" height=\"552\" src=\"https:\/\/www.youtube.com\/embed\/s0uzr7pG48g?version=3&#038;rel=1&#038;showsearch=0&#038;showinfo=1&#038;iv_load_policy=1&#038;fs=1&#038;hl=fi&#038;autohide=2&#038;wmode=transparent\" allowfullscreen=\"true\" style=\"border:0;\" sandbox=\"allow-scripts allow-same-origin allow-popups allow-presentation allow-popups-to-escape-sandbox\"><\/iframe><\/span><\/p>\n","protected":false},"excerpt":{"rendered":"<p>T\u00e4m\u00e4n \u00a0Bluetooth\u00ae -sovittimen avulla voidaan saada Epever-merkkisen latauss\u00e4\u00e4timen tai muun soveltuvan laitteen tiedot \u00e4lypuhelimeen tai tablettiin. T\u00e4h\u00e4n k\u00e4ytet\u00e4\u00e4n Solar Guardian -nimist\u00e4 sovellusta, joka l\u00f6ytyy sek\u00e4 Android- ett\u00e4 Apple -sovelluskaupoista. Sovelluksella pystyy my\u00f6s muuttamaan laitteen asetuksia. Alla on lyhyt video sovelluksen k\u00e4yt\u00f6st\u00e4 (Android -versio). Yhteyden kantama on n. 10 m avoimessa ymp\u00e4rist\u00f6ss\u00e4 ja esteet, kuten sein\u00e4t [&hellip;]<\/p>\n","protected":false},"featured_media":11057,"template":"","meta":{"jetpack_post_was_ever_published":false,"jetpack_publicize_message":"","jetpack_publicize_feature_enabled":true,"jetpack_social_post_already_shared":true,"jetpack_social_options":{"image_generator_settings":{"template":"highway","default_image_id":0,"font":"","enabled":false},"version":2}},"product_brand":[],"product_cat":[340,32],"product_tag":[102,103,42,332,334,139,293,292,100,101,24,104,98,234,335,333,105],"class_list":{"0":"post-11054","1":"product","2":"type-product","3":"status-publish","4":"has-post-thumbnail","6":"product_cat-epever-lisavarusteet","7":"product_cat-lisavarusteet","8":"product_tag-asuntoautoon","9":"product_tag-asuntovaunuun","10":"product_tag-aurinkopaneeli","11":"product_tag-bl","12":"product_tag-ble","13":"product_tag-bluetooth","14":"product_tag-duoracer","15":"product_tag-epever","16":"product_tag-matkailuautoon","17":"product_tag-matkailuvaunuun","18":"product_tag-mppt","19":"product_tag-mokille","20":"product_tag-naytto","21":"product_tag-nayttopaneeli","22":"product_tag-rj45","23":"product_tag-sovitin","24":"product_tag-veneeseen","26":"first","27":"instock","28":"taxable","29":"shipping-taxable","30":"purchasable","31":"product-type-simple"},"bundled_by":[],"bundle_stock_status":"instock","bundle_stock_quantity":1,"bundle_virtual":false,"bundle_layout":"","bundle_add_to_cart_form_location":"","bundle_editable_in_cart":false,"bundle_sold_individually_context":"","bundle_item_grouping":"","bundle_min_size":"","bundle_max_size":"","bundle_price":[],"bundled_items":[],"bundle_sell_ids":[9265],"jetpack_publicize_connections":[],"jetpack_sharing_enabled":true,"_links":{"self":[{"href":"https:\/\/www.valtekno.fi\/kauppa\/wp-json\/wp\/v2\/product\/11054","targetHints":{"allow":["GET"]}}],"collection":[{"href":"https:\/\/www.valtekno.fi\/kauppa\/wp-json\/wp\/v2\/product"}],"about":[{"href":"https:\/\/www.valtekno.fi\/kauppa\/wp-json\/wp\/v2\/types\/product"}],"wp:featuredmedia":[{"embeddable":true,"href":"https:\/\/www.valtekno.fi\/kauppa\/wp-json\/wp\/v2\/media\/11057"}],"wp:attachment":[{"href":"https:\/\/www.valtekno.fi\/kauppa\/wp-json\/wp\/v2\/media?parent=11054"}],"wp:term":[{"taxonomy":"product_brand","embeddable":true,"href":"https:\/\/www.valtekno.fi\/kauppa\/wp-json\/wp\/v2\/product_brand?post=11054"},{"taxonomy":"product_cat","embeddable":true,"href":"https:\/\/www.valtekno.fi\/kauppa\/wp-json\/wp\/v2\/product_cat?post=11054"},{"taxonomy":"product_tag","embeddable":true,"href":"https:\/\/www.valtekno.fi\/kauppa\/wp-json\/wp\/v2\/product_tag?post=11054"}],"curies":[{"name":"wp","href":"https:\/\/api.w.org\/{rel}","templated":true}]}}