{"id":1083,"date":"2019-02-27T08:04:41","date_gmt":"2019-02-27T06:04:41","guid":{"rendered":"https:\/\/www.valtekno.fi\/kauppa\/?post_type=product&#038;p=1083"},"modified":"2025-11-16T10:04:14","modified_gmt":"2025-11-16T08:04:14","slug":"mc4-haaroitusliitin","status":"publish","type":"product","link":"https:\/\/www.valtekno.fi\/kauppa\/tuote\/mc4-haaroitusliitin\/","title":{"rendered":"MC4-haaroitusliitin"},"content":{"rendered":"<p>Sis\u00e4lt\u00e4\u00e4 yhden haaroitusliitinparin: uros- ja naarasliittimet. Soveltuu esim. kahden aurinkopaneelin kytkemiseen samaan latauss\u00e4\u00e4timeen (rinnankytkent\u00e4).<\/p>\n","protected":false},"excerpt":{"rendered":"<p>Sis\u00e4lt\u00e4\u00e4 yhden haaroitusliitinparin: uros- ja naarasliittimet. Soveltuu esim. kahden aurinkopaneelin kytkemiseen samaan latauss\u00e4\u00e4timeen (rinnankytkent\u00e4).<\/p>\n","protected":false},"featured_media":1081,"template":"","meta":{"jetpack_post_was_ever_published":false,"jetpack_publicize_message":"","jetpack_publicize_feature_enabled":true,"jetpack_social_post_already_shared":true,"jetpack_social_options":{"image_generator_settings":{"template":"highway","default_image_id":0,"font":"","enabled":false},"version":2}},"product_brand":[],"product_cat":[264],"product_tag":[87,59,86,56,88],"class_list":{"0":"post-1083","1":"product","2":"type-product","3":"status-publish","4":"has-post-thumbnail","6":"product_cat-johdot-ja-liittimet","7":"product_tag-haaroitus","8":"product_tag-liitin","9":"product_tag-liitinpari","10":"product_tag-mc4","11":"product_tag-t-liitin","13":"first","14":"instock","15":"taxable","16":"shipping-taxable","17":"purchasable","18":"product-type-simple"},"bundled_by":["1714","1938","2034","2468","3374","3736"],"bundle_stock_status":"instock","bundle_stock_quantity":6,"bundle_virtual":false,"bundle_layout":"","bundle_add_to_cart_form_location":"","bundle_editable_in_cart":false,"bundle_sold_individually_context":"","bundle_item_grouping":"","bundle_min_size":"","bundle_max_size":"","bundle_price":[],"bundled_items":[],"bundle_sell_ids":[],"jetpack_publicize_connections":[],"jetpack_sharing_enabled":true,"_links":{"self":[{"href":"https:\/\/www.valtekno.fi\/kauppa\/wp-json\/wp\/v2\/product\/1083","targetHints":{"allow":["GET"]}}],"collection":[{"href":"https:\/\/www.valtekno.fi\/kauppa\/wp-json\/wp\/v2\/product"}],"about":[{"href":"https:\/\/www.valtekno.fi\/kauppa\/wp-json\/wp\/v2\/types\/product"}],"wp:featuredmedia":[{"embeddable":true,"href":"https:\/\/www.valtekno.fi\/kauppa\/wp-json\/wp\/v2\/media\/1081"}],"wp:attachment":[{"href":"https:\/\/www.valtekno.fi\/kauppa\/wp-json\/wp\/v2\/media?parent=1083"}],"wp:term":[{"taxonomy":"product_brand","embeddable":true,"href":"https:\/\/www.valtekno.fi\/kauppa\/wp-json\/wp\/v2\/product_brand?post=1083"},{"taxonomy":"product_cat","embeddable":true,"href":"https:\/\/www.valtekno.fi\/kauppa\/wp-json\/wp\/v2\/product_cat?post=1083"},{"taxonomy":"product_tag","embeddable":true,"href":"https:\/\/www.valtekno.fi\/kauppa\/wp-json\/wp\/v2\/product_tag?post=1083"}],"curies":[{"name":"wp","href":"https:\/\/api.w.org\/{rel}","templated":true}]}}