{"id":10814,"date":"2024-03-22T16:32:21","date_gmt":"2024-03-22T14:32:21","guid":{"rendered":"https:\/\/www.valtekno.fi\/kauppa\/?post_type=product&#038;p=10814"},"modified":"2025-05-06T10:43:11","modified_gmt":"2025-05-06T07:43:11","slug":"invertteri-2000-w-12-v-230-v-siniaalto-mittatilausjohdot-kaupan-paalle","status":"publish","type":"product","link":"https:\/\/www.valtekno.fi\/kauppa\/tuote\/invertteri-2000-w-12-v-230-v-siniaalto-mittatilausjohdot-kaupan-paalle\/","title":{"rendered":"Invertteri 2000 W, 12 V -&gt; 230 V, siniaalto, mittatilausjohdot kaupan p\u00e4\u00e4lle"},"content":{"rendered":"<p><span class=\"embed-youtube\" style=\"text-align:center; display: block;\"><iframe loading=\"lazy\" class=\"youtube-player\" width=\"980\" height=\"552\" src=\"https:\/\/www.youtube.com\/embed\/JEYwmgpkLMw?version=3&#038;rel=1&#038;showsearch=0&#038;showinfo=1&#038;iv_load_policy=1&#038;fs=1&#038;hl=fi&#038;autohide=2&#038;wmode=transparent\" allowfullscreen=\"true\" style=\"border:0;\" sandbox=\"allow-scripts allow-same-origin allow-popups allow-presentation allow-popups-to-escape-sandbox\"><\/iframe><\/span><\/p>\n<p><strong>Jos olet ostamassa invertteri\u00e4, niin t\u00e4ss\u00e4 on tutustumisen arvoinen tarjous!<\/strong> Teemme haluamasi pituiset (30-150 cm) johdot ja laitamme ne mukaan veloituksetta. Ja toki plussajohdossa on sulake (250 A). Valitse haluamasi johtojen pituudet ja mink\u00e4laiset liittimet haluat akkuun kiinnityst\u00e4 varten. T\u00e4m\u00e4n edun arvo on jopa 100,00 eur. Rajoitettu er\u00e4.<\/p>\n<p>Hyv\u00e4\u00e4 siniaaltoa tuottava perusinvertteri, jossa on hintaluokassaan yksi loistava ominaisuus: akun j\u00e4nniterajoja yms. pystyy muuttamaan haluamikseen. Usein suurella kuormituksella invertteri alkaa piippailemaan liian alhaisen akkuj\u00e4nnitteen vuoksi ja lopulta lopettaa mahdollisesti toiminnan kokonaan, vaikka akussa riitt\u00e4isi viel\u00e4 runsaasti kapasiteettia. Akun j\u00e4nnite laskee hetkellisesti suuren kuormituksen vuoksi ja j\u00e4nnite palautuu normaaliksi kuormituksen loputtua. T\u00e4ss\u00e4 invertteriss\u00e4 voidaan katkaisuj\u00e4nnitett\u00e4 s\u00e4\u00e4t\u00e4\u00e4 v\u00e4lill\u00e4 10,0-11,0 V<\/p>\n<p>Akun kest\u00e4vyyden kannalta ei tietenk\u00e4\u00e4n ole j\u00e4rkev\u00e4\u00e4 ylipurkaa sit\u00e4, mutta esim. matkailuautok\u00e4yt\u00f6ss\u00e4 k\u00e4ytt\u00f6jaksot suurella kuormituksella ovat hyvin lyhyit\u00e4, yleens\u00e4 muutamia minuutteja ja silloin ylipurkautumisen vaara on pieni. Toki kannattaa tarkkailla akun tilaa esim. lepoj\u00e4nnitteen perusteella (lyijyakku: 12,8 V: t\u00e4ysi akku, 11,6 V: tyhj\u00e4 akku).<\/p>\n<p>Laitteessa on lcd-n\u00e4ytt\u00f6 ja n\u00e4pp\u00e4imet asetusten muuttamista ja arvojen (j\u00e4nnite yms.) tarkkailemista varten.<\/p>\n<p>Lis\u00e4varusteena saatavissa esim. matkailuauton ohjauspaneeliin upotettava kauko-ohjain n. 5 metrin v\u00e4lijohdolla.<\/p>\n<p>2 kpl usb-latausliit\u00e4nn\u00e4t esim. puhelimen lataukseen (5 V \/ 2,1 A).<\/p>\n<p>RS485 tiedonsiirtoliit\u00e4nt\u00e4 esim. tiedonkeruuta varten suuremmissa j\u00e4rjestelmiss\u00e4.<\/p>\n<p>Laitteen mukana toimitetaan n. 55 cm pituiset akkujohdot ilman sulaketta. N\u00e4m\u00e4 johdot t\u00e4ytt\u00e4v\u00e4t minimivaatimukset, mutta kiinteisiin asennuksiin suosittelemme mittatilauksena teht\u00e4vi\u00e4 johtoja (t\u00e4lle invertterille sulake 250 A, \u00f88 mm rengasliitin):<\/p>\n<blockquote class=\"wp-embedded-content\" data-secret=\"1ohqHqNcFX\"><p><a href=\"https:\/\/www.valtekno.fi\/kauppa\/tuote\/invertterin-johto-punainen-plus-johdin-2\/\">Invertterin johto, punainen (plus-johto)<\/a><\/p><\/blockquote>\n<p><iframe loading=\"lazy\" class=\"wp-embedded-content\" sandbox=\"allow-scripts\" security=\"restricted\" style=\"position: absolute; visibility: hidden;\" title=\"&#8221;Invertterin johto, punainen (plus-johto)&#8221; &#8212; Valtekno Oy - Verkkokauppa\" src=\"https:\/\/www.valtekno.fi\/kauppa\/tuote\/invertterin-johto-punainen-plus-johdin-2\/embed\/#?secret=1pvkGSVgmq#?secret=1ohqHqNcFX\" data-secret=\"1ohqHqNcFX\" width=\"600\" height=\"338\" frameborder=\"0\" marginwidth=\"0\" marginheight=\"0\" scrolling=\"no\"><\/iframe><\/p>\n<blockquote class=\"wp-embedded-content\" data-secret=\"tE0lv9mFBG\"><p><a href=\"https:\/\/www.valtekno.fi\/kauppa\/tuote\/invertterin-johto-musta-miinus-johdin\/\">Invertterin johto, musta (miinus-johto)<\/a><\/p><\/blockquote>\n<p><iframe loading=\"lazy\" class=\"wp-embedded-content\" sandbox=\"allow-scripts\" security=\"restricted\" style=\"position: absolute; visibility: hidden;\" title=\"&#8221;Invertterin johto, musta (miinus-johto)&#8221; &#8212; Valtekno Oy - Verkkokauppa\" src=\"https:\/\/www.valtekno.fi\/kauppa\/tuote\/invertterin-johto-musta-miinus-johdin\/embed\/#?secret=A4m8MaCW5r#?secret=tE0lv9mFBG\" data-secret=\"tE0lv9mFBG\" width=\"600\" height=\"338\" frameborder=\"0\" marginwidth=\"0\" marginheight=\"0\" scrolling=\"no\"><\/iframe><\/p>\n","protected":false},"excerpt":{"rendered":"<p>Jos olet ostamassa invertteri\u00e4, niin t\u00e4ss\u00e4 on tutustumisen arvoinen tarjous! Teemme haluamasi pituiset (30-150 cm) johdot ja laitamme ne mukaan veloituksetta. Ja toki plussajohdossa on sulake (250 A). Valitse haluamasi johtojen pituudet ja mink\u00e4laiset liittimet haluat akkuun kiinnityst\u00e4 varten. T\u00e4m\u00e4n edun arvo on jopa 100,00 eur. Rajoitettu er\u00e4. Hyv\u00e4\u00e4 siniaaltoa tuottava perusinvertteri, jossa on hintaluokassaan [&hellip;]<\/p>\n","protected":false},"featured_media":10842,"template":"","meta":{"jetpack_post_was_ever_published":false,"jetpack_publicize_message":"","jetpack_publicize_feature_enabled":true,"jetpack_social_post_already_shared":true,"jetpack_social_options":{"image_generator_settings":{"template":"highway","default_image_id":0,"font":"","enabled":false},"version":2}},"product_brand":[],"product_cat":[204],"product_tag":[65,102,103,61,100,101,62],"class_list":{"0":"post-10814","1":"product","2":"type-product","3":"status-publish","4":"has-post-thumbnail","6":"product_cat-invertterit-invertterit","7":"product_tag-2000-w","8":"product_tag-asuntoautoon","9":"product_tag-asuntovaunuun","10":"product_tag-invertteri","11":"product_tag-matkailuautoon","12":"product_tag-matkailuvaunuun","13":"product_tag-siniaalto","15":"first","16":"outofstock","17":"sale","18":"taxable","19":"shipping-taxable","20":"purchasable","21":"product-type-simple"},"jetpack_publicize_connections":[],"jetpack_sharing_enabled":true,"_links":{"self":[{"href":"https:\/\/www.valtekno.fi\/kauppa\/wp-json\/wp\/v2\/product\/10814","targetHints":{"allow":["GET"]}}],"collection":[{"href":"https:\/\/www.valtekno.fi\/kauppa\/wp-json\/wp\/v2\/product"}],"about":[{"href":"https:\/\/www.valtekno.fi\/kauppa\/wp-json\/wp\/v2\/types\/product"}],"wp:featuredmedia":[{"embeddable":true,"href":"https:\/\/www.valtekno.fi\/kauppa\/wp-json\/wp\/v2\/media\/10842"}],"wp:attachment":[{"href":"https:\/\/www.valtekno.fi\/kauppa\/wp-json\/wp\/v2\/media?parent=10814"}],"wp:term":[{"taxonomy":"product_brand","embeddable":true,"href":"https:\/\/www.valtekno.fi\/kauppa\/wp-json\/wp\/v2\/product_brand?post=10814"},{"taxonomy":"product_cat","embeddable":true,"href":"https:\/\/www.valtekno.fi\/kauppa\/wp-json\/wp\/v2\/product_cat?post=10814"},{"taxonomy":"product_tag","embeddable":true,"href":"https:\/\/www.valtekno.fi\/kauppa\/wp-json\/wp\/v2\/product_tag?post=10814"}],"curies":[{"name":"wp","href":"https:\/\/api.w.org\/{rel}","templated":true}]}}