{"id":10711,"date":"2024-02-13T08:29:53","date_gmt":"2024-02-13T06:29:53","guid":{"rendered":"https:\/\/www.valtekno.fi\/kauppa\/?post_type=product&#038;p=10711"},"modified":"2026-04-19T14:58:19","modified_gmt":"2026-04-19T11:58:19","slug":"aurinkopaneelin-spoilerikiinnikkeet-670-mm-musta","status":"publish","type":"product","link":"https:\/\/www.valtekno.fi\/kauppa\/tuote\/aurinkopaneelin-spoilerikiinnikkeet-670-mm-musta\/","title":{"rendered":"Aurinko&shy;paneelin spoileri&shy;kiinnikkeet, 670 mm, musta"},"content":{"rendered":"<p>67 cm leveille paneeleille sopivat mustasta ABS-muovista valmistetut kiinnikkeet. Sis\u00e4lt\u00e4\u00e4 2 kpl kiinnikkeit\u00e4.<\/p>\n<p>Nostaa paneelin katosta n. 2,6 cm korkeudelle, joka on t\u00e4rke\u00e4\u00e4 paneelin j\u00e4\u00e4hdytyksen vuoksi. Korkeassa l\u00e4mp\u00f6tilassa paneelin hy\u00f6tysuhde pienenee.<\/p>\n<p>Kiinnitet\u00e4\u00e4n kattoon tarkoitukseen sopivalla liimamassalla. Paneeli kiinnitet\u00e4\u00e4n kiinnikkeeseen <strong>ruuveilla, jotka sis\u00e4ltyv\u00e4t hintaan.<\/strong><\/p>\n<p>Jos paneeli on yli 125 cm pitk\u00e4, niin t\u00e4ll\u00f6in suosittelemme k\u00e4ytt\u00e4m\u00e4\u00e4n lis\u00e4ksi sivukiinnikkeit\u00e4.<\/p>\n","protected":false},"excerpt":{"rendered":"<p>67 cm leveille paneeleille sopivat mustasta ABS-muovista valmistetut kiinnikkeet. Sis\u00e4lt\u00e4\u00e4 2 kpl kiinnikkeit\u00e4. Nostaa paneelin katosta n. 2,6 cm korkeudelle, joka on t\u00e4rke\u00e4\u00e4 paneelin j\u00e4\u00e4hdytyksen vuoksi. Korkeassa l\u00e4mp\u00f6tilassa paneelin hy\u00f6tysuhde pienenee. Kiinnitet\u00e4\u00e4n kattoon tarkoitukseen sopivalla liimamassalla. Paneeli kiinnitet\u00e4\u00e4n kiinnikkeeseen ruuveilla, jotka sis\u00e4ltyv\u00e4t hintaan. Jos paneeli on yli 125 cm pitk\u00e4, niin t\u00e4ll\u00f6in suosittelemme k\u00e4ytt\u00e4m\u00e4\u00e4n lis\u00e4ksi [&hellip;]<\/p>\n","protected":false},"featured_media":10710,"template":"","meta":{"jetpack_post_was_ever_published":false,"jetpack_publicize_message":"","jetpack_publicize_feature_enabled":true,"jetpack_social_post_already_shared":true,"jetpack_social_options":{"image_generator_settings":{"template":"highway","default_image_id":0,"font":"","enabled":false},"version":2}},"product_brand":[],"product_cat":[262,205],"product_tag":[102,103,42,75,100,101,76],"class_list":{"0":"post-10711","1":"product","2":"type-product","3":"status-publish","4":"has-post-thumbnail","6":"product_cat-paneelien-kiinnitys","7":"product_cat-poistot","8":"product_tag-asuntoautoon","9":"product_tag-asuntovaunuun","10":"product_tag-aurinkopaneeli","11":"product_tag-kiinnike","12":"product_tag-matkailuautoon","13":"product_tag-matkailuvaunuun","14":"product_tag-spoilerikiinnike","16":"first","17":"instock","18":"taxable","19":"shipping-taxable","20":"purchasable","21":"product-type-simple"},"bundled_by":[],"bundle_stock_status":"instock","bundle_stock_quantity":3,"bundle_virtual":false,"bundle_layout":"","bundle_add_to_cart_form_location":"","bundle_editable_in_cart":false,"bundle_sold_individually_context":"","bundle_item_grouping":"","bundle_min_size":"","bundle_max_size":"","bundle_price":[],"bundled_items":[],"bundle_sell_ids":[1774,10701,1058],"jetpack_publicize_connections":[],"jetpack_sharing_enabled":true,"_links":{"self":[{"href":"https:\/\/www.valtekno.fi\/kauppa\/wp-json\/wp\/v2\/product\/10711","targetHints":{"allow":["GET"]}}],"collection":[{"href":"https:\/\/www.valtekno.fi\/kauppa\/wp-json\/wp\/v2\/product"}],"about":[{"href":"https:\/\/www.valtekno.fi\/kauppa\/wp-json\/wp\/v2\/types\/product"}],"wp:featuredmedia":[{"embeddable":true,"href":"https:\/\/www.valtekno.fi\/kauppa\/wp-json\/wp\/v2\/media\/10710"}],"wp:attachment":[{"href":"https:\/\/www.valtekno.fi\/kauppa\/wp-json\/wp\/v2\/media?parent=10711"}],"wp:term":[{"taxonomy":"product_brand","embeddable":true,"href":"https:\/\/www.valtekno.fi\/kauppa\/wp-json\/wp\/v2\/product_brand?post=10711"},{"taxonomy":"product_cat","embeddable":true,"href":"https:\/\/www.valtekno.fi\/kauppa\/wp-json\/wp\/v2\/product_cat?post=10711"},{"taxonomy":"product_tag","embeddable":true,"href":"https:\/\/www.valtekno.fi\/kauppa\/wp-json\/wp\/v2\/product_tag?post=10711"}],"curies":[{"name":"wp","href":"https:\/\/api.w.org\/{rel}","templated":true}]}}