{"id":10691,"date":"2024-02-08T13:45:55","date_gmt":"2024-02-08T11:45:55","guid":{"rendered":"https:\/\/www.valtekno.fi\/kauppa\/?post_type=product&#038;p=10691"},"modified":"2026-04-19T14:58:19","modified_gmt":"2026-04-19T11:58:19","slug":"mc4-tyokalu-2","status":"publish","type":"product","link":"https:\/\/www.valtekno.fi\/kauppa\/tuote\/mc4-tyokalu-2\/","title":{"rendered":"MC4 ty\u00f6kalu (NP4 &#038; H4)"},"content":{"rendered":"<p>Ty\u00f6kalu MC4-liittimien kirist\u00e4miseen ja liitoksen avaamiseen. Toimitussis\u00e4lt\u00f6 on pari, eli molemmat tuotekuvassa n\u00e4kyv\u00e4t ty\u00f6kalut.<\/p>\n<p>Soveltuu my\u00f6s NP4 &amp; H4 -liittimille.<\/p>\n","protected":false},"excerpt":{"rendered":"<p>Ty\u00f6kalu MC4-liittimien kirist\u00e4miseen ja liitoksen avaamiseen. Toimitussis\u00e4lt\u00f6 on pari, eli molemmat tuotekuvassa n\u00e4kyv\u00e4t ty\u00f6kalut. Soveltuu my\u00f6s NP4 &amp; H4 -liittimille.<\/p>\n","protected":false},"featured_media":10692,"template":"","meta":{"jetpack_post_was_ever_published":false,"jetpack_publicize_message":"","jetpack_publicize_feature_enabled":true,"jetpack_social_post_already_shared":true,"jetpack_social_options":{"image_generator_settings":{"template":"highway","default_image_id":0,"font":"","enabled":false},"version":2}},"product_brand":[],"product_cat":[264,205],"product_tag":[73,94,56,60],"class_list":{"0":"post-10691","1":"product","2":"type-product","3":"status-publish","4":"has-post-thumbnail","6":"product_cat-johdot-ja-liittimet","7":"product_cat-poistot","8":"product_tag-asennus","9":"product_tag-avain","10":"product_tag-mc4","11":"product_tag-tyokalu","13":"first","14":"instock","15":"taxable","16":"shipping-taxable","17":"purchasable","18":"product-type-simple"},"bundled_by":[],"bundle_stock_status":"instock","bundle_stock_quantity":174,"bundle_virtual":false,"bundle_layout":"","bundle_add_to_cart_form_location":"","bundle_editable_in_cart":false,"bundle_sold_individually_context":"","bundle_item_grouping":"","bundle_min_size":"","bundle_max_size":"","bundle_price":[],"bundled_items":[],"bundle_sell_ids":[],"jetpack_publicize_connections":[],"jetpack_sharing_enabled":true,"_links":{"self":[{"href":"https:\/\/www.valtekno.fi\/kauppa\/wp-json\/wp\/v2\/product\/10691","targetHints":{"allow":["GET"]}}],"collection":[{"href":"https:\/\/www.valtekno.fi\/kauppa\/wp-json\/wp\/v2\/product"}],"about":[{"href":"https:\/\/www.valtekno.fi\/kauppa\/wp-json\/wp\/v2\/types\/product"}],"wp:featuredmedia":[{"embeddable":true,"href":"https:\/\/www.valtekno.fi\/kauppa\/wp-json\/wp\/v2\/media\/10692"}],"wp:attachment":[{"href":"https:\/\/www.valtekno.fi\/kauppa\/wp-json\/wp\/v2\/media?parent=10691"}],"wp:term":[{"taxonomy":"product_brand","embeddable":true,"href":"https:\/\/www.valtekno.fi\/kauppa\/wp-json\/wp\/v2\/product_brand?post=10691"},{"taxonomy":"product_cat","embeddable":true,"href":"https:\/\/www.valtekno.fi\/kauppa\/wp-json\/wp\/v2\/product_cat?post=10691"},{"taxonomy":"product_tag","embeddable":true,"href":"https:\/\/www.valtekno.fi\/kauppa\/wp-json\/wp\/v2\/product_tag?post=10691"}],"curies":[{"name":"wp","href":"https:\/\/api.w.org\/{rel}","templated":true}]}}