{"id":10089,"date":"2023-05-12T12:27:35","date_gmt":"2023-05-12T09:27:35","guid":{"rendered":"https:\/\/www.valtekno.fi\/kauppa\/?post_type=product&#038;p=10089"},"modified":"2026-04-24T15:02:50","modified_gmt":"2026-04-24T12:02:50","slug":"pwm-hp2420","status":"publish","type":"product","link":"https:\/\/www.valtekno.fi\/kauppa\/tuote\/pwm-hp2420\/","title":{"rendered":"Latauss\u00e4\u00e4din,  PWM HP2420, 20 A, 12\/24 V lyijyakuille"},"content":{"rendered":"<p>Edullinen PWM-latauss\u00e4\u00e4din, joka soveltuu pieniin j\u00e4rjestelmiin ja kun halutaan toimiva laite pienell\u00e4 budjetilla.<\/p>\n<p>LCD-n\u00e4ytt\u00f6, josta n\u00e4hd\u00e4\u00e4n: akkuj\u00e4nnite, l\u00e4mp\u00f6tila, vikakoodit ja kuorman kytkent\u00e4tapa. Kuormaliittimiin voidaan kytke\u00e4 esim. valaistus ja sit\u00e4 voidaan ohjata joko manuaalisesti laitteen painikkeesta tai ohjelmoidusti olosuhteiden perusteella.<\/p>\n<p>Laitteen latausparametrit ovat kiinte\u00e4t ja tarkoitettu normaalin lyijyakun lataukseen (ns. vapaa-ajan akku tai vastaava).<\/p>\n<p>USB-liitin esim. puhelimen latausta varten (5 V \/ 1 A).<\/p>\n","protected":false},"excerpt":{"rendered":"<p>Edullinen PWM-latauss\u00e4\u00e4din, joka soveltuu pieniin j\u00e4rjestelmiin ja kun halutaan toimiva laite pienell\u00e4 budjetilla. LCD-n\u00e4ytt\u00f6, josta n\u00e4hd\u00e4\u00e4n: akkuj\u00e4nnite, l\u00e4mp\u00f6tila, vikakoodit ja kuorman kytkent\u00e4tapa. Kuormaliittimiin voidaan kytke\u00e4 esim. valaistus ja sit\u00e4 voidaan ohjata joko manuaalisesti laitteen painikkeesta tai ohjelmoidusti olosuhteiden perusteella. Laitteen latausparametrit ovat kiinte\u00e4t ja tarkoitettu normaalin lyijyakun lataukseen (ns. vapaa-ajan akku tai vastaava). USB-liitin esim. [&hellip;]<\/p>\n","protected":false},"featured_media":10087,"template":"","meta":{"jetpack_post_was_ever_published":false,"jetpack_publicize_message":"","jetpack_publicize_feature_enabled":true,"jetpack_social_post_already_shared":true,"jetpack_social_options":{"image_generator_settings":{"template":"highway","default_image_id":0,"font":"","enabled":false},"version":2}},"product_brand":[],"product_cat":[22,205],"product_tag":[23,160,100,53,52],"class_list":{"0":"post-10089","1":"product","2":"type-product","3":"status-publish","4":"has-post-thumbnail","6":"product_cat-lataussaatimet","7":"product_cat-poistot","8":"product_tag-lataussaadin","9":"product_tag-matkailuauto","10":"product_tag-matkailuautoon","11":"product_tag-pwm","12":"product_tag-saadin","14":"first","15":"instock","16":"taxable","17":"shipping-taxable","18":"purchasable","19":"product-type-simple"},"jetpack_publicize_connections":[],"jetpack_sharing_enabled":true,"_links":{"self":[{"href":"https:\/\/www.valtekno.fi\/kauppa\/wp-json\/wp\/v2\/product\/10089","targetHints":{"allow":["GET"]}}],"collection":[{"href":"https:\/\/www.valtekno.fi\/kauppa\/wp-json\/wp\/v2\/product"}],"about":[{"href":"https:\/\/www.valtekno.fi\/kauppa\/wp-json\/wp\/v2\/types\/product"}],"wp:featuredmedia":[{"embeddable":true,"href":"https:\/\/www.valtekno.fi\/kauppa\/wp-json\/wp\/v2\/media\/10087"}],"wp:attachment":[{"href":"https:\/\/www.valtekno.fi\/kauppa\/wp-json\/wp\/v2\/media?parent=10089"}],"wp:term":[{"taxonomy":"product_brand","embeddable":true,"href":"https:\/\/www.valtekno.fi\/kauppa\/wp-json\/wp\/v2\/product_brand?post=10089"},{"taxonomy":"product_cat","embeddable":true,"href":"https:\/\/www.valtekno.fi\/kauppa\/wp-json\/wp\/v2\/product_cat?post=10089"},{"taxonomy":"product_tag","embeddable":true,"href":"https:\/\/www.valtekno.fi\/kauppa\/wp-json\/wp\/v2\/product_tag?post=10089"}],"curies":[{"name":"wp","href":"https:\/\/api.w.org\/{rel}","templated":true}]}}