{"id":5739,"date":"2021-12-09T13:32:56","date_gmt":"2021-12-09T11:32:56","guid":{"rendered":"https:\/\/www.valtekno.fi\/kauppa\/?page_id=5739"},"modified":"2021-12-09T14:09:25","modified_gmt":"2021-12-09T12:09:25","slug":"uutiset","status":"publish","type":"page","link":"https:\/\/www.valtekno.fi\/kauppa\/uutiset\/","title":{"rendered":"Uutiset"},"content":{"rendered":"\n<p>Julkaisemme uutiskirjeit\u00e4 yrityksemme ajankohtaisista asioista muutaman kerran vuodessa. Uutiskirjeen saat s\u00e4hk\u00f6postiisi liittym\u00e4ll\u00e4 alla postituslistaamme.<\/p>\n\n\n\n\t<div class=\"wp-block-jetpack-mailchimp\" data-blog-id=\"150710598\">\n\t\t<form\n\t\t\taria-describedby=\"wp-block-jetpack-mailchimp_consent-text\"\n\t\t\t\t\t>\n\t\t\t<p>\n\t\t\t\t<input\n\t\t\t\t\taria-label=\"Enter your email\"\n\t\t\t\t\tplaceholder=\"Enter your email\"\n\t\t\t\t\trequired\n\t\t\t\t\ttitle=\"Enter your email\"\n\t\t\t\t\ttype=\"email\"\n\t\t\t\t\tname=\"email\"\n\t\t\t\t\/>\n\t\t\t<\/p>\n\t\t\t\t\t\t\t\t\t\n<div class=\"wp-block-jetpack-button wp-block-button\" style=\"\"><button class=\"wp-block-button__link\" style=\"\" data-id-attr=\"mailchimp-button-block-1\" id=\"mailchimp-button-block-1\" type=\"submit\" data-wp-class--is-submitting=\"state.isSubmitting\" data-wp-bind--aria-disabled=\"state.isAriaDisabled\">Liity postituslistallemme<span class=\"spinner\" aria-hidden=\"true\"><svg width=\"24\" height=\"24\" viewBox=\"0 0 24 24\" xmlns=\"http:\/\/www.w3.org\/2000\/svg\"><path d=\"M12,1A11,11,0,1,0,23,12,11,11,0,0,0,12,1Zm0,19a8,8,0,1,1,8-8A8,8,0,0,1,12,20Z\" opacity=\".25\"\/><path d=\"M10.14,1.16a11,11,0,0,0-9,8.92A1.59,1.59,0,0,0,2.46,12,1.52,1.52,0,0,0,4.11,10.7a8,8,0,0,1,6.66-6.61A1.42,1.42,0,0,0,12,2.69h0A1.57,1.57,0,0,0,10.14,1.16Z\"><animateTransform attributeName=\"transform\" type=\"rotate\" dur=\"0.75s\" values=\"0 12 12;360 12 12\" repeatCount=\"indefinite\"\/><\/path><\/svg><span class=\"is-visually-hidden\">Submitting form<\/span><\/span><\/button><\/div>\n\t\t\t<p id=\"wp-block-jetpack-mailchimp_consent-text\">\n\t\t\t\t<br>T\u00e4st\u00e4 p\u00e4\u00e4set lukemaan julkaistuja uutiskirjeit\u00e4:\t\t\t<\/p>\n\n\t\t\t\n\t\t<\/form>\n\t\t\n\t\t\t<div class=\"wp-block-jetpack-mailchimp_notification wp-block-jetpack-mailchimp_processing\" role=\"status\">\n\t\t\t\tProcessing\u2026\t\t\t<\/div>\n\t\t\t<div class=\"wp-block-jetpack-mailchimp_notification wp-block-jetpack-mailchimp_success\" role=\"status\">\n\t\t\t\tSuccess! You&#039;re on the list.\t\t\t<\/div>\n\t\t\t<div class=\"wp-block-jetpack-mailchimp_notification wp-block-jetpack-mailchimp_error\" role=\"alert\">\n\t\t\t\tWhoops! There was an error and we couldn&#039;t process your subscription. Please reload the page and try again.\t\t\t<\/div>\n\n\t\t\t<\/div>\n\t\n\n<p><style type=\"text\/css\">\n<!--\n.display_archive {font-family: arial,verdana; font-size: 14px;}\n.campaign {line-height: 125%; margin: 5px;}\n\/\/--><br \/>\n<\/style><\/p>\n<p><script language=\"javascript\" src=\"\/\/valtekno.us5.list-manage.com\/generate-js\/?u=2b260abe677a9c4d12326208d&amp;fid=30394&amp;show=10\" type=\"text\/javascript\"><\/script><\/p>\n\n\n<p><\/p>\n\n\n\n<p><\/p>\n","protected":false},"excerpt":{"rendered":"<p>Julkaisemme uutiskirjeit\u00e4 yrityksemme ajankohtaisista asioista muutaman kerran vuodessa. Uutiskirjeen saat s\u00e4hk\u00f6postiisi liittym\u00e4ll\u00e4 alla postituslistaamme.<\/p>\n","protected":false},"author":1,"featured_media":0,"parent":0,"menu_order":0,"comment_status":"closed","ping_status":"closed","template":"","meta":{"jetpack_post_was_ever_published":false,"footnotes":""},"class_list":["post-5739","page","type-page","status-publish","hentry"],"jetpack_sharing_enabled":true,"jetpack_shortlink":"https:\/\/wp.me\/PacmI6-1uz","_links":{"self":[{"href":"https:\/\/www.valtekno.fi\/kauppa\/wp-json\/wp\/v2\/pages\/5739","targetHints":{"allow":["GET"]}}],"collection":[{"href":"https:\/\/www.valtekno.fi\/kauppa\/wp-json\/wp\/v2\/pages"}],"about":[{"href":"https:\/\/www.valtekno.fi\/kauppa\/wp-json\/wp\/v2\/types\/page"}],"author":[{"embeddable":true,"href":"https:\/\/www.valtekno.fi\/kauppa\/wp-json\/wp\/v2\/users\/1"}],"replies":[{"embeddable":true,"href":"https:\/\/www.valtekno.fi\/kauppa\/wp-json\/wp\/v2\/comments?post=5739"}],"version-history":[{"count":6,"href":"https:\/\/www.valtekno.fi\/kauppa\/wp-json\/wp\/v2\/pages\/5739\/revisions"}],"predecessor-version":[{"id":6557,"href":"https:\/\/www.valtekno.fi\/kauppa\/wp-json\/wp\/v2\/pages\/5739\/revisions\/6557"}],"wp:attachment":[{"href":"https:\/\/www.valtekno.fi\/kauppa\/wp-json\/wp\/v2\/media?parent=5739"}],"curies":[{"name":"wp","href":"https:\/\/api.w.org\/{rel}","templated":true}]}}