{"id":558,"date":"2018-12-02T21:19:30","date_gmt":"2018-12-02T19:19:30","guid":{"rendered":"https:\/\/www.valtekno.fi\/kauppa\/?page_id=558"},"modified":"2023-07-25T08:05:40","modified_gmt":"2023-07-25T05:05:40","slug":"tietoa-meista","status":"publish","type":"page","link":"https:\/\/www.valtekno.fi\/kauppa\/tietoa-meista\/","title":{"rendered":"Tietoa Meist\u00e4"},"content":{"rendered":"<p>Valtekno Oy on perustettu vuonna 2011 ja verkkokauppatoiminta k\u00e4ynnistettiin vuonna 2019.<\/p>\n<p>Tavoitteenamme on tarjota mahdollisimman laadukkaita tuotteita eri hintaluokissa. Tutustumme myymiimme tuotteisiin perusteellisesti ja toimitamme tuotteiden mukana suomenkieliset k\u00e4ytt\u00f6ohjeet. Tuotteillamme on 1-3 vuoden takuu ja pyrimme aina toimittamaan mahdollisimman nopeasti uuden laitteen viallisen tilalle.<\/p>\n<p>T\u00e4ll\u00e4 videolla kerromme syksyll\u00e4 2021 tehdyn asiakastyytyv\u00e4isyyskyselyn tuloksista:<\/p>\n<p><span class=\"embed-youtube\" style=\"text-align:center; display: block;\"><iframe loading=\"lazy\" class=\"youtube-player\" width=\"980\" height=\"552\" src=\"https:\/\/www.youtube.com\/embed\/rVWsyxP_d4A?version=3&#038;rel=1&#038;showsearch=0&#038;showinfo=1&#038;iv_load_policy=1&#038;fs=1&#038;hl=fi&#038;autohide=2&#038;wmode=transparent\" allowfullscreen=\"true\" style=\"border:0;\" sandbox=\"allow-scripts allow-same-origin allow-popups allow-presentation allow-popups-to-escape-sandbox\"><\/iframe><\/span><\/p>\n<p>T\u00e4ll\u00e4 videolla esittelemme toimintamme periaatteita:<\/p>\n<p><span class=\"embed-youtube\" style=\"text-align:center; display: block;\"><iframe loading=\"lazy\" class=\"youtube-player\" width=\"980\" height=\"552\" src=\"https:\/\/www.youtube.com\/embed\/GmQeo-Eoba8?version=3&#038;rel=1&#038;showsearch=0&#038;showinfo=1&#038;iv_load_policy=1&#038;fs=1&#038;hl=fi&#038;autohide=2&#038;wmode=transparent\" allowfullscreen=\"true\" style=\"border:0;\" sandbox=\"allow-scripts allow-same-origin allow-popups allow-presentation allow-popups-to-escape-sandbox\"><\/iframe><\/span><\/p>\n<p>Yhteisty\u00f6kumppaneitamme ovat:<\/p>\n<p style=\"text-align: center;\">Visma Pay &#8211; Verkkomaksuv\u00e4litt\u00e4j\u00e4<\/p>\n<p><img data-recalc-dims=\"1\" loading=\"lazy\" decoding=\"async\" class=\"size-medium wp-image-10355 aligncenter\" src=\"https:\/\/i0.wp.com\/www.valtekno.fi\/kauppa\/wp-content\/uploads\/Ikonit\/visma-pay_logo_v%E2%80%9Erillinen-e1690261119207-300x70.png?resize=300%2C70&#038;ssl=1\" alt=\"\" width=\"300\" height=\"70\" srcset=\"https:\/\/i0.wp.com\/www.valtekno.fi\/kauppa\/wp-content\/uploads\/Ikonit\/visma-pay_logo_v%E2%80%9Erillinen-e1690261119207.png?resize=300%2C70&amp;ssl=1 300w, https:\/\/i0.wp.com\/www.valtekno.fi\/kauppa\/wp-content\/uploads\/Ikonit\/visma-pay_logo_v%E2%80%9Erillinen-e1690261119207.png?resize=462%2C108&amp;ssl=1 462w, https:\/\/i0.wp.com\/www.valtekno.fi\/kauppa\/wp-content\/uploads\/Ikonit\/visma-pay_logo_v%E2%80%9Erillinen-e1690261119207.png?w=517&amp;ssl=1 517w\" sizes=\"auto, (max-width: 300px) 100vw, 300px\" \/><\/p>\n<p style=\"text-align: center;\">Posti &#8211; Kuljetuspalvelut<img decoding=\"async\" class=\"aligncenter\" src=\"https:\/\/www.posti.fi\/img\/logo_orange.svg\" alt=\"Posti\" \/><\/p>\n<p style=\"text-align: center;\">Matkahuolto &#8211; Kuljetuspalvelut<img data-recalc-dims=\"1\" loading=\"lazy\" decoding=\"async\" class=\" wp-image-973 aligncenter\" src=\"https:\/\/i0.wp.com\/www.valtekno.fi\/kauppa\/wp-content\/uploads\/Ikonit\/logo_Matkahuolto.jpg?resize=153%2C100&#038;ssl=1\" alt=\"\" width=\"153\" height=\"100\" srcset=\"https:\/\/i0.wp.com\/www.valtekno.fi\/kauppa\/wp-content\/uploads\/Ikonit\/logo_Matkahuolto.jpg?resize=300%2C196&amp;ssl=1 300w, https:\/\/i0.wp.com\/www.valtekno.fi\/kauppa\/wp-content\/uploads\/Ikonit\/logo_Matkahuolto.jpg?resize=462%2C302&amp;ssl=1 462w, https:\/\/i0.wp.com\/www.valtekno.fi\/kauppa\/wp-content\/uploads\/Ikonit\/logo_Matkahuolto.jpg?w=530&amp;ssl=1 530w\" sizes=\"auto, (max-width: 153px) 100vw, 153px\" \/><\/p>\n<p style=\"text-align: center;\">IVT Innovative Versorgungstechnik GmbH &#8211; Saksalainen tavarantoimittajamme<img data-recalc-dims=\"1\" loading=\"lazy\" decoding=\"async\" class=\"size-full wp-image-1116 aligncenter\" src=\"https:\/\/i0.wp.com\/www.valtekno.fi\/kauppa\/wp-content\/uploads\/Ikonit\/IVT.jpg?resize=174%2C70&#038;ssl=1\" alt=\"\" width=\"174\" height=\"70\" \/><\/p>\n\n\n<p class=\"has-text-align-center\">Kotikuntamme<\/p>\n\n\n<div class=\"wp-block-image\">\n<figure class=\"aligncenter size-full\"><a href=\"https:\/\/www.luumaki.fi\/\" target=\"_blank\" rel=\"noopener\"><img data-recalc-dims=\"1\" loading=\"lazy\" decoding=\"async\" width=\"241\" height=\"209\" src=\"https:\/\/i0.wp.com\/www.valtekno.fi\/kauppa\/wp-content\/uploads\/Ikonit\/Luumaki-Kylahyvanen.png?resize=241%2C209&#038;ssl=1\" alt=\"Luum\u00e4ki - Kyl\u00e4hyv\u00e4nen\" class=\"wp-image-5295\"\/><\/a><\/figure>\n<\/div>\n\n\n<div class=\"wp-block-media-text\" style=\"grid-template-columns:19% auto\"><figure class=\"wp-block-media-text__media\"><img data-recalc-dims=\"1\" loading=\"lazy\" decoding=\"async\" width=\"980\" height=\"980\" src=\"https:\/\/i0.wp.com\/www.valtekno.fi\/kauppa\/wp-content\/uploads\/Ikonit\/IMG_20160908_131944.jpg?resize=980%2C980&#038;ssl=1\" alt=\"\" class=\"wp-image-231 size-full\" srcset=\"https:\/\/i0.wp.com\/www.valtekno.fi\/kauppa\/wp-content\/uploads\/Ikonit\/IMG_20160908_131944.jpg?resize=1024%2C1024&amp;ssl=1 1024w, https:\/\/i0.wp.com\/www.valtekno.fi\/kauppa\/wp-content\/uploads\/Ikonit\/IMG_20160908_131944.jpg?resize=150%2C150&amp;ssl=1 150w, https:\/\/i0.wp.com\/www.valtekno.fi\/kauppa\/wp-content\/uploads\/Ikonit\/IMG_20160908_131944.jpg?resize=300%2C300&amp;ssl=1 300w, https:\/\/i0.wp.com\/www.valtekno.fi\/kauppa\/wp-content\/uploads\/Ikonit\/IMG_20160908_131944.jpg?resize=768%2C768&amp;ssl=1 768w, https:\/\/i0.wp.com\/www.valtekno.fi\/kauppa\/wp-content\/uploads\/Ikonit\/IMG_20160908_131944.jpg?resize=358%2C358&amp;ssl=1 358w, https:\/\/i0.wp.com\/www.valtekno.fi\/kauppa\/wp-content\/uploads\/Ikonit\/IMG_20160908_131944.jpg?resize=462%2C462&amp;ssl=1 462w, https:\/\/i0.wp.com\/www.valtekno.fi\/kauppa\/wp-content\/uploads\/Ikonit\/IMG_20160908_131944.jpg?resize=100%2C100&amp;ssl=1 100w, https:\/\/i0.wp.com\/www.valtekno.fi\/kauppa\/wp-content\/uploads\/Ikonit\/IMG_20160908_131944.jpg?w=1960&amp;ssl=1 1960w\" sizes=\"auto, (max-width: 980px) 100vw, 980px\" \/><\/figure><div class=\"wp-block-media-text__content\">\n<p>  <\/p>\n\n\n\n<p class=\"has-text-align-left has-very-dark-gray-color has-text-color has-medium-font-size\"><strong><em>Parempaa matkaa Teille!<\/em><\/strong><\/p>\n\n\n\n<p class=\"has-very-dark-gray-color has-text-color has-medium-font-size\"><em>Tero Valtonen<\/em><\/p>\n\n\n\n<p><\/p>\n<\/div><\/div>\n\n\n\n<p><\/p>\n\n\n\n<p> <\/p>\n\n\n\n<p> <\/p>\n\n\n\n<p> <\/p>\n","protected":false},"excerpt":{"rendered":"<p>Valtekno Oy on perustettu vuonna 2011 ja verkkokauppatoiminta k\u00e4ynnistettiin vuonna 2019. Tavoitteenamme on tarjota mahdollisimman laadukkaita tuotteita eri hintaluokissa. Tutustumme myymiimme tuotteisiin perusteellisesti ja toimitamme tuotteiden mukana suomenkieliset k\u00e4ytt\u00f6ohjeet. Tuotteillamme on 1-3 vuoden takuu ja pyrimme aina toimittamaan mahdollisimman nopeasti uuden laitteen viallisen tilalle. T\u00e4ll\u00e4 videolla kerromme syksyll\u00e4 2021 tehdyn asiakastyytyv\u00e4isyyskyselyn tuloksista: T\u00e4ll\u00e4 videolla esittelemme [&hellip;]<\/p>\n","protected":false},"author":1,"featured_media":0,"parent":0,"menu_order":0,"comment_status":"closed","ping_status":"closed","template":"","meta":{"jetpack_post_was_ever_published":false,"footnotes":""},"class_list":["post-558","page","type-page","status-publish","hentry"],"jetpack_sharing_enabled":true,"jetpack_shortlink":"https:\/\/wp.me\/PacmI6-90","_links":{"self":[{"href":"https:\/\/www.valtekno.fi\/kauppa\/wp-json\/wp\/v2\/pages\/558","targetHints":{"allow":["GET"]}}],"collection":[{"href":"https:\/\/www.valtekno.fi\/kauppa\/wp-json\/wp\/v2\/pages"}],"about":[{"href":"https:\/\/www.valtekno.fi\/kauppa\/wp-json\/wp\/v2\/types\/page"}],"author":[{"embeddable":true,"href":"https:\/\/www.valtekno.fi\/kauppa\/wp-json\/wp\/v2\/users\/1"}],"replies":[{"embeddable":true,"href":"https:\/\/www.valtekno.fi\/kauppa\/wp-json\/wp\/v2\/comments?post=558"}],"version-history":[{"count":30,"href":"https:\/\/www.valtekno.fi\/kauppa\/wp-json\/wp\/v2\/pages\/558\/revisions"}],"predecessor-version":[{"id":10360,"href":"https:\/\/www.valtekno.fi\/kauppa\/wp-json\/wp\/v2\/pages\/558\/revisions\/10360"}],"wp:attachment":[{"href":"https:\/\/www.valtekno.fi\/kauppa\/wp-json\/wp\/v2\/media?parent=558"}],"curies":[{"name":"wp","href":"https:\/\/api.w.org\/{rel}","templated":true}]}}